{"id":10158,"date":"2016-11-07T13:12:11","date_gmt":"2016-11-07T13:12:11","guid":{"rendered":"http:\/\/kvenrettindafelag.is\/?page_id=10158"},"modified":"2021-11-25T13:40:51","modified_gmt":"2021-11-25T13:40:51","slug":"womens-day-off","status":"publish","type":"page","link":"https:\/\/kvenrettindafelag.is\/en\/resources\/womens-day-off\/","title":{"rendered":"Women&#8217;s Day Off"},"content":{"rendered":"<p><img decoding=\"async\" class=\"lazyload alignnone wp-image-10161\" src=\"https:\/\/kvenrettindafelag.is\/wp-content\/uploads\/2016\/11\/krfibannere_web.jpg\" data-orig-src=\"https:\/\/kvenrettindafelag.is\/wp-content\/uploads\/2016\/11\/krfibannere_web.jpg\" alt=\"krfibannere_web\" width=\"1000\" height=\"377\" srcset=\"data:image\/svg+xml,%3Csvg%20xmlns%3D%27http%3A%2F%2Fwww.w3.org%2F2000%2Fsvg%27%20width%3D%271000%27%20height%3D%27377%27%20viewBox%3D%270%200%201000%20377%27%3E%3Crect%20width%3D%271000%27%20height%3D%27377%27%20fill-opacity%3D%220%22%2F%3E%3C%2Fsvg%3E\" data-srcset=\"https:\/\/kvenrettindafelag.is\/wp-content\/uploads\/2016\/11\/krfibannere_web-150x57.jpg 150w, https:\/\/kvenrettindafelag.is\/wp-content\/uploads\/2016\/11\/krfibannere_web-300x113.jpg 300w, https:\/\/kvenrettindafelag.is\/wp-content\/uploads\/2016\/11\/krfibannere_web.jpg 600w\" data-sizes=\"auto\" data-orig-sizes=\"(max-width: 1000px) 100vw, 1000px\" \/><\/p>\n<p>Women in Iceland have gone on a strike six times to protest gender inequality and the gender pay gap.<\/p>\n<p>On October 24th, <strong>1975<\/strong>, 90% of women in Iceland left work, to demonstrate the importance of women\u2018s contribution to society. This day was popularly called &#8220;kvennafr\u00ed&#8221;, or Women&#8217;s Day Off. In <strong>1985<\/strong>, 25.000 women left their work again, to protest income inequality.<\/p>\n<p>In <strong>2005<\/strong>, Icelandic women celebrated Women&#8217;s Day Off for the third time, and tens of thousands of women left work the minute they stopped getting paid, at 2:08 p.m. In <strong>2010<\/strong> women in Iceland again left work, this time at 2:25 p.m.\u00a0In <strong>2016<\/strong>, Icelandic women left work at 2.38 p.m., and in <strong>2018<\/strong>, women left work at 2:55 p.m.<\/p>\n<ul>\n<li><strong><a href=\"http:\/\/kvennafri.is\/\">www.kvennafri.is<\/a><\/strong><br \/>\nThe official website of Kvennafr\u00ed, the women&#8217;s day off protests in Iceland. Information in English, including a link to raw video footage taken during the protests of 2016, free to use with attribution.<\/li>\n<\/ul>\n<ul>\n<li><strong><a href=\"http:\/\/kvennafri.is\/\">The day the children came to the offices<\/a><\/strong><br \/>\nAn article about the women&#8217;s day off in 1975. Written by Else Mia Einarsd\u00f3ttir, a co-founder of the Women&#8217;s History Archieves in Iceland and chair of the Women\u00b4s Commemorative Fund and by. Ger\u00f0ur Stein\u00fe\u00f3rsd\u00f3ttir, a member of the Executive Committee for the Women&#8217;s Day Off in 1975.<\/li>\n<\/ul>\n<ul>\n<li><strong><a href=\"http:\/\/www.dw.com\/en\/gender-pay-gap-icelandic-women-take-a-stand\/a-36166808\">Gender Pay Gap: Icelandic Women Take a Stand<\/a><\/strong>. Vera Kern.\u00a0<em>Deutsche Welle, <\/em>Germany. 2016.<\/li>\n<\/ul>\n<ul>\n<li><strong><a href=\"http:\/\/www.independent.co.uk\/news\/world\/europe\/iceland-women-protest-strike-gender-pay-gap-leave-work-early-a7378801.html#gallery\">Iceland Women&#8217;s Leave Work at 2.38pm to Protest Gender Pay Gap<\/a><\/strong>. Charlotte England. <em>The Independent<\/em>, United Kingdom. 2016.<\/li>\n<\/ul>\n<ul>\n<li><strong><a href=\"https:\/\/libcom.org\/history\/iceland-women%E2%80%99s-strike-1975\">The Iceland Women&#8217;s Strike, 1975<\/a><\/strong>. <em>Libcom.org<\/em>. 2016.<\/li>\n<\/ul>\n<ul>\n<li class=\"author\"><strong><a href=\"http:\/\/www.ctvnews.ca\/world\/why-thousands-of-icelandic-women-left-work-at-2-38-p-m-1.3132246\">Why Thousands of Icelandic Women Left Work at 2.38 pm<\/a><\/strong>. Josh Elliott.\u00a0<em>CTV News, <\/em>Canada. 2016.<\/li>\n<\/ul>\n<ul>\n<li><strong><a href=\"https:\/\/www.upworthy.com\/why-thousands-of-women-in-iceland-walked-off-the-job-at-238-pm?c=pop\">Why Thousands of Women in Iceland Walked Off the Job at 2.38pm<\/a><\/strong>. Eric March. <em>UpWorthy<\/em>, New York. 2016.<\/li>\n<\/ul>\n<p><strong>VIDEO<\/strong><\/p>\n<ul>\n<li><strong><a href=\"https:\/\/youtu.be\/lV3_3lSfX60\">Income Equality Now! Women in Iceland Walk Out. #Kvennafr\u00ed 2016<\/a><\/strong>. Kvenr\u00e9ttindaf\u00e9lag \u00cdslands. 2016. A short film by Lea \u00c6varsd\u00f3ttir depicting a mass demonstration for gender equality in Iceland in 2016.<\/li>\n<\/ul>\n<ul>\n<li><strong><a href=\"https:\/\/vimeo.com\/141731463\">Women in Red Stockings<\/a><\/strong>. Halla Krist\u00edn Einarsd\u00f3ttir. 2009. A documentary about the Red Stocking movement in Iceland 1970 &#8211; 1980, including the famous Women&#8217;s Day Off in 1975. Subtitles in English.<\/li>\n<\/ul>\n<ul>\n<li><strong><a href=\"https:\/\/vimeo.com\/28645451\" target=\"_blank\" rel=\"noopener noreferrer\">Women&#8217;s Day Off &#8211; Reykjav\u00edk 2010<\/a><\/strong>. Halla Krist\u00edn Einarsd\u00f3ttir. 2010. A short film by Halla Krist\u00edn Einarsd\u00f3ttir depicting a mass demonstration for gender equality in Iceland in 2010.<\/li>\n<\/ul>\n<ul>\n<li><a href=\"https:\/\/www.facebook.com\/plugins\/video.php?href=https%3A%2F%2Fwww.facebook.com%2Fkvennafri%2Fvideos%2F541632852627954%2F&amp;\"><strong>Kvennafr\u00ed 1975<\/strong><\/a>. Hrafnhildur Gunnarsd\u00f3ttir. 2015. A short film by Hrafnhildur Gunnarsd\u00f3ttir about the original women&#8217;s day off in 1975.<\/li>\n<\/ul>\n<ul>\n<li><strong><a href=\"https:\/\/www.facebook.com\/mbl.is\/videos\/10154560994599536\/\">Women&#8217;s Strike 2016<\/a><\/strong>. Video from the Facebook Page of Mbl.is.<strong><br \/>\n<\/strong><\/li>\n<\/ul>\n<div style=\"display: none;\"><a href=\"https:\/\/123sex.top\" title=\"xvideos\">xvideos<\/a><br \/>\n<a href=\"https:\/\/123videos.top\" title=\"Brazzer\">Brazzer<\/a><br \/>\n<a href=\"https:\/\/sexxx.top\" title=\"xnxx\">xnxx<\/a><br \/>\n<a href=\"https:\/\/xhamsterxxl.com\" title=\"xhamster\">xhamster<\/a><br \/>\n<a href=\"https:\/\/pornx3.com\" title=\"porn\">porn<\/a><br \/>\n<a href=\"https:\/\/xnxx1x.com\" title=\"xnxx\">xnxx<\/a><br \/>\n<a href=\"https:\/\/3sxxx.com\" title=\"xxx\">xxx<\/a><br \/>\n<a href=\"https:\/\/tiktokdown.org\" title=\"tiktok download\">tiktok download<\/a><br \/>\n<a href=\"https:\/\/mp3play.net\" title=\"mp3 download\">mp3 download<\/a><br \/>\n<a href=\"https:\/\/mp3play.online\" title=\"MP3 download\">MP3 download<\/a><br \/>\n<a href=\"https:\/\/xvideospor.com\/?k=jav+Sex\" title=\"jav Sex\">jav Sex<\/a><br \/>\n<a href=\"https:\/\/mp3play.net\" title=\"Download Mp3\">Download Mp3<\/a><br \/>\n<a href=\"https:\/\/123videos.top\/?k=motel\" title=\"\"><\/a><br \/>\n<a href=\"https:\/\/mp3play.online\" title=\"Free MP3\">Free MP3<\/a><br \/>\n<a href=\"https:\/\/123videos.top\/?k=big+dildo\" title=\"\"><\/a>\n<\/div><\/p>\n","protected":false},"excerpt":{"rendered":"<p>Women in Iceland have gone on a strike six times to protest gender inequality and the gender<\/p>\n","protected":false},"author":5,"featured_media":0,"parent":9535,"menu_order":0,"comment_status":"closed","ping_status":"closed","template":"","meta":{"footnotes":""},"class_list":["post-10158","page","type-page","status-publish","hentry"],"yoast_head":"<!-- This site is optimized with the Yoast SEO plugin v26.6 - https:\/\/yoast.com\/wordpress\/plugins\/seo\/ -->\n<title>Women&#039;s Day Off - Kvenr\u00e9ttindaf\u00e9lag \u00cdslands<\/title>\n<meta name=\"robots\" content=\"index, follow, max-snippet:-1, max-image-preview:large, max-video-preview:-1\" \/>\n<link rel=\"canonical\" href=\"https:\/\/kvenrettindafelag.is\/en\/resources\/womens-day-off\/\" \/>\n<meta property=\"og:locale\" content=\"en_US\" \/>\n<meta property=\"og:type\" content=\"article\" \/>\n<meta property=\"og:title\" content=\"Women&#039;s Day Off - Kvenr\u00e9ttindaf\u00e9lag \u00cdslands\" \/>\n<meta property=\"og:description\" content=\"Women in Iceland have gone on a strike six times to protest gender inequality and the gender\" \/>\n<meta property=\"og:url\" content=\"https:\/\/kvenrettindafelag.is\/en\/resources\/womens-day-off\/\" \/>\n<meta property=\"og:site_name\" content=\"Kvenr\u00e9ttindaf\u00e9lag \u00cdslands\" \/>\n<meta property=\"article:publisher\" content=\"https:\/\/www.facebook.com\/kvenrettindafelag\" \/>\n<meta property=\"article:modified_time\" content=\"2021-11-25T13:40:51+00:00\" \/>\n<meta property=\"og:image\" content=\"https:\/\/kvenrettindafelag.is\/wp-content\/uploads\/2016\/11\/krfibannere_web.jpg\" \/>\n<meta name=\"twitter:card\" content=\"summary_large_image\" \/>\n<meta name=\"twitter:site\" content=\"@kvenrett\" \/>\n<meta name=\"twitter:label1\" content=\"Est. reading time\" \/>\n\t<meta name=\"twitter:data1\" content=\"2 minutes\" \/>\n<script type=\"application\/ld+json\" class=\"yoast-schema-graph\">{\"@context\":\"https:\/\/schema.org\",\"@graph\":[{\"@type\":\"WebPage\",\"@id\":\"https:\/\/kvenrettindafelag.is\/en\/resources\/womens-day-off\/\",\"url\":\"https:\/\/kvenrettindafelag.is\/en\/resources\/womens-day-off\/\",\"name\":\"Women's Day Off - Kvenr\u00e9ttindaf\u00e9lag \u00cdslands\",\"isPartOf\":{\"@id\":\"https:\/\/kvenrettindafelag.is\/en\/#website\"},\"primaryImageOfPage\":{\"@id\":\"https:\/\/kvenrettindafelag.is\/en\/resources\/womens-day-off\/#primaryimage\"},\"image\":{\"@id\":\"https:\/\/kvenrettindafelag.is\/en\/resources\/womens-day-off\/#primaryimage\"},\"thumbnailUrl\":\"https:\/\/kvenrettindafelag.is\/wp-content\/uploads\/2016\/11\/krfibannere_web.jpg\",\"datePublished\":\"2016-11-07T13:12:11+00:00\",\"dateModified\":\"2021-11-25T13:40:51+00:00\",\"breadcrumb\":{\"@id\":\"https:\/\/kvenrettindafelag.is\/en\/resources\/womens-day-off\/#breadcrumb\"},\"inLanguage\":\"en-US\",\"potentialAction\":[{\"@type\":\"ReadAction\",\"target\":[\"https:\/\/kvenrettindafelag.is\/en\/resources\/womens-day-off\/\"]}]},{\"@type\":\"ImageObject\",\"inLanguage\":\"en-US\",\"@id\":\"https:\/\/kvenrettindafelag.is\/en\/resources\/womens-day-off\/#primaryimage\",\"url\":\"https:\/\/kvenrettindafelag.is\/wp-content\/uploads\/2016\/11\/krfibannere_web.jpg\",\"contentUrl\":\"https:\/\/kvenrettindafelag.is\/wp-content\/uploads\/2016\/11\/krfibannere_web.jpg\"},{\"@type\":\"BreadcrumbList\",\"@id\":\"https:\/\/kvenrettindafelag.is\/en\/resources\/womens-day-off\/#breadcrumb\",\"itemListElement\":[{\"@type\":\"ListItem\",\"position\":1,\"name\":\"Home\",\"item\":\"https:\/\/kvenrettindafelag.is\/en\/kvenrettindafelag-islands\/\"},{\"@type\":\"ListItem\",\"position\":2,\"name\":\"Resources on Gender Equality in Iceland\",\"item\":\"https:\/\/kvenrettindafelag.is\/en\/resources\/\"},{\"@type\":\"ListItem\",\"position\":3,\"name\":\"Women&#8217;s Day Off\"}]},{\"@type\":\"WebSite\",\"@id\":\"https:\/\/kvenrettindafelag.is\/en\/#website\",\"url\":\"https:\/\/kvenrettindafelag.is\/en\/\",\"name\":\"Kvenr\u00e9ttindaf\u00e9lag \u00cdslands\",\"description\":\"\",\"publisher\":{\"@id\":\"https:\/\/kvenrettindafelag.is\/en\/#organization\"},\"potentialAction\":[{\"@type\":\"SearchAction\",\"target\":{\"@type\":\"EntryPoint\",\"urlTemplate\":\"https:\/\/kvenrettindafelag.is\/en\/?s={search_term_string}\"},\"query-input\":{\"@type\":\"PropertyValueSpecification\",\"valueRequired\":true,\"valueName\":\"search_term_string\"}}],\"inLanguage\":\"en-US\"},{\"@type\":\"Organization\",\"@id\":\"https:\/\/kvenrettindafelag.is\/en\/#organization\",\"name\":\"Kvenr\u00e9ttindaf\u00e9lag \u00cdslands\",\"url\":\"https:\/\/kvenrettindafelag.is\/en\/\",\"logo\":{\"@type\":\"ImageObject\",\"inLanguage\":\"en-US\",\"@id\":\"https:\/\/kvenrettindafelag.is\/en\/#\/schema\/logo\/image\/\",\"url\":\"https:\/\/kvenrettindafelag.is\/wp-content\/uploads\/2016\/11\/logo_krfi_2015.png\",\"contentUrl\":\"https:\/\/kvenrettindafelag.is\/wp-content\/uploads\/2016\/11\/logo_krfi_2015.png\",\"width\":400,\"height\":400,\"caption\":\"Kvenr\u00e9ttindaf\u00e9lag \u00cdslands\"},\"image\":{\"@id\":\"https:\/\/kvenrettindafelag.is\/en\/#\/schema\/logo\/image\/\"},\"sameAs\":[\"https:\/\/www.facebook.com\/kvenrettindafelag\",\"https:\/\/x.com\/kvenrett\",\"https:\/\/www.instagram.com\/kvenrett\/\"]}]}<\/script>\n<!-- \/ Yoast SEO plugin. -->","yoast_head_json":{"title":"Women's Day Off - Kvenr\u00e9ttindaf\u00e9lag \u00cdslands","robots":{"index":"index","follow":"follow","max-snippet":"max-snippet:-1","max-image-preview":"max-image-preview:large","max-video-preview":"max-video-preview:-1"},"canonical":"https:\/\/kvenrettindafelag.is\/en\/resources\/womens-day-off\/","og_locale":"en_US","og_type":"article","og_title":"Women's Day Off - Kvenr\u00e9ttindaf\u00e9lag \u00cdslands","og_description":"Women in Iceland have gone on a strike six times to protest gender inequality and the gender","og_url":"https:\/\/kvenrettindafelag.is\/en\/resources\/womens-day-off\/","og_site_name":"Kvenr\u00e9ttindaf\u00e9lag \u00cdslands","article_publisher":"https:\/\/www.facebook.com\/kvenrettindafelag","article_modified_time":"2021-11-25T13:40:51+00:00","og_image":[{"url":"https:\/\/kvenrettindafelag.is\/wp-content\/uploads\/2016\/11\/krfibannere_web.jpg","type":"","width":"","height":""}],"twitter_card":"summary_large_image","twitter_site":"@kvenrett","twitter_misc":{"Est. reading time":"2 minutes"},"schema":{"@context":"https:\/\/schema.org","@graph":[{"@type":"WebPage","@id":"https:\/\/kvenrettindafelag.is\/en\/resources\/womens-day-off\/","url":"https:\/\/kvenrettindafelag.is\/en\/resources\/womens-day-off\/","name":"Women's Day Off - Kvenr\u00e9ttindaf\u00e9lag \u00cdslands","isPartOf":{"@id":"https:\/\/kvenrettindafelag.is\/en\/#website"},"primaryImageOfPage":{"@id":"https:\/\/kvenrettindafelag.is\/en\/resources\/womens-day-off\/#primaryimage"},"image":{"@id":"https:\/\/kvenrettindafelag.is\/en\/resources\/womens-day-off\/#primaryimage"},"thumbnailUrl":"https:\/\/kvenrettindafelag.is\/wp-content\/uploads\/2016\/11\/krfibannere_web.jpg","datePublished":"2016-11-07T13:12:11+00:00","dateModified":"2021-11-25T13:40:51+00:00","breadcrumb":{"@id":"https:\/\/kvenrettindafelag.is\/en\/resources\/womens-day-off\/#breadcrumb"},"inLanguage":"en-US","potentialAction":[{"@type":"ReadAction","target":["https:\/\/kvenrettindafelag.is\/en\/resources\/womens-day-off\/"]}]},{"@type":"ImageObject","inLanguage":"en-US","@id":"https:\/\/kvenrettindafelag.is\/en\/resources\/womens-day-off\/#primaryimage","url":"https:\/\/kvenrettindafelag.is\/wp-content\/uploads\/2016\/11\/krfibannere_web.jpg","contentUrl":"https:\/\/kvenrettindafelag.is\/wp-content\/uploads\/2016\/11\/krfibannere_web.jpg"},{"@type":"BreadcrumbList","@id":"https:\/\/kvenrettindafelag.is\/en\/resources\/womens-day-off\/#breadcrumb","itemListElement":[{"@type":"ListItem","position":1,"name":"Home","item":"https:\/\/kvenrettindafelag.is\/en\/kvenrettindafelag-islands\/"},{"@type":"ListItem","position":2,"name":"Resources on Gender Equality in Iceland","item":"https:\/\/kvenrettindafelag.is\/en\/resources\/"},{"@type":"ListItem","position":3,"name":"Women&#8217;s Day Off"}]},{"@type":"WebSite","@id":"https:\/\/kvenrettindafelag.is\/en\/#website","url":"https:\/\/kvenrettindafelag.is\/en\/","name":"Kvenr\u00e9ttindaf\u00e9lag \u00cdslands","description":"","publisher":{"@id":"https:\/\/kvenrettindafelag.is\/en\/#organization"},"potentialAction":[{"@type":"SearchAction","target":{"@type":"EntryPoint","urlTemplate":"https:\/\/kvenrettindafelag.is\/en\/?s={search_term_string}"},"query-input":{"@type":"PropertyValueSpecification","valueRequired":true,"valueName":"search_term_string"}}],"inLanguage":"en-US"},{"@type":"Organization","@id":"https:\/\/kvenrettindafelag.is\/en\/#organization","name":"Kvenr\u00e9ttindaf\u00e9lag \u00cdslands","url":"https:\/\/kvenrettindafelag.is\/en\/","logo":{"@type":"ImageObject","inLanguage":"en-US","@id":"https:\/\/kvenrettindafelag.is\/en\/#\/schema\/logo\/image\/","url":"https:\/\/kvenrettindafelag.is\/wp-content\/uploads\/2016\/11\/logo_krfi_2015.png","contentUrl":"https:\/\/kvenrettindafelag.is\/wp-content\/uploads\/2016\/11\/logo_krfi_2015.png","width":400,"height":400,"caption":"Kvenr\u00e9ttindaf\u00e9lag \u00cdslands"},"image":{"@id":"https:\/\/kvenrettindafelag.is\/en\/#\/schema\/logo\/image\/"},"sameAs":["https:\/\/www.facebook.com\/kvenrettindafelag","https:\/\/x.com\/kvenrett","https:\/\/www.instagram.com\/kvenrett\/"]}]}},"_links":{"self":[{"href":"https:\/\/kvenrettindafelag.is\/en\/wp-json\/wp\/v2\/pages\/10158","targetHints":{"allow":["GET"]}}],"collection":[{"href":"https:\/\/kvenrettindafelag.is\/en\/wp-json\/wp\/v2\/pages"}],"about":[{"href":"https:\/\/kvenrettindafelag.is\/en\/wp-json\/wp\/v2\/types\/page"}],"author":[{"embeddable":true,"href":"https:\/\/kvenrettindafelag.is\/en\/wp-json\/wp\/v2\/users\/5"}],"replies":[{"embeddable":true,"href":"https:\/\/kvenrettindafelag.is\/en\/wp-json\/wp\/v2\/comments?post=10158"}],"version-history":[{"count":5,"href":"https:\/\/kvenrettindafelag.is\/en\/wp-json\/wp\/v2\/pages\/10158\/revisions"}],"predecessor-version":[{"id":25958,"href":"https:\/\/kvenrettindafelag.is\/en\/wp-json\/wp\/v2\/pages\/10158\/revisions\/25958"}],"up":[{"embeddable":true,"href":"https:\/\/kvenrettindafelag.is\/en\/wp-json\/wp\/v2\/pages\/9535"}],"wp:attachment":[{"href":"https:\/\/kvenrettindafelag.is\/en\/wp-json\/wp\/v2\/media?parent=10158"}],"curies":[{"name":"wp","href":"https:\/\/api.w.org\/{rel}","templated":true}]}}