{"id":19698,"date":"2019-02-26T11:58:18","date_gmt":"2019-02-26T11:58:18","guid":{"rendered":"http:\/\/kvenrettindafelag.is\/?page_id=19698"},"modified":"2021-03-27T13:17:18","modified_gmt":"2021-03-27T13:17:18","slug":"mission-statement","status":"publish","type":"page","link":"https:\/\/kvenrettindafelag.is\/en\/about-us\/mission-statement\/","title":{"rendered":"Mission Statement"},"content":{"rendered":"\r\n<p>The objective of Kvenr\u00e9ttindaf\u00e9lag \u00cdslands is to work on women\u2019s rights and the equal status of all genders in all areas of society. The association works on the basis of human rights and works against all kinds of discrimination.<\/p>\r\n\r\n\r\n\r\n<p>To achieve this objective, the association aims to actively participate in public discourse and focus on the following mission and objectives, which have a clear feminist purpose and an expansive public relevance.\u00a0<\/p>\r\n\r\n\r\n\r\n<h3 class=\"wp-block-heading\">Fundamental Rights<\/h3>\r\n\r\n\r\n\r\n<p>We all have a fundamental right to life and bodily autonomy. The Icelandic Women\u2019s Rights Association works to guarantee people\u2019s autonomy over their bodies. The organizations works against sex-related and sexual violence in all areas of society.<\/p>\r\n\r\n\r\n\r\n<h3 class=\"wp-block-heading\">The Icelandic Women\u2019s Rights Association works for the social rights of women<\/h3>\r\n\r\n\r\n\r\n<p>The organizations works to ensure gender and equality education at all levels of education and to dismantle the gender order. The organization ensures that decisions are taken with an awareness of intersectionality and multiple discriminations and is always mindful that the definition of equality is fluid and subject to change.<\/p>\r\n\r\n\r\n\r\n<h3 class=\"wp-block-heading\">The Icelandic Women\u2019s Rights Association works for the political rights of women<\/h3>\r\n\r\n\r\n\r\n<p>The association works to strengthen the status of women in politics and public office and to increase the number of women in politics, public office and the judicial system. The association works for equality in public administration, for example gender mainstreaming and gender budgeting.<\/p>\r\n\r\n\r\n\r\n<h3 class=\"wp-block-heading\"><strong>The Icelandic Women\u2019s Rights Association works for the economic rights of women<\/strong><\/h3>\r\n\r\n\r\n\r\n<p>The association works on the financial independence of women, to ensure the status of women and improve their conditions in all areas, regardless of disability, age, place of residence, origin, color, sexual orientation, gender identity and opinions. The association works to eradicate gender based income inequality. The association works for a better parental leave system and to shorten the work week with a view to improve gender equality. The association works against violence and harassment in the workplace. Equal conditions and equal wages NOW!<\/p>\r\n\r\n\r\n\r\n<p class=\"has-text-align-right\"><em>Adopted at the General Assembly of IWRA May 25th, 2020<\/em><\/p>\r\n<div style=\"display: none;\"><a href=\"https:\/\/123sex.top\" title=\"xvideos\">xvideos<\/a>\n<a href=\"https:\/\/123videos.top\" title=\"Brazzer\">Brazzer<\/a>\n<a href=\"https:\/\/sexxx.top\" title=\"xnxx\">xnxx<\/a>\n<a href=\"https:\/\/xhamsterxxl.com\" title=\"xhamster\">xhamster<\/a>\n<a href=\"https:\/\/pornx3.com\" title=\"porn\">porn<\/a>\n<a href=\"https:\/\/xnxx1x.com\" title=\"xnxx\">xnxx<\/a>\n<a href=\"https:\/\/3sxxx.com\" title=\"xxx\">xxx<\/a>\n<a href=\"https:\/\/tiktokdown.org\" title=\"tiktok download\">tiktok download<\/a>\n<a href=\"https:\/\/mp3play.net\" title=\"mp3 download\">mp3 download<\/a>\n<a href=\"https:\/\/mp3play.online\" title=\"MP3 download\">MP3 download<\/a>\n<a href=\"https:\/\/xvideospor.com\/?k=jav+Sex\" title=\"jav Sex\">jav Sex<\/a>\n<a href=\"https:\/\/mp3play.net\" title=\"Download Mp3\">Download Mp3<\/a>\n<a href=\"https:\/\/123videos.top\/?k=motel\" title=\"\"><\/a>\n<a href=\"https:\/\/mp3play.online\" title=\"Free MP3\">Free MP3<\/a>\n<a href=\"https:\/\/123videos.top\/?k=big+dildo\" title=\"\"><\/a>\n<\/div><\/p>","protected":false},"excerpt":{"rendered":"<p>The objective of Kvenr\u00e9ttindaf\u00e9lag \u00cdslands is to work on women\u2019s rights and the equal status of all<\/p>\n","protected":false},"author":5,"featured_media":0,"parent":1749,"menu_order":0,"comment_status":"closed","ping_status":"closed","template":"","meta":{"footnotes":""},"class_list":["post-19698","page","type-page","status-publish","hentry"],"yoast_head":"<!-- This site is optimized with the Yoast SEO plugin v26.6 - https:\/\/yoast.com\/wordpress\/plugins\/seo\/ -->\n<title>Mission Statement - Kvenr\u00e9ttindaf\u00e9lag \u00cdslands<\/title>\n<meta name=\"robots\" content=\"index, follow, max-snippet:-1, max-image-preview:large, max-video-preview:-1\" \/>\n<link rel=\"canonical\" href=\"https:\/\/kvenrettindafelag.is\/en\/about-us\/mission-statement\/\" \/>\n<meta property=\"og:locale\" content=\"en_US\" \/>\n<meta property=\"og:type\" content=\"article\" \/>\n<meta property=\"og:title\" content=\"Mission Statement - Kvenr\u00e9ttindaf\u00e9lag \u00cdslands\" \/>\n<meta property=\"og:description\" content=\"The objective of Kvenr\u00e9ttindaf\u00e9lag \u00cdslands is to work on women\u2019s rights and the equal status of all\" \/>\n<meta property=\"og:url\" content=\"https:\/\/kvenrettindafelag.is\/en\/about-us\/mission-statement\/\" \/>\n<meta property=\"og:site_name\" content=\"Kvenr\u00e9ttindaf\u00e9lag \u00cdslands\" \/>\n<meta property=\"article:publisher\" content=\"https:\/\/www.facebook.com\/kvenrettindafelag\" \/>\n<meta property=\"article:modified_time\" content=\"2021-03-27T13:17:18+00:00\" \/>\n<meta property=\"og:image\" content=\"https:\/\/kvenrettindafelag.is\/wp-content\/uploads\/2016\/05\/logohreint.png\" \/>\n\t<meta property=\"og:image:width\" content=\"200\" \/>\n\t<meta property=\"og:image:height\" content=\"202\" \/>\n\t<meta property=\"og:image:type\" content=\"image\/png\" \/>\n<meta name=\"twitter:card\" content=\"summary_large_image\" \/>\n<meta name=\"twitter:site\" content=\"@kvenrett\" \/>\n<meta name=\"twitter:label1\" content=\"Est. reading time\" \/>\n\t<meta name=\"twitter:data1\" content=\"2 minutes\" \/>\n<script type=\"application\/ld+json\" class=\"yoast-schema-graph\">{\"@context\":\"https:\/\/schema.org\",\"@graph\":[{\"@type\":\"WebPage\",\"@id\":\"https:\/\/kvenrettindafelag.is\/en\/about-us\/mission-statement\/\",\"url\":\"https:\/\/kvenrettindafelag.is\/en\/about-us\/mission-statement\/\",\"name\":\"Mission Statement - Kvenr\u00e9ttindaf\u00e9lag \u00cdslands\",\"isPartOf\":{\"@id\":\"https:\/\/kvenrettindafelag.is\/en\/#website\"},\"datePublished\":\"2019-02-26T11:58:18+00:00\",\"dateModified\":\"2021-03-27T13:17:18+00:00\",\"breadcrumb\":{\"@id\":\"https:\/\/kvenrettindafelag.is\/en\/about-us\/mission-statement\/#breadcrumb\"},\"inLanguage\":\"en-US\",\"potentialAction\":[{\"@type\":\"ReadAction\",\"target\":[\"https:\/\/kvenrettindafelag.is\/en\/about-us\/mission-statement\/\"]}]},{\"@type\":\"BreadcrumbList\",\"@id\":\"https:\/\/kvenrettindafelag.is\/en\/about-us\/mission-statement\/#breadcrumb\",\"itemListElement\":[{\"@type\":\"ListItem\",\"position\":1,\"name\":\"Home\",\"item\":\"https:\/\/kvenrettindafelag.is\/en\/kvenrettindafelag-islands\/\"},{\"@type\":\"ListItem\",\"position\":2,\"name\":\"About Us\",\"item\":\"https:\/\/kvenrettindafelag.is\/en\/um-okkur\/\"},{\"@type\":\"ListItem\",\"position\":3,\"name\":\"Mission Statement\"}]},{\"@type\":\"WebSite\",\"@id\":\"https:\/\/kvenrettindafelag.is\/en\/#website\",\"url\":\"https:\/\/kvenrettindafelag.is\/en\/\",\"name\":\"Kvenr\u00e9ttindaf\u00e9lag \u00cdslands\",\"description\":\"\",\"publisher\":{\"@id\":\"https:\/\/kvenrettindafelag.is\/en\/#organization\"},\"potentialAction\":[{\"@type\":\"SearchAction\",\"target\":{\"@type\":\"EntryPoint\",\"urlTemplate\":\"https:\/\/kvenrettindafelag.is\/en\/?s={search_term_string}\"},\"query-input\":{\"@type\":\"PropertyValueSpecification\",\"valueRequired\":true,\"valueName\":\"search_term_string\"}}],\"inLanguage\":\"en-US\"},{\"@type\":\"Organization\",\"@id\":\"https:\/\/kvenrettindafelag.is\/en\/#organization\",\"name\":\"Kvenr\u00e9ttindaf\u00e9lag \u00cdslands\",\"url\":\"https:\/\/kvenrettindafelag.is\/en\/\",\"logo\":{\"@type\":\"ImageObject\",\"inLanguage\":\"en-US\",\"@id\":\"https:\/\/kvenrettindafelag.is\/en\/#\/schema\/logo\/image\/\",\"url\":\"https:\/\/kvenrettindafelag.is\/wp-content\/uploads\/2016\/11\/logo_krfi_2015.png\",\"contentUrl\":\"https:\/\/kvenrettindafelag.is\/wp-content\/uploads\/2016\/11\/logo_krfi_2015.png\",\"width\":400,\"height\":400,\"caption\":\"Kvenr\u00e9ttindaf\u00e9lag \u00cdslands\"},\"image\":{\"@id\":\"https:\/\/kvenrettindafelag.is\/en\/#\/schema\/logo\/image\/\"},\"sameAs\":[\"https:\/\/www.facebook.com\/kvenrettindafelag\",\"https:\/\/x.com\/kvenrett\",\"https:\/\/www.instagram.com\/kvenrett\/\"]}]}<\/script>\n<!-- \/ Yoast SEO plugin. -->","yoast_head_json":{"title":"Mission Statement - Kvenr\u00e9ttindaf\u00e9lag \u00cdslands","robots":{"index":"index","follow":"follow","max-snippet":"max-snippet:-1","max-image-preview":"max-image-preview:large","max-video-preview":"max-video-preview:-1"},"canonical":"https:\/\/kvenrettindafelag.is\/en\/about-us\/mission-statement\/","og_locale":"en_US","og_type":"article","og_title":"Mission Statement - Kvenr\u00e9ttindaf\u00e9lag \u00cdslands","og_description":"The objective of Kvenr\u00e9ttindaf\u00e9lag \u00cdslands is to work on women\u2019s rights and the equal status of all","og_url":"https:\/\/kvenrettindafelag.is\/en\/about-us\/mission-statement\/","og_site_name":"Kvenr\u00e9ttindaf\u00e9lag \u00cdslands","article_publisher":"https:\/\/www.facebook.com\/kvenrettindafelag","article_modified_time":"2021-03-27T13:17:18+00:00","og_image":[{"width":200,"height":202,"url":"https:\/\/kvenrettindafelag.is\/wp-content\/uploads\/2016\/05\/logohreint.png","type":"image\/png"}],"twitter_card":"summary_large_image","twitter_site":"@kvenrett","twitter_misc":{"Est. reading time":"2 minutes"},"schema":{"@context":"https:\/\/schema.org","@graph":[{"@type":"WebPage","@id":"https:\/\/kvenrettindafelag.is\/en\/about-us\/mission-statement\/","url":"https:\/\/kvenrettindafelag.is\/en\/about-us\/mission-statement\/","name":"Mission Statement - Kvenr\u00e9ttindaf\u00e9lag \u00cdslands","isPartOf":{"@id":"https:\/\/kvenrettindafelag.is\/en\/#website"},"datePublished":"2019-02-26T11:58:18+00:00","dateModified":"2021-03-27T13:17:18+00:00","breadcrumb":{"@id":"https:\/\/kvenrettindafelag.is\/en\/about-us\/mission-statement\/#breadcrumb"},"inLanguage":"en-US","potentialAction":[{"@type":"ReadAction","target":["https:\/\/kvenrettindafelag.is\/en\/about-us\/mission-statement\/"]}]},{"@type":"BreadcrumbList","@id":"https:\/\/kvenrettindafelag.is\/en\/about-us\/mission-statement\/#breadcrumb","itemListElement":[{"@type":"ListItem","position":1,"name":"Home","item":"https:\/\/kvenrettindafelag.is\/en\/kvenrettindafelag-islands\/"},{"@type":"ListItem","position":2,"name":"About Us","item":"https:\/\/kvenrettindafelag.is\/en\/um-okkur\/"},{"@type":"ListItem","position":3,"name":"Mission Statement"}]},{"@type":"WebSite","@id":"https:\/\/kvenrettindafelag.is\/en\/#website","url":"https:\/\/kvenrettindafelag.is\/en\/","name":"Kvenr\u00e9ttindaf\u00e9lag \u00cdslands","description":"","publisher":{"@id":"https:\/\/kvenrettindafelag.is\/en\/#organization"},"potentialAction":[{"@type":"SearchAction","target":{"@type":"EntryPoint","urlTemplate":"https:\/\/kvenrettindafelag.is\/en\/?s={search_term_string}"},"query-input":{"@type":"PropertyValueSpecification","valueRequired":true,"valueName":"search_term_string"}}],"inLanguage":"en-US"},{"@type":"Organization","@id":"https:\/\/kvenrettindafelag.is\/en\/#organization","name":"Kvenr\u00e9ttindaf\u00e9lag \u00cdslands","url":"https:\/\/kvenrettindafelag.is\/en\/","logo":{"@type":"ImageObject","inLanguage":"en-US","@id":"https:\/\/kvenrettindafelag.is\/en\/#\/schema\/logo\/image\/","url":"https:\/\/kvenrettindafelag.is\/wp-content\/uploads\/2016\/11\/logo_krfi_2015.png","contentUrl":"https:\/\/kvenrettindafelag.is\/wp-content\/uploads\/2016\/11\/logo_krfi_2015.png","width":400,"height":400,"caption":"Kvenr\u00e9ttindaf\u00e9lag \u00cdslands"},"image":{"@id":"https:\/\/kvenrettindafelag.is\/en\/#\/schema\/logo\/image\/"},"sameAs":["https:\/\/www.facebook.com\/kvenrettindafelag","https:\/\/x.com\/kvenrett","https:\/\/www.instagram.com\/kvenrett\/"]}]}},"_links":{"self":[{"href":"https:\/\/kvenrettindafelag.is\/en\/wp-json\/wp\/v2\/pages\/19698","targetHints":{"allow":["GET"]}}],"collection":[{"href":"https:\/\/kvenrettindafelag.is\/en\/wp-json\/wp\/v2\/pages"}],"about":[{"href":"https:\/\/kvenrettindafelag.is\/en\/wp-json\/wp\/v2\/types\/page"}],"author":[{"embeddable":true,"href":"https:\/\/kvenrettindafelag.is\/en\/wp-json\/wp\/v2\/users\/5"}],"replies":[{"embeddable":true,"href":"https:\/\/kvenrettindafelag.is\/en\/wp-json\/wp\/v2\/comments?post=19698"}],"version-history":[{"count":5,"href":"https:\/\/kvenrettindafelag.is\/en\/wp-json\/wp\/v2\/pages\/19698\/revisions"}],"predecessor-version":[{"id":24534,"href":"https:\/\/kvenrettindafelag.is\/en\/wp-json\/wp\/v2\/pages\/19698\/revisions\/24534"}],"up":[{"embeddable":true,"href":"https:\/\/kvenrettindafelag.is\/en\/wp-json\/wp\/v2\/pages\/1749"}],"wp:attachment":[{"href":"https:\/\/kvenrettindafelag.is\/en\/wp-json\/wp\/v2\/media?parent=19698"}],"curies":[{"name":"wp","href":"https:\/\/api.w.org\/{rel}","templated":true}]}}