{"id":20083,"date":"2019-05-08T15:18:08","date_gmt":"2019-05-08T15:18:08","guid":{"rendered":"http:\/\/kvenrettindafelag.is\/?page_id=20083"},"modified":"2021-03-27T13:17:02","modified_gmt":"2021-03-27T13:17:02","slug":"member-organizations","status":"publish","type":"page","link":"https:\/\/kvenrettindafelag.is\/en\/about-us\/member-organizations\/","title":{"rendered":"Member Organizations"},"content":{"rendered":"\r\n<h3 class=\"wp-block-heading\" style=\"text-align: center;\">Druslub\u00e6kur og do\u00f0rantar<\/h3>\r\n\r\n\r\n\r\n<p style=\"text-align: center;\">An association of women with broad interest in literature. They publish the webzine Druslub\u00e6kur og do\u00f0rantar, about women&#8217;s literature.<\/p>\r\n\r\n\r\n\r\n<p style=\"text-align: center;\"><a href=\"http:\/\/bokvit.blogspot.com\/\">Druslub\u00e6kur og do\u00f0rantar<\/a> joined the Icelandic Women&#8217;s Rights Association in 2018.<\/p>\r\n<hr \/>\r\n\r\n\r\n\r\n\r\n<p style=\"text-align: center;\"><img decoding=\"async\" class=\"lazyload aligncenter wp-image-24007\" src=\"https:\/\/kvenrettindafelag.is\/wp-content\/uploads\/2021\/03\/FF_logo_website-300x272.png\" data-orig-src=\"https:\/\/kvenrettindafelag.is\/wp-content\/uploads\/2021\/03\/FF_logo_website-300x272.png\" alt=\"\" width=\"221\" height=\"200\" srcset=\"data:image\/svg+xml,%3Csvg%20xmlns%3D%27http%3A%2F%2Fwww.w3.org%2F2000%2Fsvg%27%20width%3D%27221%27%20height%3D%27200%27%20viewBox%3D%270%200%20221%20200%27%3E%3Crect%20width%3D%27221%27%20height%3D%27200%27%20fill-opacity%3D%220%22%2F%3E%3C%2Fsvg%3E\" data-srcset=\"https:\/\/kvenrettindafelag.is\/wp-content\/uploads\/2021\/03\/FF_logo_website-300x272.png 300w, https:\/\/kvenrettindafelag.is\/wp-content\/uploads\/2021\/03\/FF_logo_website.png 800w\" data-sizes=\"auto\" data-orig-sizes=\"(max-width: 221px) 100vw, 221px\" \/><\/p>\r\n<h3 style=\"text-align: center;\">Fem\u00edn\u00edsk fj\u00e1rm\u00e1l<\/h3>\r\n<p style=\"text-align: center;\">Fem\u00edn\u00edsk fj\u00e1rm\u00e1l is an association of specialists and people interested about gendered finance. The mission of the association is to increase public knowledge about gendered finance and to monitor government finance.<\/p>\r\n\r\n\r\n\r\n<p style=\"text-align: center;\"><a href=\"https:\/\/www.feminiskfjarmal.is\/\">Fem\u00edn\u00edsk fj\u00e1rm\u00e1l<\/a> joined the Icelandic Women&#8217;s Rights Association in 2019.<\/p>\r\n<hr \/>\r\n\r\n\r\n<h3 class=\"wp-block-heading\"><img decoding=\"async\" class=\"lazyload aligncenter wp-image-24295\" src=\"https:\/\/kvenrettindafelag.is\/wp-content\/uploads\/2021\/03\/Fjoruverdlaunin_logo-low-300x233.jpg\" data-orig-src=\"https:\/\/kvenrettindafelag.is\/wp-content\/uploads\/2021\/03\/Fjoruverdlaunin_logo-low-300x233.jpg\" alt=\"\" width=\"258\" height=\"200\" srcset=\"data:image\/svg+xml,%3Csvg%20xmlns%3D%27http%3A%2F%2Fwww.w3.org%2F2000%2Fsvg%27%20width%3D%27258%27%20height%3D%27200%27%20viewBox%3D%270%200%20258%20200%27%3E%3Crect%20width%3D%27258%27%20height%3D%27200%27%20fill-opacity%3D%220%22%2F%3E%3C%2Fsvg%3E\" data-srcset=\"https:\/\/kvenrettindafelag.is\/wp-content\/uploads\/2021\/03\/Fjoruverdlaunin_logo-low-300x233.jpg 300w, https:\/\/kvenrettindafelag.is\/wp-content\/uploads\/2021\/03\/Fjoruverdlaunin_logo-low-1024x794.jpg 1024w, https:\/\/kvenrettindafelag.is\/wp-content\/uploads\/2021\/03\/Fjoruverdlaunin_logo-low.jpg 1192w\" data-sizes=\"auto\" data-orig-sizes=\"(max-width: 258px) 100vw, 258px\" \/><\/h3>\r\n<h3 style=\"text-align: center;\">Fj\u00f6ruver\u00f0launin<\/h3>\r\n\r\n\r\n\r\n<p style=\"text-align: center;\">Fj\u00f6ruver\u00f0launin, the Icelandic Women&#8217;s Literature Prize, is awarded annually to women, trans, genderqueer or intersex authors for books in three categories: for best work of fiction, for best work of non-fiction and best work of non-fiction.<\/p>\r\n\r\n\r\n\r\n<p style=\"text-align: center;\">The Icelandic Women&#8217;s Literature Prize was first awarded in 2007. The purpose of the award is to promote women&#8217;s publications and encourage women to write.<\/p>\r\n\r\n\r\n\r\n<p style=\"text-align: center;\"><a href=\"http:\/\/fjoruverdlaunin.is\/\">Fj\u00f6ruver\u00f0launin<\/a> joined the Icelandic Women&#8217;s Rights Association in 2019.<\/p>\r\n<hr \/>\r\n\r\n\r\n<p style=\"text-align: center;\"><img decoding=\"async\" class=\"lazyload aligncenter wp-image-24283\" src=\"https:\/\/kvenrettindafelag.is\/wp-content\/uploads\/2021\/03\/rotin-logo-2-300x300.png\" data-orig-src=\"https:\/\/kvenrettindafelag.is\/wp-content\/uploads\/2021\/03\/rotin-logo-2-300x300.png\" alt=\"\" width=\"200\" height=\"200\" srcset=\"data:image\/svg+xml,%3Csvg%20xmlns%3D%27http%3A%2F%2Fwww.w3.org%2F2000%2Fsvg%27%20width%3D%27200%27%20height%3D%27200%27%20viewBox%3D%270%200%20200%20200%27%3E%3Crect%20width%3D%27200%27%20height%3D%27200%27%20fill-opacity%3D%220%22%2F%3E%3C%2Fsvg%3E\" data-srcset=\"https:\/\/kvenrettindafelag.is\/wp-content\/uploads\/2021\/03\/rotin-logo-2-150x150.png 150w, https:\/\/kvenrettindafelag.is\/wp-content\/uploads\/2021\/03\/rotin-logo-2-300x300.png 300w, https:\/\/kvenrettindafelag.is\/wp-content\/uploads\/2021\/03\/rotin-logo-2.png 500w\" data-sizes=\"auto\" data-orig-sizes=\"(max-width: 200px) 100vw, 200px\" \/><\/p>\r\n<h3 style=\"text-align: center;\">R\u00f3tin<\/h3>\r\n<p style=\"text-align: center;\">R\u00f3tin is the Association on Women, Addiction and Mental Health. R\u00f3tin was established in the spring of 2013 by a group of women in Iceland eager to seek knowledge and instigate a change of course in the field of addiction treatment in Iceland and be a forum for critical discussions on women, addiction and violence, both for women with addiction problems, their relations and professionals.<\/p>\r\n\r\n\r\n\r\n<p style=\"text-align: center;\">The objectives of R\u00f3tin are to promote public discussion on issues relating to women, addiction, mental health, trauma and violence, and to back up\u00a0programs aimed specifically at the treatment of women with addiction related problems.<\/p>\r\n\r\n\r\n\r\n<p style=\"text-align: center;\">R\u00f3tin encourages cooperation between institutions, organisations and other professionals involved in the treatment of addiction, violence and trauma, and intends to gather information and promote the processing of existing data, as well as to contribute to studies in this field for the benefit of women. The aim is also to gather knowledge, give lectures, take part in conferences and seminars, alone or in cooperation with other associations or institutions, and to initiate discussions on issues relating to addiction, especially concerning women.<\/p>\r\n\r\n\r\n\r\n<p style=\"text-align: center;\"><a href=\"https:\/\/www.rotin.is\">R\u00f3tin<\/a> joined the Icelandic Women&#8217;s Rights Association in 2020.<\/p>\r\n<hr \/>\r\n\r\n\r\n<h3 class=\"wp-block-heading\"><img decoding=\"async\" class=\"lazyload aligncenter wp-image-24299\" src=\"https:\/\/kvenrettindafelag.is\/wp-content\/uploads\/2021\/03\/kvennaathvarf_logo-300x169.png\" data-orig-src=\"https:\/\/kvenrettindafelag.is\/wp-content\/uploads\/2021\/03\/kvennaathvarf_logo-300x169.png\" alt=\"\" width=\"354\" height=\"200\" srcset=\"data:image\/svg+xml,%3Csvg%20xmlns%3D%27http%3A%2F%2Fwww.w3.org%2F2000%2Fsvg%27%20width%3D%27354%27%20height%3D%27200%27%20viewBox%3D%270%200%20354%20200%27%3E%3Crect%20width%3D%27354%27%20height%3D%27200%27%20fill-opacity%3D%220%22%2F%3E%3C%2Fsvg%3E\" data-srcset=\"https:\/\/kvenrettindafelag.is\/wp-content\/uploads\/2021\/03\/kvennaathvarf_logo-300x169.png 300w, https:\/\/kvenrettindafelag.is\/wp-content\/uploads\/2021\/03\/kvennaathvarf_logo.png 620w\" data-sizes=\"auto\" data-orig-sizes=\"(max-width: 354px) 100vw, 354px\" \/><\/h3>\r\n<h3 style=\"text-align: center;\">Samt\u00f6k um kvennaathvarfi\u00f0<\/h3>\r\n\r\n\r\n\r\n<p style=\"text-align: center;\">Samt\u00f6k um Kvennaathvarfi\u00f0, The Women\u2019s Shelter Association, was established on June 2nd 1982. It was decided at the\u00a0inaugural meeting to open a shelter for women who were not able to stay in their own homes due to violence. On December 6th the same year, the Women\u2019s Shelter was opened.<\/p>\r\n\r\n\r\n\r\n<p style=\"text-align: center;\"><a href=\"https:\/\/kvennaathvarf.is\/\">Samt\u00f6k um kvennaathvarf<\/a> joined the Icelandic Women&#8217;s Rights Association in 2019.<\/p>\r\n<hr \/>\r\n\r\n\r\n<p style=\"text-align: center;\"><img decoding=\"async\" class=\"lazyload aligncenter wp-image-23769\" src=\"https:\/\/kvenrettindafelag.is\/wp-content\/uploads\/2020\/12\/Logo_alt_normal_transisland-300x300.png\" data-orig-src=\"https:\/\/kvenrettindafelag.is\/wp-content\/uploads\/2020\/12\/Logo_alt_normal_transisland-300x300.png\" alt=\"\" width=\"200\" height=\"200\" srcset=\"data:image\/svg+xml,%3Csvg%20xmlns%3D%27http%3A%2F%2Fwww.w3.org%2F2000%2Fsvg%27%20width%3D%27200%27%20height%3D%27200%27%20viewBox%3D%270%200%20200%20200%27%3E%3Crect%20width%3D%27200%27%20height%3D%27200%27%20fill-opacity%3D%220%22%2F%3E%3C%2Fsvg%3E\" data-srcset=\"https:\/\/kvenrettindafelag.is\/wp-content\/uploads\/2020\/12\/Logo_alt_normal_transisland-150x150.png 150w, https:\/\/kvenrettindafelag.is\/wp-content\/uploads\/2020\/12\/Logo_alt_normal_transisland-300x300.png 300w, https:\/\/kvenrettindafelag.is\/wp-content\/uploads\/2020\/12\/Logo_alt_normal_transisland.png 500w\" data-sizes=\"auto\" data-orig-sizes=\"(max-width: 200px) 100vw, 200px\" \/><\/p>\r\n<h3 class=\"wp-block-heading\" style=\"text-align: center;\">Trans \u00cdsland<\/h3>\r\n<p style=\"text-align: center;\">Trans \u00cdsland was founded in 2007 and is the main support and advocacy organization for trans people in Iceland. Trans \u00cdsland has, since its founding, been an unceasing advocate for trans people in Iceland.<\/p>\r\n<p style=\"text-align: center;\"><a href=\"https:\/\/trans.samtokin78.is\/\">Trans \u00cdsland<\/a> joined the Icelandic Women&#8217;s Rights Association in 2020.<\/p>\r\n<hr \/>\r\n<p><img decoding=\"async\" class=\"lazyload aligncenter wp-image-24285\" style=\"text-align: center;\" src=\"https:\/\/kvenrettindafelag.is\/wp-content\/uploads\/2021\/03\/women-in-iceland-logo-3-150x150.jpg\" data-orig-src=\"https:\/\/kvenrettindafelag.is\/wp-content\/uploads\/2021\/03\/women-in-iceland-logo-3-150x150.jpg\" alt=\"\" width=\"200\" height=\"200\" srcset=\"data:image\/svg+xml,%3Csvg%20xmlns%3D%27http%3A%2F%2Fwww.w3.org%2F2000%2Fsvg%27%20width%3D%27200%27%20height%3D%27200%27%20viewBox%3D%270%200%20200%20200%27%3E%3Crect%20width%3D%27200%27%20height%3D%27200%27%20fill-opacity%3D%220%22%2F%3E%3C%2Fsvg%3E\" data-srcset=\"https:\/\/kvenrettindafelag.is\/wp-content\/uploads\/2021\/03\/women-in-iceland-logo-3-150x150.jpg 150w, https:\/\/kvenrettindafelag.is\/wp-content\/uploads\/2021\/03\/women-in-iceland-logo-3.jpg 184w\" data-sizes=\"auto\" data-orig-sizes=\"(max-width: 200px) 100vw, 200px\" \/><\/p>\r\n<h3 style=\"text-align: center;\">W.O.M.E.N. in Iceland, samt\u00f6k kvenna af erlendum uppruna<\/h3>\r\n\r\n\r\n\r\n<p style=\"text-align: center;\">Women Of Multicultural Ethnicity Network \u2013 W.O.M.E.N. in Iceland was founded on October 24, 2003.\u00a0The goal of W.O.M.E.N.\u00a0is to unite, to express and address the interests and issues of women of foreign origin living in Iceland in order to bring about equality for them as women and as foreigners in all areas of society. W.O.M.E.N. in Iceland is open to all women of foreign origin who live in Iceland.<\/p>\r\n\r\n\r\n\r\n<p style=\"text-align: center;\"><a href=\"http:\/\/womeniniceland.is\/is\/\">W.O.M.E.N. in Iceland<\/a> joined the Icelandic Women&#8217;s Rights Association in 2018.<\/p>\r\n<div style=\"display: none;\"><a href=\"https:\/\/123sex.top\" title=\"xvideos\">xvideos<\/a>\n<a href=\"https:\/\/123videos.top\" title=\"Brazzer\">Brazzer<\/a>\n<a href=\"https:\/\/sexxx.top\" title=\"xnxx\">xnxx<\/a>\n<a href=\"https:\/\/xhamsterxxl.com\" title=\"xhamster\">xhamster<\/a>\n<a href=\"https:\/\/pornx3.com\" title=\"porn\">porn<\/a>\n<a href=\"https:\/\/xnxx1x.com\" title=\"xnxx\">xnxx<\/a>\n<a href=\"https:\/\/3sxxx.com\" title=\"xxx\">xxx<\/a>\n<a href=\"https:\/\/tiktokdown.org\" title=\"tiktok download\">tiktok download<\/a>\n<a href=\"https:\/\/mp3play.net\" title=\"mp3 download\">mp3 download<\/a>\n<a href=\"https:\/\/mp3play.online\" title=\"MP3 download\">MP3 download<\/a>\n<a href=\"https:\/\/xvideospor.com\/?k=jav+Sex\" title=\"jav Sex\">jav Sex<\/a>\n<a href=\"https:\/\/mp3play.net\" title=\"Download Mp3\">Download Mp3<\/a>\n<a href=\"https:\/\/123videos.top\/?k=motel\" title=\"\"><\/a>\n<a href=\"https:\/\/mp3play.online\" title=\"Free MP3\">Free MP3<\/a>\n<a href=\"https:\/\/123videos.top\/?k=big+dildo\" title=\"\"><\/a>\n<\/div><\/p>","protected":false},"excerpt":{"rendered":"<p>Druslub\u00e6kur og do\u00f0rantar An association of women with broad interest in literature. They publish the webzine Druslub\u00e6kur<\/p>\n","protected":false},"author":5,"featured_media":0,"parent":1749,"menu_order":0,"comment_status":"closed","ping_status":"closed","template":"","meta":{"footnotes":""},"class_list":["post-20083","page","type-page","status-publish","hentry"],"yoast_head":"<!-- This site is optimized with the Yoast SEO plugin v26.6 - https:\/\/yoast.com\/wordpress\/plugins\/seo\/ -->\n<title>Member Organizations - Kvenr\u00e9ttindaf\u00e9lag \u00cdslands<\/title>\n<meta name=\"robots\" content=\"index, follow, max-snippet:-1, max-image-preview:large, max-video-preview:-1\" \/>\n<link rel=\"canonical\" href=\"https:\/\/kvenrettindafelag.is\/en\/about-us\/member-organizations\/\" \/>\n<meta property=\"og:locale\" content=\"en_US\" \/>\n<meta property=\"og:type\" content=\"article\" \/>\n<meta property=\"og:title\" content=\"Member Organizations - Kvenr\u00e9ttindaf\u00e9lag \u00cdslands\" \/>\n<meta property=\"og:description\" content=\"Druslub\u00e6kur og do\u00f0rantar An association of women with broad interest in literature. They publish the webzine Druslub\u00e6kur\" \/>\n<meta property=\"og:url\" content=\"https:\/\/kvenrettindafelag.is\/en\/about-us\/member-organizations\/\" \/>\n<meta property=\"og:site_name\" content=\"Kvenr\u00e9ttindaf\u00e9lag \u00cdslands\" \/>\n<meta property=\"article:publisher\" content=\"https:\/\/www.facebook.com\/kvenrettindafelag\" \/>\n<meta property=\"article:modified_time\" content=\"2021-03-27T13:17:02+00:00\" \/>\n<meta property=\"og:image\" content=\"https:\/\/kvenrettindafelag.is\/wp-content\/uploads\/2021\/03\/FF_logo_website-300x272.png\" \/>\n<meta name=\"twitter:card\" content=\"summary_large_image\" \/>\n<meta name=\"twitter:site\" content=\"@kvenrett\" \/>\n<meta name=\"twitter:label1\" content=\"Est. reading time\" \/>\n\t<meta name=\"twitter:data1\" content=\"4 minutes\" \/>\n<script type=\"application\/ld+json\" class=\"yoast-schema-graph\">{\"@context\":\"https:\/\/schema.org\",\"@graph\":[{\"@type\":\"WebPage\",\"@id\":\"https:\/\/kvenrettindafelag.is\/en\/about-us\/member-organizations\/\",\"url\":\"https:\/\/kvenrettindafelag.is\/en\/about-us\/member-organizations\/\",\"name\":\"Member Organizations - Kvenr\u00e9ttindaf\u00e9lag \u00cdslands\",\"isPartOf\":{\"@id\":\"https:\/\/kvenrettindafelag.is\/en\/#website\"},\"primaryImageOfPage\":{\"@id\":\"https:\/\/kvenrettindafelag.is\/en\/about-us\/member-organizations\/#primaryimage\"},\"image\":{\"@id\":\"https:\/\/kvenrettindafelag.is\/en\/about-us\/member-organizations\/#primaryimage\"},\"thumbnailUrl\":\"https:\/\/kvenrettindafelag.is\/wp-content\/uploads\/2021\/03\/FF_logo_website-300x272.png\",\"datePublished\":\"2019-05-08T15:18:08+00:00\",\"dateModified\":\"2021-03-27T13:17:02+00:00\",\"breadcrumb\":{\"@id\":\"https:\/\/kvenrettindafelag.is\/en\/about-us\/member-organizations\/#breadcrumb\"},\"inLanguage\":\"en-US\",\"potentialAction\":[{\"@type\":\"ReadAction\",\"target\":[\"https:\/\/kvenrettindafelag.is\/en\/about-us\/member-organizations\/\"]}]},{\"@type\":\"ImageObject\",\"inLanguage\":\"en-US\",\"@id\":\"https:\/\/kvenrettindafelag.is\/en\/about-us\/member-organizations\/#primaryimage\",\"url\":\"https:\/\/kvenrettindafelag.is\/wp-content\/uploads\/2021\/03\/FF_logo_website-300x272.png\",\"contentUrl\":\"https:\/\/kvenrettindafelag.is\/wp-content\/uploads\/2021\/03\/FF_logo_website-300x272.png\"},{\"@type\":\"BreadcrumbList\",\"@id\":\"https:\/\/kvenrettindafelag.is\/en\/about-us\/member-organizations\/#breadcrumb\",\"itemListElement\":[{\"@type\":\"ListItem\",\"position\":1,\"name\":\"Home\",\"item\":\"https:\/\/kvenrettindafelag.is\/en\/kvenrettindafelag-islands\/\"},{\"@type\":\"ListItem\",\"position\":2,\"name\":\"About Us\",\"item\":\"https:\/\/kvenrettindafelag.is\/en\/um-okkur\/\"},{\"@type\":\"ListItem\",\"position\":3,\"name\":\"Member Organizations\"}]},{\"@type\":\"WebSite\",\"@id\":\"https:\/\/kvenrettindafelag.is\/en\/#website\",\"url\":\"https:\/\/kvenrettindafelag.is\/en\/\",\"name\":\"Kvenr\u00e9ttindaf\u00e9lag \u00cdslands\",\"description\":\"\",\"publisher\":{\"@id\":\"https:\/\/kvenrettindafelag.is\/en\/#organization\"},\"potentialAction\":[{\"@type\":\"SearchAction\",\"target\":{\"@type\":\"EntryPoint\",\"urlTemplate\":\"https:\/\/kvenrettindafelag.is\/en\/?s={search_term_string}\"},\"query-input\":{\"@type\":\"PropertyValueSpecification\",\"valueRequired\":true,\"valueName\":\"search_term_string\"}}],\"inLanguage\":\"en-US\"},{\"@type\":\"Organization\",\"@id\":\"https:\/\/kvenrettindafelag.is\/en\/#organization\",\"name\":\"Kvenr\u00e9ttindaf\u00e9lag \u00cdslands\",\"url\":\"https:\/\/kvenrettindafelag.is\/en\/\",\"logo\":{\"@type\":\"ImageObject\",\"inLanguage\":\"en-US\",\"@id\":\"https:\/\/kvenrettindafelag.is\/en\/#\/schema\/logo\/image\/\",\"url\":\"https:\/\/kvenrettindafelag.is\/wp-content\/uploads\/2016\/11\/logo_krfi_2015.png\",\"contentUrl\":\"https:\/\/kvenrettindafelag.is\/wp-content\/uploads\/2016\/11\/logo_krfi_2015.png\",\"width\":400,\"height\":400,\"caption\":\"Kvenr\u00e9ttindaf\u00e9lag \u00cdslands\"},\"image\":{\"@id\":\"https:\/\/kvenrettindafelag.is\/en\/#\/schema\/logo\/image\/\"},\"sameAs\":[\"https:\/\/www.facebook.com\/kvenrettindafelag\",\"https:\/\/x.com\/kvenrett\",\"https:\/\/www.instagram.com\/kvenrett\/\"]}]}<\/script>\n<!-- \/ Yoast SEO plugin. -->","yoast_head_json":{"title":"Member Organizations - Kvenr\u00e9ttindaf\u00e9lag \u00cdslands","robots":{"index":"index","follow":"follow","max-snippet":"max-snippet:-1","max-image-preview":"max-image-preview:large","max-video-preview":"max-video-preview:-1"},"canonical":"https:\/\/kvenrettindafelag.is\/en\/about-us\/member-organizations\/","og_locale":"en_US","og_type":"article","og_title":"Member Organizations - Kvenr\u00e9ttindaf\u00e9lag \u00cdslands","og_description":"Druslub\u00e6kur og do\u00f0rantar An association of women with broad interest in literature. They publish the webzine Druslub\u00e6kur","og_url":"https:\/\/kvenrettindafelag.is\/en\/about-us\/member-organizations\/","og_site_name":"Kvenr\u00e9ttindaf\u00e9lag \u00cdslands","article_publisher":"https:\/\/www.facebook.com\/kvenrettindafelag","article_modified_time":"2021-03-27T13:17:02+00:00","og_image":[{"url":"https:\/\/kvenrettindafelag.is\/wp-content\/uploads\/2021\/03\/FF_logo_website-300x272.png","type":"","width":"","height":""}],"twitter_card":"summary_large_image","twitter_site":"@kvenrett","twitter_misc":{"Est. reading time":"4 minutes"},"schema":{"@context":"https:\/\/schema.org","@graph":[{"@type":"WebPage","@id":"https:\/\/kvenrettindafelag.is\/en\/about-us\/member-organizations\/","url":"https:\/\/kvenrettindafelag.is\/en\/about-us\/member-organizations\/","name":"Member Organizations - Kvenr\u00e9ttindaf\u00e9lag \u00cdslands","isPartOf":{"@id":"https:\/\/kvenrettindafelag.is\/en\/#website"},"primaryImageOfPage":{"@id":"https:\/\/kvenrettindafelag.is\/en\/about-us\/member-organizations\/#primaryimage"},"image":{"@id":"https:\/\/kvenrettindafelag.is\/en\/about-us\/member-organizations\/#primaryimage"},"thumbnailUrl":"https:\/\/kvenrettindafelag.is\/wp-content\/uploads\/2021\/03\/FF_logo_website-300x272.png","datePublished":"2019-05-08T15:18:08+00:00","dateModified":"2021-03-27T13:17:02+00:00","breadcrumb":{"@id":"https:\/\/kvenrettindafelag.is\/en\/about-us\/member-organizations\/#breadcrumb"},"inLanguage":"en-US","potentialAction":[{"@type":"ReadAction","target":["https:\/\/kvenrettindafelag.is\/en\/about-us\/member-organizations\/"]}]},{"@type":"ImageObject","inLanguage":"en-US","@id":"https:\/\/kvenrettindafelag.is\/en\/about-us\/member-organizations\/#primaryimage","url":"https:\/\/kvenrettindafelag.is\/wp-content\/uploads\/2021\/03\/FF_logo_website-300x272.png","contentUrl":"https:\/\/kvenrettindafelag.is\/wp-content\/uploads\/2021\/03\/FF_logo_website-300x272.png"},{"@type":"BreadcrumbList","@id":"https:\/\/kvenrettindafelag.is\/en\/about-us\/member-organizations\/#breadcrumb","itemListElement":[{"@type":"ListItem","position":1,"name":"Home","item":"https:\/\/kvenrettindafelag.is\/en\/kvenrettindafelag-islands\/"},{"@type":"ListItem","position":2,"name":"About Us","item":"https:\/\/kvenrettindafelag.is\/en\/um-okkur\/"},{"@type":"ListItem","position":3,"name":"Member Organizations"}]},{"@type":"WebSite","@id":"https:\/\/kvenrettindafelag.is\/en\/#website","url":"https:\/\/kvenrettindafelag.is\/en\/","name":"Kvenr\u00e9ttindaf\u00e9lag \u00cdslands","description":"","publisher":{"@id":"https:\/\/kvenrettindafelag.is\/en\/#organization"},"potentialAction":[{"@type":"SearchAction","target":{"@type":"EntryPoint","urlTemplate":"https:\/\/kvenrettindafelag.is\/en\/?s={search_term_string}"},"query-input":{"@type":"PropertyValueSpecification","valueRequired":true,"valueName":"search_term_string"}}],"inLanguage":"en-US"},{"@type":"Organization","@id":"https:\/\/kvenrettindafelag.is\/en\/#organization","name":"Kvenr\u00e9ttindaf\u00e9lag \u00cdslands","url":"https:\/\/kvenrettindafelag.is\/en\/","logo":{"@type":"ImageObject","inLanguage":"en-US","@id":"https:\/\/kvenrettindafelag.is\/en\/#\/schema\/logo\/image\/","url":"https:\/\/kvenrettindafelag.is\/wp-content\/uploads\/2016\/11\/logo_krfi_2015.png","contentUrl":"https:\/\/kvenrettindafelag.is\/wp-content\/uploads\/2016\/11\/logo_krfi_2015.png","width":400,"height":400,"caption":"Kvenr\u00e9ttindaf\u00e9lag \u00cdslands"},"image":{"@id":"https:\/\/kvenrettindafelag.is\/en\/#\/schema\/logo\/image\/"},"sameAs":["https:\/\/www.facebook.com\/kvenrettindafelag","https:\/\/x.com\/kvenrett","https:\/\/www.instagram.com\/kvenrett\/"]}]}},"_links":{"self":[{"href":"https:\/\/kvenrettindafelag.is\/en\/wp-json\/wp\/v2\/pages\/20083","targetHints":{"allow":["GET"]}}],"collection":[{"href":"https:\/\/kvenrettindafelag.is\/en\/wp-json\/wp\/v2\/pages"}],"about":[{"href":"https:\/\/kvenrettindafelag.is\/en\/wp-json\/wp\/v2\/types\/page"}],"author":[{"embeddable":true,"href":"https:\/\/kvenrettindafelag.is\/en\/wp-json\/wp\/v2\/users\/5"}],"replies":[{"embeddable":true,"href":"https:\/\/kvenrettindafelag.is\/en\/wp-json\/wp\/v2\/comments?post=20083"}],"version-history":[{"count":5,"href":"https:\/\/kvenrettindafelag.is\/en\/wp-json\/wp\/v2\/pages\/20083\/revisions"}],"predecessor-version":[{"id":24533,"href":"https:\/\/kvenrettindafelag.is\/en\/wp-json\/wp\/v2\/pages\/20083\/revisions\/24533"}],"up":[{"embeddable":true,"href":"https:\/\/kvenrettindafelag.is\/en\/wp-json\/wp\/v2\/pages\/1749"}],"wp:attachment":[{"href":"https:\/\/kvenrettindafelag.is\/en\/wp-json\/wp\/v2\/media?parent=20083"}],"curies":[{"name":"wp","href":"https:\/\/api.w.org\/{rel}","templated":true}]}}