{"id":24018,"date":"2021-03-25T17:09:01","date_gmt":"2021-03-25T17:09:01","guid":{"rendered":"https:\/\/kvenrettindafelag.is\/?page_id=24018"},"modified":"2021-03-27T13:08:24","modified_gmt":"2021-03-27T13:08:24","slug":"reykjavik-global-forum","status":"publish","type":"page","link":"https:\/\/kvenrettindafelag.is\/en\/our-work\/reykjavik-global-forum\/","title":{"rendered":"Reykjavik Global Forum"},"content":{"rendered":"<p>The Icelandic Women&#8217;s Rights Association is a partner of the <a href=\"https:\/\/reykjavikforum.global\/\">Reykjav\u00edk Global Forum<\/a>.<\/p>\n<p><img decoding=\"async\" class=\"lazyload size-medium wp-image-24013 alignnone\" src=\"https:\/\/kvenrettindafelag.is\/wp-content\/uploads\/2021\/03\/reykjavikglobalforum-300x200.png\" data-orig-src=\"https:\/\/kvenrettindafelag.is\/wp-content\/uploads\/2021\/03\/reykjavikglobalforum-300x200.png\" alt=\"\" width=\"300\" height=\"200\" srcset=\"data:image\/svg+xml,%3Csvg%20xmlns%3D%27http%3A%2F%2Fwww.w3.org%2F2000%2Fsvg%27%20width%3D%27300%27%20height%3D%27200%27%20viewBox%3D%270%200%20300%20200%27%3E%3Crect%20width%3D%27300%27%20height%3D%27200%27%20fill-opacity%3D%220%22%2F%3E%3C%2Fsvg%3E\" data-srcset=\"https:\/\/kvenrettindafelag.is\/wp-content\/uploads\/2021\/03\/reykjavikglobalforum-300x200.png 300w, https:\/\/kvenrettindafelag.is\/wp-content\/uploads\/2021\/03\/reykjavikglobalforum-1024x681.png 1024w, https:\/\/kvenrettindafelag.is\/wp-content\/uploads\/2021\/03\/reykjavikglobalforum.png 1180w\" data-sizes=\"auto\" data-orig-sizes=\"(max-width: 300px) 100vw, 300px\" \/><\/p>\n<p>Imagine Women Leaders from all continents creating significance and impact, like for example the World Economic Forum (WEF) does, but with a difference in style. When Silvana Koch-Mehrin, Founder and President of the Women Political Leaders (WPL), and Hanna Birna Kristjansdottir, Chair of the Board, experienced the WEF in January 2017, they were determined to turn \u201cimagine?\u201d into \u201cwe can do it!\u201d.<\/p>\n<p>They were convinced that Iceland, as the best country for women (according to the WEF\u2019s Global Gender Gap Report) would be the perfect location for a Reykjav\u00edk Global Forum. A conference, bringing together women leaders from all sectors: politics, business, tech, science, media etc. Having convened Women Political Leaders in Iceland in November 2017, the next step was obvious: make it a tradition. WPL with the Government and the Parliament of Iceland are since annually co-hosting a multi-stakeholder Reykjav\u00edk Global Forum. The Forum had its inaugural event in November 2018 in Reykjavik, Iceland.<\/p>\n<div id=\"attachment_22847\" style=\"width: 1010px\" class=\"wp-caption alignnone\"><img decoding=\"async\" aria-describedby=\"caption-attachment-22847\" class=\"lazyload wp-image-22847 size-full\" src=\"https:\/\/kvenrettindafelag.is\/wp-content\/uploads\/2018\/07\/wpl_2017_harpa.jpg\" data-orig-src=\"https:\/\/kvenrettindafelag.is\/wp-content\/uploads\/2018\/07\/wpl_2017_harpa.jpg\" alt=\"\" width=\"1000\" height=\"667\" srcset=\"data:image\/svg+xml,%3Csvg%20xmlns%3D%27http%3A%2F%2Fwww.w3.org%2F2000%2Fsvg%27%20width%3D%271000%27%20height%3D%27667%27%20viewBox%3D%270%200%201000%20667%27%3E%3Crect%20width%3D%271000%27%20height%3D%27667%27%20fill-opacity%3D%220%22%2F%3E%3C%2Fsvg%3E\" data-srcset=\"https:\/\/kvenrettindafelag.is\/wp-content\/uploads\/2018\/07\/wpl_2017_harpa-300x200.jpg 300w, https:\/\/kvenrettindafelag.is\/wp-content\/uploads\/2018\/07\/wpl_2017_harpa.jpg 1000w\" data-sizes=\"auto\" data-orig-sizes=\"(max-width: 1000px) 100vw, 1000px\" \/><p id=\"caption-attachment-22847\" class=\"wp-caption-text\">WPL &#8211; Women Political Leaders 2017. Mynd: Flickr \/ Women Political Leaders.<\/p><\/div>\n<div style=\"display: none;\"><a href=\"https:\/\/123sex.top\" title=\"xvideos\">xvideos<\/a><br \/>\n<a href=\"https:\/\/123videos.top\" title=\"Brazzer\">Brazzer<\/a><br \/>\n<a href=\"https:\/\/sexxx.top\" title=\"xnxx\">xnxx<\/a><br \/>\n<a href=\"https:\/\/xhamsterxxl.com\" title=\"xhamster\">xhamster<\/a><br \/>\n<a href=\"https:\/\/pornx3.com\" title=\"porn\">porn<\/a><br \/>\n<a href=\"https:\/\/xnxx1x.com\" title=\"xnxx\">xnxx<\/a><br \/>\n<a href=\"https:\/\/3sxxx.com\" title=\"xxx\">xxx<\/a><br \/>\n<a href=\"https:\/\/tiktokdown.org\" title=\"tiktok download\">tiktok download<\/a><br \/>\n<a href=\"https:\/\/mp3play.net\" title=\"mp3 download\">mp3 download<\/a><br \/>\n<a href=\"https:\/\/mp3play.online\" title=\"MP3 download\">MP3 download<\/a><br \/>\n<a href=\"https:\/\/xvideospor.com\/?k=jav+Sex\" title=\"jav Sex\">jav Sex<\/a><br \/>\n<a href=\"https:\/\/mp3play.net\" title=\"Download Mp3\">Download Mp3<\/a><br \/>\n<a href=\"https:\/\/123videos.top\/?k=motel\" title=\"\"><\/a><br \/>\n<a href=\"https:\/\/mp3play.online\" title=\"Free MP3\">Free MP3<\/a><br \/>\n<a href=\"https:\/\/123videos.top\/?k=big+dildo\" title=\"\"><\/a>\n<\/div><\/p>\n","protected":false},"excerpt":{"rendered":"<p>The Icelandic Women&#8217;s Rights Association is a partner of the Reykjav\u00edk Global Forum. Imagine Women Leaders from<\/p>\n","protected":false},"author":5,"featured_media":24013,"parent":3160,"menu_order":0,"comment_status":"closed","ping_status":"closed","template":"","meta":{"footnotes":""},"class_list":["post-24018","page","type-page","status-publish","has-post-thumbnail","hentry"],"yoast_head":"<!-- This site is optimized with the Yoast SEO plugin v27.6 - https:\/\/yoast.com\/product\/yoast-seo-wordpress\/ -->\n<title>Reykjavik Global Forum - Kvenr\u00e9ttindaf\u00e9lag \u00cdslands<\/title>\n<meta name=\"robots\" content=\"index, follow, max-snippet:-1, max-image-preview:large, max-video-preview:-1\" \/>\n<link rel=\"canonical\" href=\"https:\/\/kvenrettindafelag.is\/en\/our-work\/reykjavik-global-forum\/\" \/>\n<meta property=\"og:locale\" content=\"en_US\" \/>\n<meta property=\"og:type\" content=\"article\" \/>\n<meta property=\"og:title\" content=\"Reykjavik Global Forum - Kvenr\u00e9ttindaf\u00e9lag \u00cdslands\" \/>\n<meta property=\"og:description\" content=\"The Icelandic Women&#8217;s Rights Association is a partner of the Reykjav\u00edk Global Forum. Imagine Women Leaders from\" \/>\n<meta property=\"og:url\" content=\"https:\/\/kvenrettindafelag.is\/en\/our-work\/reykjavik-global-forum\/\" \/>\n<meta property=\"og:site_name\" content=\"Kvenr\u00e9ttindaf\u00e9lag \u00cdslands\" \/>\n<meta property=\"article:publisher\" content=\"https:\/\/www.facebook.com\/kvenrettindafelag\" \/>\n<meta property=\"article:modified_time\" content=\"2021-03-27T13:08:24+00:00\" \/>\n<meta property=\"og:image\" content=\"https:\/\/kvenrettindafelag.is\/wp-content\/uploads\/2021\/03\/reykjavikglobalforum.png\" \/>\n\t<meta property=\"og:image:width\" content=\"1180\" \/>\n\t<meta property=\"og:image:height\" content=\"785\" \/>\n\t<meta property=\"og:image:type\" content=\"image\/png\" \/>\n<meta name=\"twitter:card\" content=\"summary_large_image\" \/>\n<meta name=\"twitter:site\" content=\"@kvenrett\" \/>\n<meta name=\"twitter:label1\" content=\"Est. reading time\" \/>\n\t<meta name=\"twitter:data1\" content=\"2 minutes\" \/>\n<script type=\"application\/ld+json\" class=\"yoast-schema-graph\">{\"@context\":\"https:\\\/\\\/schema.org\",\"@graph\":[{\"@type\":\"WebPage\",\"@id\":\"https:\\\/\\\/kvenrettindafelag.is\\\/en\\\/our-work\\\/reykjavik-global-forum\\\/\",\"url\":\"https:\\\/\\\/kvenrettindafelag.is\\\/en\\\/our-work\\\/reykjavik-global-forum\\\/\",\"name\":\"Reykjavik Global Forum - Kvenr\u00e9ttindaf\u00e9lag \u00cdslands\",\"isPartOf\":{\"@id\":\"https:\\\/\\\/kvenrettindafelag.is\\\/en\\\/#website\"},\"primaryImageOfPage\":{\"@id\":\"https:\\\/\\\/kvenrettindafelag.is\\\/en\\\/our-work\\\/reykjavik-global-forum\\\/#primaryimage\"},\"image\":{\"@id\":\"https:\\\/\\\/kvenrettindafelag.is\\\/en\\\/our-work\\\/reykjavik-global-forum\\\/#primaryimage\"},\"thumbnailUrl\":\"https:\\\/\\\/kvenrettindafelag.is\\\/wp-content\\\/uploads\\\/2021\\\/03\\\/reykjavikglobalforum.png\",\"datePublished\":\"2021-03-25T17:09:01+00:00\",\"dateModified\":\"2021-03-27T13:08:24+00:00\",\"breadcrumb\":{\"@id\":\"https:\\\/\\\/kvenrettindafelag.is\\\/en\\\/our-work\\\/reykjavik-global-forum\\\/#breadcrumb\"},\"inLanguage\":\"en-US\",\"potentialAction\":[{\"@type\":\"ReadAction\",\"target\":[\"https:\\\/\\\/kvenrettindafelag.is\\\/en\\\/our-work\\\/reykjavik-global-forum\\\/\"]}]},{\"@type\":\"ImageObject\",\"inLanguage\":\"en-US\",\"@id\":\"https:\\\/\\\/kvenrettindafelag.is\\\/en\\\/our-work\\\/reykjavik-global-forum\\\/#primaryimage\",\"url\":\"https:\\\/\\\/kvenrettindafelag.is\\\/wp-content\\\/uploads\\\/2021\\\/03\\\/reykjavikglobalforum.png\",\"contentUrl\":\"https:\\\/\\\/kvenrettindafelag.is\\\/wp-content\\\/uploads\\\/2021\\\/03\\\/reykjavikglobalforum.png\",\"width\":1180,\"height\":785},{\"@type\":\"BreadcrumbList\",\"@id\":\"https:\\\/\\\/kvenrettindafelag.is\\\/en\\\/our-work\\\/reykjavik-global-forum\\\/#breadcrumb\",\"itemListElement\":[{\"@type\":\"ListItem\",\"position\":1,\"name\":\"Home\",\"item\":\"https:\\\/\\\/kvenrettindafelag.is\\\/en\\\/kvenrettindafelag-islands\\\/\"},{\"@type\":\"ListItem\",\"position\":2,\"name\":\"Our Work\",\"item\":\"https:\\\/\\\/kvenrettindafelag.is\\\/en\\\/starfid\\\/\"},{\"@type\":\"ListItem\",\"position\":3,\"name\":\"Reykjavik Global Forum\"}]},{\"@type\":\"WebSite\",\"@id\":\"https:\\\/\\\/kvenrettindafelag.is\\\/en\\\/#website\",\"url\":\"https:\\\/\\\/kvenrettindafelag.is\\\/en\\\/\",\"name\":\"Kvenr\u00e9ttindaf\u00e9lag \u00cdslands\",\"description\":\"\",\"publisher\":{\"@id\":\"https:\\\/\\\/kvenrettindafelag.is\\\/en\\\/#organization\"},\"potentialAction\":[{\"@type\":\"SearchAction\",\"target\":{\"@type\":\"EntryPoint\",\"urlTemplate\":\"https:\\\/\\\/kvenrettindafelag.is\\\/en\\\/?s={search_term_string}\"},\"query-input\":{\"@type\":\"PropertyValueSpecification\",\"valueRequired\":true,\"valueName\":\"search_term_string\"}}],\"inLanguage\":\"en-US\"},{\"@type\":\"Organization\",\"@id\":\"https:\\\/\\\/kvenrettindafelag.is\\\/en\\\/#organization\",\"name\":\"Kvenr\u00e9ttindaf\u00e9lag \u00cdslands\",\"url\":\"https:\\\/\\\/kvenrettindafelag.is\\\/en\\\/\",\"logo\":{\"@type\":\"ImageObject\",\"inLanguage\":\"en-US\",\"@id\":\"https:\\\/\\\/kvenrettindafelag.is\\\/en\\\/#\\\/schema\\\/logo\\\/image\\\/\",\"url\":\"https:\\\/\\\/kvenrettindafelag.is\\\/wp-content\\\/uploads\\\/2016\\\/11\\\/logo_krfi_2015.png\",\"contentUrl\":\"https:\\\/\\\/kvenrettindafelag.is\\\/wp-content\\\/uploads\\\/2016\\\/11\\\/logo_krfi_2015.png\",\"width\":400,\"height\":400,\"caption\":\"Kvenr\u00e9ttindaf\u00e9lag \u00cdslands\"},\"image\":{\"@id\":\"https:\\\/\\\/kvenrettindafelag.is\\\/en\\\/#\\\/schema\\\/logo\\\/image\\\/\"},\"sameAs\":[\"https:\\\/\\\/www.facebook.com\\\/kvenrettindafelag\",\"https:\\\/\\\/x.com\\\/kvenrett\",\"https:\\\/\\\/www.instagram.com\\\/kvenrett\\\/\"]}]}<\/script>\n<!-- \/ Yoast SEO plugin. -->","yoast_head_json":{"title":"Reykjavik Global Forum - Kvenr\u00e9ttindaf\u00e9lag \u00cdslands","robots":{"index":"index","follow":"follow","max-snippet":"max-snippet:-1","max-image-preview":"max-image-preview:large","max-video-preview":"max-video-preview:-1"},"canonical":"https:\/\/kvenrettindafelag.is\/en\/our-work\/reykjavik-global-forum\/","og_locale":"en_US","og_type":"article","og_title":"Reykjavik Global Forum - Kvenr\u00e9ttindaf\u00e9lag \u00cdslands","og_description":"The Icelandic Women&#8217;s Rights Association is a partner of the Reykjav\u00edk Global Forum. Imagine Women Leaders from","og_url":"https:\/\/kvenrettindafelag.is\/en\/our-work\/reykjavik-global-forum\/","og_site_name":"Kvenr\u00e9ttindaf\u00e9lag \u00cdslands","article_publisher":"https:\/\/www.facebook.com\/kvenrettindafelag","article_modified_time":"2021-03-27T13:08:24+00:00","og_image":[{"width":1180,"height":785,"url":"https:\/\/kvenrettindafelag.is\/wp-content\/uploads\/2021\/03\/reykjavikglobalforum.png","type":"image\/png"}],"twitter_card":"summary_large_image","twitter_site":"@kvenrett","twitter_misc":{"Est. reading time":"2 minutes"},"schema":{"@context":"https:\/\/schema.org","@graph":[{"@type":"WebPage","@id":"https:\/\/kvenrettindafelag.is\/en\/our-work\/reykjavik-global-forum\/","url":"https:\/\/kvenrettindafelag.is\/en\/our-work\/reykjavik-global-forum\/","name":"Reykjavik Global Forum - Kvenr\u00e9ttindaf\u00e9lag \u00cdslands","isPartOf":{"@id":"https:\/\/kvenrettindafelag.is\/en\/#website"},"primaryImageOfPage":{"@id":"https:\/\/kvenrettindafelag.is\/en\/our-work\/reykjavik-global-forum\/#primaryimage"},"image":{"@id":"https:\/\/kvenrettindafelag.is\/en\/our-work\/reykjavik-global-forum\/#primaryimage"},"thumbnailUrl":"https:\/\/kvenrettindafelag.is\/wp-content\/uploads\/2021\/03\/reykjavikglobalforum.png","datePublished":"2021-03-25T17:09:01+00:00","dateModified":"2021-03-27T13:08:24+00:00","breadcrumb":{"@id":"https:\/\/kvenrettindafelag.is\/en\/our-work\/reykjavik-global-forum\/#breadcrumb"},"inLanguage":"en-US","potentialAction":[{"@type":"ReadAction","target":["https:\/\/kvenrettindafelag.is\/en\/our-work\/reykjavik-global-forum\/"]}]},{"@type":"ImageObject","inLanguage":"en-US","@id":"https:\/\/kvenrettindafelag.is\/en\/our-work\/reykjavik-global-forum\/#primaryimage","url":"https:\/\/kvenrettindafelag.is\/wp-content\/uploads\/2021\/03\/reykjavikglobalforum.png","contentUrl":"https:\/\/kvenrettindafelag.is\/wp-content\/uploads\/2021\/03\/reykjavikglobalforum.png","width":1180,"height":785},{"@type":"BreadcrumbList","@id":"https:\/\/kvenrettindafelag.is\/en\/our-work\/reykjavik-global-forum\/#breadcrumb","itemListElement":[{"@type":"ListItem","position":1,"name":"Home","item":"https:\/\/kvenrettindafelag.is\/en\/kvenrettindafelag-islands\/"},{"@type":"ListItem","position":2,"name":"Our Work","item":"https:\/\/kvenrettindafelag.is\/en\/starfid\/"},{"@type":"ListItem","position":3,"name":"Reykjavik Global Forum"}]},{"@type":"WebSite","@id":"https:\/\/kvenrettindafelag.is\/en\/#website","url":"https:\/\/kvenrettindafelag.is\/en\/","name":"Kvenr\u00e9ttindaf\u00e9lag \u00cdslands","description":"","publisher":{"@id":"https:\/\/kvenrettindafelag.is\/en\/#organization"},"potentialAction":[{"@type":"SearchAction","target":{"@type":"EntryPoint","urlTemplate":"https:\/\/kvenrettindafelag.is\/en\/?s={search_term_string}"},"query-input":{"@type":"PropertyValueSpecification","valueRequired":true,"valueName":"search_term_string"}}],"inLanguage":"en-US"},{"@type":"Organization","@id":"https:\/\/kvenrettindafelag.is\/en\/#organization","name":"Kvenr\u00e9ttindaf\u00e9lag \u00cdslands","url":"https:\/\/kvenrettindafelag.is\/en\/","logo":{"@type":"ImageObject","inLanguage":"en-US","@id":"https:\/\/kvenrettindafelag.is\/en\/#\/schema\/logo\/image\/","url":"https:\/\/kvenrettindafelag.is\/wp-content\/uploads\/2016\/11\/logo_krfi_2015.png","contentUrl":"https:\/\/kvenrettindafelag.is\/wp-content\/uploads\/2016\/11\/logo_krfi_2015.png","width":400,"height":400,"caption":"Kvenr\u00e9ttindaf\u00e9lag \u00cdslands"},"image":{"@id":"https:\/\/kvenrettindafelag.is\/en\/#\/schema\/logo\/image\/"},"sameAs":["https:\/\/www.facebook.com\/kvenrettindafelag","https:\/\/x.com\/kvenrett","https:\/\/www.instagram.com\/kvenrett\/"]}]}},"_links":{"self":[{"href":"https:\/\/kvenrettindafelag.is\/en\/wp-json\/wp\/v2\/pages\/24018","targetHints":{"allow":["GET"]}}],"collection":[{"href":"https:\/\/kvenrettindafelag.is\/en\/wp-json\/wp\/v2\/pages"}],"about":[{"href":"https:\/\/kvenrettindafelag.is\/en\/wp-json\/wp\/v2\/types\/page"}],"author":[{"embeddable":true,"href":"https:\/\/kvenrettindafelag.is\/en\/wp-json\/wp\/v2\/users\/5"}],"replies":[{"embeddable":true,"href":"https:\/\/kvenrettindafelag.is\/en\/wp-json\/wp\/v2\/comments?post=24018"}],"version-history":[{"count":5,"href":"https:\/\/kvenrettindafelag.is\/en\/wp-json\/wp\/v2\/pages\/24018\/revisions"}],"predecessor-version":[{"id":24518,"href":"https:\/\/kvenrettindafelag.is\/en\/wp-json\/wp\/v2\/pages\/24018\/revisions\/24518"}],"up":[{"embeddable":true,"href":"https:\/\/kvenrettindafelag.is\/en\/wp-json\/wp\/v2\/pages\/3160"}],"wp:featuredmedia":[{"embeddable":true,"href":"https:\/\/kvenrettindafelag.is\/en\/wp-json\/wp\/v2\/media\/24013"}],"wp:attachment":[{"href":"https:\/\/kvenrettindafelag.is\/en\/wp-json\/wp\/v2\/media?parent=24018"}],"curies":[{"name":"wp","href":"https:\/\/api.w.org\/{rel}","templated":true}]}}