{"id":28815,"date":"2025-03-13T12:44:00","date_gmt":"2025-03-13T12:44:00","guid":{"rendered":"https:\/\/kvenrettindafelag.is\/?page_id=28815"},"modified":"2025-03-13T12:44:00","modified_gmt":"2025-03-13T12:44:00","slug":"our-history","status":"publish","type":"page","link":"https:\/\/kvenrettindafelag.is\/en\/about-us\/our-history\/","title":{"rendered":"Our History"},"content":{"rendered":"<div class=\"fusion-fullwidth fullwidth-box fusion-builder-row-1 fusion-flex-container has-pattern-background has-mask-background nonhundred-percent-fullwidth non-hundred-percent-height-scrolling\" style=\"--awb-border-radius-top-left:0px;--awb-border-radius-top-right:0px;--awb-border-radius-bottom-right:0px;--awb-border-radius-bottom-left:0px;--awb-flex-wrap:wrap;\" ><div class=\"fusion-builder-row fusion-row fusion-flex-align-items-flex-start fusion-flex-content-wrap\" style=\"max-width:calc( 1280px + 20px );margin-left: calc(-20px \/ 2 );margin-right: calc(-20px \/ 2 );\"><div class=\"fusion-layout-column fusion_builder_column fusion-builder-column-0 fusion_builder_column_1_4 1_4 fusion-flex-column\" style=\"--awb-bg-size:cover;--awb-width-large:25%;--awb-margin-top-large:20px;--awb-spacing-right-large:10px;--awb-margin-bottom-large:20px;--awb-spacing-left-large:10px;--awb-width-medium:100%;--awb-order-medium:0;--awb-spacing-right-medium:10px;--awb-spacing-left-medium:10px;--awb-width-small:100%;--awb-order-small:0;--awb-spacing-right-small:10px;--awb-spacing-left-small:10px;\" data-scroll-devices=\"small-visibility,medium-visibility,large-visibility\"><div class=\"fusion-column-wrapper fusion-column-has-shadow fusion-flex-justify-content-flex-start fusion-content-layout-column\"><div class=\"fusion-text fusion-text-1\"><nav class=\"awb-menu awb-menu_column awb-menu_em-hover mobile-mode-always-expanded awb-menu_icons-left awb-menu_dc-yes mobile-trigger-fullwidth-off awb-menu_mobile-toggle awb-menu_indent-left loading mega-menu-loading awb-menu_desktop awb-menu_dropdown awb-menu_expand-right awb-menu_transition-fade\" style=\"--awb-font-size:var(--awb-custom_typography_1-font-size);--awb-line-height:var(--awb-custom_typography_1-line-height);--awb-margin-bottom:30px;--awb-text-transform:uppercase;--awb-items-padding-bottom:10px;--awb-letter-spacing:var(--awb-custom_typography_1-letter-spacing);--awb-active-color:var(--awb-color4);--awb-main-justify-content:flex-start;--awb-mobile-color:var(--awb-color8);--awb-mobile-font-size:var(--awb-custom_typography_1-font-size);--awb-mobile-text-transform:uppercase;--awb-mobile-line-height:var(--awb-custom_typography_1-line-height);--awb-mobile-letter-spacing:var(--awb-custom_typography_1-letter-spacing);--awb-mobile-justify:flex-start;--awb-mobile-caret-left:auto;--awb-mobile-caret-right:0;--awb-fusion-font-family-typography:var(--awb-custom_typography_1-font-family);--awb-fusion-font-weight-typography:var(--awb-custom_typography_1-font-weight);--awb-fusion-font-style-typography:var(--awb-custom_typography_1-font-style);--awb-fusion-font-family-submenu-typography:inherit;--awb-fusion-font-style-submenu-typography:normal;--awb-fusion-font-weight-submenu-typography:400;--awb-fusion-font-family-mobile-typography:var(--awb-custom_typography_1-font-family);--awb-fusion-font-weight-mobile-typography:var(--awb-custom_typography_1-font-weight);--awb-fusion-font-style-mobile-typography:var(--awb-custom_typography_1-font-style);\" aria-label=\"Um okkur\" data-breakpoint=\"1024\" data-count=\"0\" data-transition-type=\"fade\" data-transition-time=\"300\" data-expand=\"right\"><button type=\"button\" class=\"awb-menu__m-toggle awb-menu__m-toggle_no-text\" aria-expanded=\"false\" aria-controls=\"menu-um-okkur\"><span class=\"awb-menu__m-toggle-inner\"><span class=\"collapsed-nav-text\"><span class=\"screen-reader-text\">Toggle Navigation<\/span><\/span><span class=\"awb-menu__m-collapse-icon awb-menu__m-collapse-icon_no-text\"><span class=\"awb-menu__m-collapse-icon-open awb-menu__m-collapse-icon-open_no-text fa-bars fas\"><\/span><span class=\"awb-menu__m-collapse-icon-close awb-menu__m-collapse-icon-close_no-text fa-times fas\"><\/span><\/span><\/span><\/button><ul id=\"menu-um-okkur\" class=\"fusion-menu awb-menu__main-ul awb-menu__main-ul_column\"><li  id=\"menu-item-27850\"  class=\"menu-item menu-item-type-post_type menu-item-object-page menu-item-27850 awb-menu__li awb-menu__main-li awb-menu__main-li_regular\"  data-item-id=\"27850\"><span class=\"awb-menu__main-background-default awb-menu__main-background-default_fade\"><\/span><span class=\"awb-menu__main-background-active awb-menu__main-background-active_fade\"><\/span><a  href=\"https:\/\/kvenrettindafelag.is\/um-okkur\/saga-kvenrettindafelagsins\/\" class=\"awb-menu__main-a awb-menu__main-a_regular\"><span class=\"menu-text\">Our History<\/span><\/a><\/li><li  id=\"menu-item-27852\"  class=\"menu-item menu-item-type-post_type menu-item-object-page menu-item-27852 awb-menu__li awb-menu__main-li awb-menu__main-li_regular\"  data-item-id=\"27852\"><span class=\"awb-menu__main-background-default awb-menu__main-background-default_fade\"><\/span><span class=\"awb-menu__main-background-active awb-menu__main-background-active_fade\"><\/span><a  href=\"https:\/\/kvenrettindafelag.is\/um-okkur\/folkid\/\" class=\"awb-menu__main-a awb-menu__main-a_regular\"><span class=\"menu-text\">Board and Staff<\/span><\/a><\/li><li  id=\"menu-item-27853\"  class=\"menu-item menu-item-type-post_type menu-item-object-page menu-item-27853 awb-menu__li awb-menu__main-li awb-menu__main-li_regular\"  data-item-id=\"27853\"><span class=\"awb-menu__main-background-default awb-menu__main-background-default_fade\"><\/span><span class=\"awb-menu__main-background-active awb-menu__main-background-active_fade\"><\/span><a  href=\"https:\/\/kvenrettindafelag.is\/um-okkur\/adildarfelog\/\" class=\"awb-menu__main-a awb-menu__main-a_regular\"><span class=\"menu-text\">Member Organizations<\/span><\/a><\/li><li  id=\"menu-item-27854\"  class=\"menu-item menu-item-type-post_type menu-item-object-page menu-item-27854 awb-menu__li awb-menu__main-li awb-menu__main-li_regular\"  data-item-id=\"27854\"><span class=\"awb-menu__main-background-default awb-menu__main-background-default_fade\"><\/span><span class=\"awb-menu__main-background-active awb-menu__main-background-active_fade\"><\/span><a  href=\"https:\/\/kvenrettindafelag.is\/um-okkur\/stefnuskra-log-og-reglur\/stefnuskra\/\" class=\"awb-menu__main-a awb-menu__main-a_regular\"><span class=\"menu-text\">Mission Statement<\/span><\/a><\/li><li  id=\"menu-item-27856\"  class=\"menu-item menu-item-type-post_type menu-item-object-page menu-item-27856 awb-menu__li awb-menu__main-li awb-menu__main-li_regular\"  data-item-id=\"27856\"><span class=\"awb-menu__main-background-default awb-menu__main-background-default_fade\"><\/span><span class=\"awb-menu__main-background-active awb-menu__main-background-active_fade\"><\/span><a  href=\"https:\/\/kvenrettindafelag.is\/um-okkur\/husid\/\" class=\"awb-menu__main-a awb-menu__main-a_regular\"><span class=\"menu-text\">Hallveigarsta\u00f0ir<\/span><\/a><\/li><li  id=\"menu-item-27858\"  class=\"menu-item menu-item-type-post_type menu-item-object-page menu-item-27858 awb-menu__li awb-menu__main-li awb-menu__main-li_regular\"  data-item-id=\"27858\"><span class=\"awb-menu__main-background-default awb-menu__main-background-default_fade\"><\/span><span class=\"awb-menu__main-background-active awb-menu__main-background-active_fade\"><\/span><a  href=\"https:\/\/kvenrettindafelag.is\/um-okkur\/samband\/\" class=\"awb-menu__main-a awb-menu__main-a_regular\"><span class=\"menu-text\">Contact Us<\/span><\/a><\/li><\/ul><\/nav>\n\n<\/div><\/div><\/div><div class=\"fusion-layout-column fusion_builder_column fusion-builder-column-1 fusion_builder_column_1_2 1_2 fusion-flex-column\" style=\"--awb-bg-size:cover;--awb-width-large:50%;--awb-margin-top-large:0px;--awb-spacing-right-large:10px;--awb-margin-bottom-large:0px;--awb-spacing-left-large:10px;--awb-width-medium:100%;--awb-spacing-right-medium:10px;--awb-spacing-left-medium:10px;--awb-width-small:100%;--awb-spacing-right-small:10px;--awb-spacing-left-small:10px;\"><div class=\"fusion-column-wrapper fusion-flex-justify-content-flex-start fusion-content-layout-column\"><div class=\"fusion-text fusion-text-2\" style=\"--awb-font-size:var(--awb-typography4-font-size);--awb-line-height:var(--awb-typography4-line-height);--awb-letter-spacing:var(--awb-typography4-letter-spacing);--awb-text-transform:var(--awb-typography4-text-transform);--awb-text-color:var(--awb-custom_color_4);--awb-text-font-family:var(--awb-typography4-font-family);--awb-text-font-weight:var(--awb-typography4-font-weight);--awb-text-font-style:var(--awb-typography4-font-style);\"><p><img decoding=\"async\" class=\"lazyload wp-image-5 size-full alignleft\" title=\"Br\u00edet Bjarnh\u00e9\u00f0insd\u00f3ttir\" src=\"data:image\/svg+xml,%3Csvg%20xmlns%3D%27http%3A%2F%2Fwww.w3.org%2F2000%2Fsvg%27%20width%3D%27150%27%20height%3D%27265%27%20viewBox%3D%270%200%20150%20265%27%3E%3Crect%20width%3D%27150%27%20height%3D%27265%27%20fill-opacity%3D%220%22%2F%3E%3C%2Fsvg%3E\" data-orig-src=\"https:\/\/kvenrettindafelag.is\/wp-content\/uploads\/2013\/09\/briet.jpg\" alt=\"\" width=\"150\" height=\"265\" \/><\/p>\n<p>Established in 1907, the Icelandic Women\u2019s Rights Association (IWRA) was the first formal organization of Icelandic women to focus its efforts on the struggle for political equality between men and women, as well as demanding equal access to education, political appointments and the workplace.<\/p>\n<p>The founder of IWRA was Br\u00edet Bjarnh\u00e9\u00f0insd\u00f3ttir, a leading voice in the Icelandic suffrage movement. She served as the first chair of the association and held that office until 1927, when her daughter, Laufey Valdimarsd\u00f3ttir, took over the post.<\/p>\n<h4 class=\"fusion-responsive-typography-calculated\" data-fontsize=\"20\" data-lineheight=\"30px\">Our Mission<\/h4>\n<p>In recent years, the focus of IWRA\u2019s work has been increasing women\u2018s representation in politics, eradicating gender income inequality, increasing the number of women in the police force and the judicial system, lobbying to make gender studies a mandatory subject in secondary schools, and raising awareness about harassment and violence against women online.<\/p>\n<p>Upon request by the Icelandic parliament and individual government ministers, we study and formally comment on parliamentary proposals and on other matters\u00a0relevant to\u00a0gender equality.<\/p>\n<p>We actively support women\u2018s culture and women artists, and encourage the excavation, preservation and celebration of women\u2018s history in Iceland. We publish\u00a0one of Iceland\u2019s oldest magazines,\u00a0<a href=\"https:\/\/www.kvenrettindafelag.is\/en\/our-work\/june-19-a-feminist-magazine\/\"><em>19. j\u00fan\u00ed<\/em><\/a>, an annual magazine about equality and women\u2019s rights, first published in 1951.<\/p>\n<p>We have published several books about women in politics and culture. Our most ambitious publication to date has been the history of the Icelandic Women\u2019s Rights Association 1907-1992, which, even today,\u00a0remains the most complete record of the women\u2019s rights movement in 20th century Iceland.<\/p>\n<p>We regularly host open\u00a0meetings, conferences, seminars and\u00a0other\u00a0events on gender equality, women\u2019s rights, and women\u2019s history and culture.<\/p>\n<h4 class=\"fusion-responsive-typography-calculated\" data-fontsize=\"20\" data-lineheight=\"30px\">Our Organization<\/h4>\n<p>The Icelandic Women\u2019s Rights Association is committed to cross-political action. Between 1944 and 2015, representatives from all\u00a0 political parties in Althingi, the Parliament of Iceland, served on the board of IWRA. Since 2015, IWRA has hosted annual meetings and talks on gender equality and women\u2019s representation in politics in cooperation with all political parties represented in Althingi.<\/p>\n<p>IWRA is\u00a0a founding member of the\u00a0<a href=\"http:\/\/www.humanrights.is\/en\">Icelandic Human Rights Centre<\/a>. IWRA actively cooperates with partner organizations in the Nordic and Baltic states, and has been a member of the\u00a0<a href=\"http:\/\/womenalliance.org\/\">International Alliance of Women (IAW)<\/a>\u00a0since 1907 and the\u00a0<a href=\"https:\/\/www.womenlobby.org\/\">European Women\u2019s Lobby (EWL)<\/a>\u00a0since 2019.<\/p>\n<p>The President of the Icelandic Women\u2019s Rights Association is Tatjana Latinovic. Helga D\u00f6gg Bj\u00f6rgvinsd\u00f3ttir serves as Vice President.<\/p>\n<p>Other executive board members are Ellen Calmon, Hildur Helga G\u00edslad\u00f3ttir, Rut Einarsd\u00f3ttir, S\u00f3lveig J\u00f3nasd\u00f3ttir and Stefan\u00eda Sigur\u00f0ard\u00f3ttir . Alternate board members are Eva Huld \u00cdvarsd\u00f3ttir, L\u00e1ra A\u00f0alsteinsd\u00f3ttir and Maria Hjar\u00f0ar.<\/p>\n<p>Brynhildur Hei\u00f0ar- og \u00d3marsd\u00f3ttir serves as Secretary General.<\/p>\n<\/div><\/div><\/div><\/div><\/div>\n","protected":false},"excerpt":{"rendered":"","protected":false},"author":18,"featured_media":0,"parent":1749,"menu_order":1,"comment_status":"closed","ping_status":"closed","template":"","meta":{"footnotes":""},"class_list":["post-28815","page","type-page","status-publish","hentry"],"yoast_head":"<!-- This site is optimized with the Yoast SEO plugin v26.6 - https:\/\/yoast.com\/wordpress\/plugins\/seo\/ -->\n<title>Our History - Kvenr\u00e9ttindaf\u00e9lag \u00cdslands<\/title>\n<meta name=\"robots\" content=\"index, follow, max-snippet:-1, max-image-preview:large, max-video-preview:-1\" \/>\n<link rel=\"canonical\" href=\"https:\/\/kvenrettindafelag.is\/en\/about-us\/our-history\/\" \/>\n<meta property=\"og:locale\" content=\"en_US\" \/>\n<meta property=\"og:type\" content=\"article\" \/>\n<meta property=\"og:title\" content=\"Our History - Kvenr\u00e9ttindaf\u00e9lag \u00cdslands\" \/>\n<meta property=\"og:url\" content=\"https:\/\/kvenrettindafelag.is\/en\/about-us\/our-history\/\" \/>\n<meta property=\"og:site_name\" content=\"Kvenr\u00e9ttindaf\u00e9lag \u00cdslands\" \/>\n<meta property=\"article:publisher\" content=\"https:\/\/www.facebook.com\/kvenrettindafelag\" \/>\n<meta property=\"og:image\" content=\"https:\/\/kvenrettindafelag.is\/wp-content\/uploads\/2013\/09\/briet.jpg\" \/>\n\t<meta property=\"og:image:width\" content=\"150\" \/>\n\t<meta property=\"og:image:height\" content=\"265\" \/>\n\t<meta property=\"og:image:type\" content=\"image\/jpeg\" \/>\n<meta name=\"twitter:card\" content=\"summary_large_image\" \/>\n<meta name=\"twitter:site\" content=\"@kvenrett\" \/>\n<script type=\"application\/ld+json\" class=\"yoast-schema-graph\">{\"@context\":\"https:\/\/schema.org\",\"@graph\":[{\"@type\":\"WebPage\",\"@id\":\"https:\/\/kvenrettindafelag.is\/en\/about-us\/our-history\/\",\"url\":\"https:\/\/kvenrettindafelag.is\/en\/about-us\/our-history\/\",\"name\":\"Our History - Kvenr\u00e9ttindaf\u00e9lag \u00cdslands\",\"isPartOf\":{\"@id\":\"https:\/\/kvenrettindafelag.is\/en\/#website\"},\"primaryImageOfPage\":{\"@id\":\"https:\/\/kvenrettindafelag.is\/en\/about-us\/our-history\/#primaryimage\"},\"image\":{\"@id\":\"https:\/\/kvenrettindafelag.is\/en\/about-us\/our-history\/#primaryimage\"},\"thumbnailUrl\":\"https:\/\/kvenrettindafelag.is\/wp-content\/uploads\/2013\/09\/briet.jpg\",\"datePublished\":\"2025-03-13T12:44:00+00:00\",\"breadcrumb\":{\"@id\":\"https:\/\/kvenrettindafelag.is\/en\/about-us\/our-history\/#breadcrumb\"},\"inLanguage\":\"en-US\",\"potentialAction\":[{\"@type\":\"ReadAction\",\"target\":[\"https:\/\/kvenrettindafelag.is\/en\/about-us\/our-history\/\"]}]},{\"@type\":\"ImageObject\",\"inLanguage\":\"en-US\",\"@id\":\"https:\/\/kvenrettindafelag.is\/en\/about-us\/our-history\/#primaryimage\",\"url\":\"https:\/\/kvenrettindafelag.is\/wp-content\/uploads\/2013\/09\/briet.jpg\",\"contentUrl\":\"https:\/\/kvenrettindafelag.is\/wp-content\/uploads\/2013\/09\/briet.jpg\"},{\"@type\":\"BreadcrumbList\",\"@id\":\"https:\/\/kvenrettindafelag.is\/en\/about-us\/our-history\/#breadcrumb\",\"itemListElement\":[{\"@type\":\"ListItem\",\"position\":1,\"name\":\"Home\",\"item\":\"https:\/\/kvenrettindafelag.is\/en\/kvenrettindafelag-islands\/\"},{\"@type\":\"ListItem\",\"position\":2,\"name\":\"About Us\",\"item\":\"https:\/\/kvenrettindafelag.is\/en\/um-okkur\/\"},{\"@type\":\"ListItem\",\"position\":3,\"name\":\"Our History\"}]},{\"@type\":\"WebSite\",\"@id\":\"https:\/\/kvenrettindafelag.is\/en\/#website\",\"url\":\"https:\/\/kvenrettindafelag.is\/en\/\",\"name\":\"Kvenr\u00e9ttindaf\u00e9lag \u00cdslands\",\"description\":\"\",\"publisher\":{\"@id\":\"https:\/\/kvenrettindafelag.is\/en\/#organization\"},\"potentialAction\":[{\"@type\":\"SearchAction\",\"target\":{\"@type\":\"EntryPoint\",\"urlTemplate\":\"https:\/\/kvenrettindafelag.is\/en\/?s={search_term_string}\"},\"query-input\":{\"@type\":\"PropertyValueSpecification\",\"valueRequired\":true,\"valueName\":\"search_term_string\"}}],\"inLanguage\":\"en-US\"},{\"@type\":\"Organization\",\"@id\":\"https:\/\/kvenrettindafelag.is\/en\/#organization\",\"name\":\"Kvenr\u00e9ttindaf\u00e9lag \u00cdslands\",\"url\":\"https:\/\/kvenrettindafelag.is\/en\/\",\"logo\":{\"@type\":\"ImageObject\",\"inLanguage\":\"en-US\",\"@id\":\"https:\/\/kvenrettindafelag.is\/en\/#\/schema\/logo\/image\/\",\"url\":\"https:\/\/kvenrettindafelag.is\/wp-content\/uploads\/2016\/11\/logo_krfi_2015.png\",\"contentUrl\":\"https:\/\/kvenrettindafelag.is\/wp-content\/uploads\/2016\/11\/logo_krfi_2015.png\",\"width\":400,\"height\":400,\"caption\":\"Kvenr\u00e9ttindaf\u00e9lag \u00cdslands\"},\"image\":{\"@id\":\"https:\/\/kvenrettindafelag.is\/en\/#\/schema\/logo\/image\/\"},\"sameAs\":[\"https:\/\/www.facebook.com\/kvenrettindafelag\",\"https:\/\/x.com\/kvenrett\",\"https:\/\/www.instagram.com\/kvenrett\/\"]}]}<\/script>\n<!-- \/ Yoast SEO plugin. -->","yoast_head_json":{"title":"Our History - Kvenr\u00e9ttindaf\u00e9lag \u00cdslands","robots":{"index":"index","follow":"follow","max-snippet":"max-snippet:-1","max-image-preview":"max-image-preview:large","max-video-preview":"max-video-preview:-1"},"canonical":"https:\/\/kvenrettindafelag.is\/en\/about-us\/our-history\/","og_locale":"en_US","og_type":"article","og_title":"Our History - Kvenr\u00e9ttindaf\u00e9lag \u00cdslands","og_url":"https:\/\/kvenrettindafelag.is\/en\/about-us\/our-history\/","og_site_name":"Kvenr\u00e9ttindaf\u00e9lag \u00cdslands","article_publisher":"https:\/\/www.facebook.com\/kvenrettindafelag","og_image":[{"width":150,"height":265,"url":"https:\/\/kvenrettindafelag.is\/wp-content\/uploads\/2013\/09\/briet.jpg","type":"image\/jpeg"}],"twitter_card":"summary_large_image","twitter_site":"@kvenrett","schema":{"@context":"https:\/\/schema.org","@graph":[{"@type":"WebPage","@id":"https:\/\/kvenrettindafelag.is\/en\/about-us\/our-history\/","url":"https:\/\/kvenrettindafelag.is\/en\/about-us\/our-history\/","name":"Our History - Kvenr\u00e9ttindaf\u00e9lag \u00cdslands","isPartOf":{"@id":"https:\/\/kvenrettindafelag.is\/en\/#website"},"primaryImageOfPage":{"@id":"https:\/\/kvenrettindafelag.is\/en\/about-us\/our-history\/#primaryimage"},"image":{"@id":"https:\/\/kvenrettindafelag.is\/en\/about-us\/our-history\/#primaryimage"},"thumbnailUrl":"https:\/\/kvenrettindafelag.is\/wp-content\/uploads\/2013\/09\/briet.jpg","datePublished":"2025-03-13T12:44:00+00:00","breadcrumb":{"@id":"https:\/\/kvenrettindafelag.is\/en\/about-us\/our-history\/#breadcrumb"},"inLanguage":"en-US","potentialAction":[{"@type":"ReadAction","target":["https:\/\/kvenrettindafelag.is\/en\/about-us\/our-history\/"]}]},{"@type":"ImageObject","inLanguage":"en-US","@id":"https:\/\/kvenrettindafelag.is\/en\/about-us\/our-history\/#primaryimage","url":"https:\/\/kvenrettindafelag.is\/wp-content\/uploads\/2013\/09\/briet.jpg","contentUrl":"https:\/\/kvenrettindafelag.is\/wp-content\/uploads\/2013\/09\/briet.jpg"},{"@type":"BreadcrumbList","@id":"https:\/\/kvenrettindafelag.is\/en\/about-us\/our-history\/#breadcrumb","itemListElement":[{"@type":"ListItem","position":1,"name":"Home","item":"https:\/\/kvenrettindafelag.is\/en\/kvenrettindafelag-islands\/"},{"@type":"ListItem","position":2,"name":"About Us","item":"https:\/\/kvenrettindafelag.is\/en\/um-okkur\/"},{"@type":"ListItem","position":3,"name":"Our History"}]},{"@type":"WebSite","@id":"https:\/\/kvenrettindafelag.is\/en\/#website","url":"https:\/\/kvenrettindafelag.is\/en\/","name":"Kvenr\u00e9ttindaf\u00e9lag \u00cdslands","description":"","publisher":{"@id":"https:\/\/kvenrettindafelag.is\/en\/#organization"},"potentialAction":[{"@type":"SearchAction","target":{"@type":"EntryPoint","urlTemplate":"https:\/\/kvenrettindafelag.is\/en\/?s={search_term_string}"},"query-input":{"@type":"PropertyValueSpecification","valueRequired":true,"valueName":"search_term_string"}}],"inLanguage":"en-US"},{"@type":"Organization","@id":"https:\/\/kvenrettindafelag.is\/en\/#organization","name":"Kvenr\u00e9ttindaf\u00e9lag \u00cdslands","url":"https:\/\/kvenrettindafelag.is\/en\/","logo":{"@type":"ImageObject","inLanguage":"en-US","@id":"https:\/\/kvenrettindafelag.is\/en\/#\/schema\/logo\/image\/","url":"https:\/\/kvenrettindafelag.is\/wp-content\/uploads\/2016\/11\/logo_krfi_2015.png","contentUrl":"https:\/\/kvenrettindafelag.is\/wp-content\/uploads\/2016\/11\/logo_krfi_2015.png","width":400,"height":400,"caption":"Kvenr\u00e9ttindaf\u00e9lag \u00cdslands"},"image":{"@id":"https:\/\/kvenrettindafelag.is\/en\/#\/schema\/logo\/image\/"},"sameAs":["https:\/\/www.facebook.com\/kvenrettindafelag","https:\/\/x.com\/kvenrett","https:\/\/www.instagram.com\/kvenrett\/"]}]}},"_links":{"self":[{"href":"https:\/\/kvenrettindafelag.is\/en\/wp-json\/wp\/v2\/pages\/28815","targetHints":{"allow":["GET"]}}],"collection":[{"href":"https:\/\/kvenrettindafelag.is\/en\/wp-json\/wp\/v2\/pages"}],"about":[{"href":"https:\/\/kvenrettindafelag.is\/en\/wp-json\/wp\/v2\/types\/page"}],"author":[{"embeddable":true,"href":"https:\/\/kvenrettindafelag.is\/en\/wp-json\/wp\/v2\/users\/18"}],"replies":[{"embeddable":true,"href":"https:\/\/kvenrettindafelag.is\/en\/wp-json\/wp\/v2\/comments?post=28815"}],"version-history":[{"count":1,"href":"https:\/\/kvenrettindafelag.is\/en\/wp-json\/wp\/v2\/pages\/28815\/revisions"}],"predecessor-version":[{"id":28817,"href":"https:\/\/kvenrettindafelag.is\/en\/wp-json\/wp\/v2\/pages\/28815\/revisions\/28817"}],"up":[{"embeddable":true,"href":"https:\/\/kvenrettindafelag.is\/en\/wp-json\/wp\/v2\/pages\/1749"}],"wp:attachment":[{"href":"https:\/\/kvenrettindafelag.is\/en\/wp-json\/wp\/v2\/media?parent=28815"}],"curies":[{"name":"wp","href":"https:\/\/api.w.org\/{rel}","templated":true}]}}