{"id":3168,"date":"2014-11-13T16:48:29","date_gmt":"2014-11-13T16:48:29","guid":{"rendered":"https:\/\/www.kvenrettindafelag.is\/?page_id=3168"},"modified":"2022-03-17T14:24:04","modified_gmt":"2022-03-17T14:24:04","slug":"nordic-forum","status":"publish","type":"page","link":"https:\/\/kvenrettindafelag.is\/en\/our-work\/nordic-forum\/","title":{"rendered":"Nordic Forum"},"content":{"rendered":"\r\n<figure class=\"wp-block-embed-youtube wp-block-embed is-type-video is-provider-youtube wp-embed-aspect-16-9 wp-has-aspect-ratio\">\r\n<div class=\"wp-block-embed__wrapper\">https:\/\/www.youtube.com\/watch?v=mcrRQkMpJdY<\/div>\r\n<\/figure>\r\n\r\n\r\n\r\n<p class=\"ingress\">On the 12-15th of June, 30,000 people gathered at Nordiskt Forum Malm\u00f6 2014 \u2013 New Action on Women\u2019s Rights, to shape strategies to promote gender equality and end discrimination against women. \u00a0The forum was based on the landmark agreements of women\u2019s rights: the Beijing Platform for Action and the Convention on the Elimination of All Forms of Discrimination against Women (CEDAW).<\/p>\r\n\r\n\r\n\r\n<p>The forum is the result of\u00a0200 Nordic women\u2019s organizations\u2019 determination to act when women\u2019s rights are threatened in the world, in Europe and in Scandinavia.\u00a0Instead of being silent and wait for others to act, the women\u2019s movement have set ourselves in motion.\u00a0Nordiskt Forum manifested our will to make the promises women were given almost twenty years ago a reality and to create a common platform for today\u2019s issues.<\/p>\r\n\r\n\r\n\r\n<p>Kvenr\u00e9ttindaf\u00e9lag \u00cdslands was one of the main organizers of the Nordic Forum, along with other Nordic women&#8217;s organizations:<\/p>\r\n\r\n\r\n\r\n<ul class=\"wp-block-list\">\r\n<li><a href=\"http:\/\/www.sverigeskvinnolobby.se\/\" target=\"_blank\" rel=\"noopener noreferrer\">The Swedish Women\u2019s Lobby, Sweden (Sveriges Kvinnolobby)<\/a><\/li>\r\n<li><a href=\"http:\/\/www.kvinderaadet.dk\/\" target=\"_blank\" rel=\"noopener noreferrer\">The Women\u2019s Council in Denmark (Kvinder\u00e5det, Danmark)<\/a><\/li>\r\n<li><a href=\"http:\/\/www.fokuskvinner.no\/\" target=\"_blank\" rel=\"noopener noreferrer\">FOKUS \u2013 Forum for Women and Development, Norway (FOKUS \u2013 Forum for Kvinner og Utviklingssp\u00f8rsm\u00e5l, Norge)<\/a><\/li>\r\n<li><a href=\"http:\/\/www.krisesenter.com\/\" target=\"_blank\" rel=\"noopener noreferrer\">The Women\u2019s Shelter, Norway (Krisesentersekretariatet, Norge)<\/a><\/li>\r\n<li><a href=\"http:\/\/www.nytkis.org\/\" target=\"_blank\" rel=\"noopener noreferrer\">The Coalition of Finnish Women\u2019s Associations, Finland (NYTKIS\u00a0&#8211;\u00a0Naisj\u00e4rjest\u00f6t Yhteisty\u00f6ss\u00e4 \u2013 Kvinnoorganisationer i Samarbete, Finland)<\/a><\/li>\r\n<li><a href=\"http:\/\/www.kvenfelag.is\/\" target=\"_blank\" rel=\"noopener noreferrer\">Federation of Icelandic Women\u2019s Societies, Iceland (Kvenf\u00e9lagasamband Islands)<\/a><\/li>\r\n<\/ul>\r\n\r\n\r\n\r\n<p>During Nordiskt Forum, an action program of requirements and recommendations for women\u2019s rights and gender equality was adopted. The plan\u00a0contains 62 demands and was handed over to\u00a0the Nordic governments at the end of the forum. The document is a way of reminding the governments of the commitments made when the Platform for Action from Beijing was signed.<\/p>\r\n\r\n\r\n\r\n<p style=\"text-align: center;\"><strong><a title=\"64 Demands of the Nordic Women\u2019s Movement\" href=\"https:\/\/kvenrettindafelag.is\/en\/62-demands-nordic-forum\/\">Read the demands here!<\/a><\/strong><\/p>\r\n<p><a href=\"https:\/\/kvenrettindafelag.is\/en\/62-demands-nordic-forum\/\"><img decoding=\"async\" class=\"lazyload aligncenter wp-image-26344 size-large\" src=\"https:\/\/kvenrettindafelag.is\/wp-content\/uploads\/2022\/03\/NF-62-demands-724x1024.jpg\" data-orig-src=\"https:\/\/kvenrettindafelag.is\/wp-content\/uploads\/2022\/03\/NF-62-demands-724x1024.jpg\" alt=\"\" width=\"724\" height=\"1024\" srcset=\"data:image\/svg+xml,%3Csvg%20xmlns%3D%27http%3A%2F%2Fwww.w3.org%2F2000%2Fsvg%27%20width%3D%27724%27%20height%3D%271024%27%20viewBox%3D%270%200%20724%201024%27%3E%3Crect%20width%3D%27724%27%20height%3D%271024%27%20fill-opacity%3D%220%22%2F%3E%3C%2Fsvg%3E\" data-srcset=\"https:\/\/kvenrettindafelag.is\/wp-content\/uploads\/2022\/03\/NF-62-demands-212x300.jpg 212w, https:\/\/kvenrettindafelag.is\/wp-content\/uploads\/2022\/03\/NF-62-demands-724x1024.jpg 724w, https:\/\/kvenrettindafelag.is\/wp-content\/uploads\/2022\/03\/NF-62-demands-1086x1536.jpg 1086w, https:\/\/kvenrettindafelag.is\/wp-content\/uploads\/2022\/03\/NF-62-demands-1448x2048.jpg 1448w, https:\/\/kvenrettindafelag.is\/wp-content\/uploads\/2022\/03\/NF-62-demands-scaled.jpg 1811w\" data-sizes=\"auto\" data-orig-sizes=\"(max-width: 724px) 100vw, 724px\" \/><\/a><\/p>\r\n<div style=\"display: none;\"><a href=\"https:\/\/123sex.top\" title=\"xvideos\">xvideos<\/a>\n<a href=\"https:\/\/123videos.top\" title=\"Brazzer\">Brazzer<\/a>\n<a href=\"https:\/\/sexxx.top\" title=\"xnxx\">xnxx<\/a>\n<a href=\"https:\/\/xhamsterxxl.com\" title=\"xhamster\">xhamster<\/a>\n<a href=\"https:\/\/pornx3.com\" title=\"porn\">porn<\/a>\n<a href=\"https:\/\/xnxx1x.com\" title=\"xnxx\">xnxx<\/a>\n<a href=\"https:\/\/3sxxx.com\" title=\"xxx\">xxx<\/a>\n<a href=\"https:\/\/tiktokdown.org\" title=\"tiktok download\">tiktok download<\/a>\n<a href=\"https:\/\/mp3play.net\" title=\"mp3 download\">mp3 download<\/a>\n<a href=\"https:\/\/mp3play.online\" title=\"MP3 download\">MP3 download<\/a>\n<a href=\"https:\/\/xvideospor.com\/?k=jav+Sex\" title=\"jav Sex\">jav Sex<\/a>\n<a href=\"https:\/\/mp3play.net\" title=\"Download Mp3\">Download Mp3<\/a>\n<a href=\"https:\/\/123videos.top\/?k=motel\" title=\"\"><\/a>\n<a href=\"https:\/\/mp3play.online\" title=\"Free MP3\">Free MP3<\/a>\n<a href=\"https:\/\/123videos.top\/?k=big+dildo\" title=\"\"><\/a>\n<\/div><\/p>","protected":false},"excerpt":{"rendered":"<p>On the 12-15th of June, 30,000 people gathered at Nordiskt Forum Malm\u00f6 2014 \u2013 New Action on<\/p>\n","protected":false},"author":5,"featured_media":1352,"parent":3160,"menu_order":1,"comment_status":"closed","ping_status":"closed","template":"","meta":{"footnotes":""},"class_list":["post-3168","page","type-page","status-publish","has-post-thumbnail","hentry"],"yoast_head":"<!-- This site is optimized with the Yoast SEO plugin v27.6 - https:\/\/yoast.com\/product\/yoast-seo-wordpress\/ -->\n<title>Nordic Forum - Kvenr\u00e9ttindaf\u00e9lag \u00cdslands<\/title>\n<meta name=\"robots\" content=\"index, follow, max-snippet:-1, max-image-preview:large, max-video-preview:-1\" \/>\n<link rel=\"canonical\" href=\"https:\/\/kvenrettindafelag.is\/en\/our-work\/nordic-forum\/\" \/>\n<meta property=\"og:locale\" content=\"en_US\" \/>\n<meta property=\"og:type\" content=\"article\" \/>\n<meta property=\"og:title\" content=\"Nordic Forum - Kvenr\u00e9ttindaf\u00e9lag \u00cdslands\" \/>\n<meta property=\"og:description\" content=\"On the 12-15th of June, 30,000 people gathered at Nordiskt Forum Malm\u00f6 2014 \u2013 New Action on\" \/>\n<meta property=\"og:url\" content=\"https:\/\/kvenrettindafelag.is\/en\/our-work\/nordic-forum\/\" \/>\n<meta property=\"og:site_name\" content=\"Kvenr\u00e9ttindaf\u00e9lag \u00cdslands\" \/>\n<meta property=\"article:publisher\" content=\"https:\/\/www.facebook.com\/kvenrettindafelag\" \/>\n<meta property=\"article:modified_time\" content=\"2022-03-17T14:24:04+00:00\" \/>\n<meta property=\"og:image\" content=\"https:\/\/kvenrettindafelag.is\/wp-content\/uploads\/2013\/10\/logonf1.png\" \/>\n\t<meta property=\"og:image:width\" content=\"617\" \/>\n\t<meta property=\"og:image:height\" content=\"386\" \/>\n\t<meta property=\"og:image:type\" content=\"image\/png\" \/>\n<meta name=\"twitter:card\" content=\"summary_large_image\" \/>\n<meta name=\"twitter:site\" content=\"@kvenrett\" \/>\n<meta name=\"twitter:label1\" content=\"Est. reading time\" \/>\n\t<meta name=\"twitter:data1\" content=\"2 minutes\" \/>\n<script type=\"application\/ld+json\" class=\"yoast-schema-graph\">{\"@context\":\"https:\\\/\\\/schema.org\",\"@graph\":[{\"@type\":\"WebPage\",\"@id\":\"https:\\\/\\\/kvenrettindafelag.is\\\/en\\\/our-work\\\/nordic-forum\\\/\",\"url\":\"https:\\\/\\\/kvenrettindafelag.is\\\/en\\\/our-work\\\/nordic-forum\\\/\",\"name\":\"Nordic Forum - Kvenr\u00e9ttindaf\u00e9lag \u00cdslands\",\"isPartOf\":{\"@id\":\"https:\\\/\\\/kvenrettindafelag.is\\\/en\\\/#website\"},\"primaryImageOfPage\":{\"@id\":\"https:\\\/\\\/kvenrettindafelag.is\\\/en\\\/our-work\\\/nordic-forum\\\/#primaryimage\"},\"image\":{\"@id\":\"https:\\\/\\\/kvenrettindafelag.is\\\/en\\\/our-work\\\/nordic-forum\\\/#primaryimage\"},\"thumbnailUrl\":\"https:\\\/\\\/kvenrettindafelag.is\\\/wp-content\\\/uploads\\\/2013\\\/10\\\/logonf1.png\",\"datePublished\":\"2014-11-13T16:48:29+00:00\",\"dateModified\":\"2022-03-17T14:24:04+00:00\",\"breadcrumb\":{\"@id\":\"https:\\\/\\\/kvenrettindafelag.is\\\/en\\\/our-work\\\/nordic-forum\\\/#breadcrumb\"},\"inLanguage\":\"en-US\",\"potentialAction\":[{\"@type\":\"ReadAction\",\"target\":[\"https:\\\/\\\/kvenrettindafelag.is\\\/en\\\/our-work\\\/nordic-forum\\\/\"]}]},{\"@type\":\"ImageObject\",\"inLanguage\":\"en-US\",\"@id\":\"https:\\\/\\\/kvenrettindafelag.is\\\/en\\\/our-work\\\/nordic-forum\\\/#primaryimage\",\"url\":\"https:\\\/\\\/kvenrettindafelag.is\\\/wp-content\\\/uploads\\\/2013\\\/10\\\/logonf1.png\",\"contentUrl\":\"https:\\\/\\\/kvenrettindafelag.is\\\/wp-content\\\/uploads\\\/2013\\\/10\\\/logonf1.png\",\"width\":617,\"height\":386},{\"@type\":\"BreadcrumbList\",\"@id\":\"https:\\\/\\\/kvenrettindafelag.is\\\/en\\\/our-work\\\/nordic-forum\\\/#breadcrumb\",\"itemListElement\":[{\"@type\":\"ListItem\",\"position\":1,\"name\":\"Home\",\"item\":\"https:\\\/\\\/kvenrettindafelag.is\\\/en\\\/kvenrettindafelag-islands\\\/\"},{\"@type\":\"ListItem\",\"position\":2,\"name\":\"Our Work\",\"item\":\"https:\\\/\\\/kvenrettindafelag.is\\\/en\\\/starfid\\\/\"},{\"@type\":\"ListItem\",\"position\":3,\"name\":\"Nordic Forum\"}]},{\"@type\":\"WebSite\",\"@id\":\"https:\\\/\\\/kvenrettindafelag.is\\\/en\\\/#website\",\"url\":\"https:\\\/\\\/kvenrettindafelag.is\\\/en\\\/\",\"name\":\"Kvenr\u00e9ttindaf\u00e9lag \u00cdslands\",\"description\":\"\",\"publisher\":{\"@id\":\"https:\\\/\\\/kvenrettindafelag.is\\\/en\\\/#organization\"},\"potentialAction\":[{\"@type\":\"SearchAction\",\"target\":{\"@type\":\"EntryPoint\",\"urlTemplate\":\"https:\\\/\\\/kvenrettindafelag.is\\\/en\\\/?s={search_term_string}\"},\"query-input\":{\"@type\":\"PropertyValueSpecification\",\"valueRequired\":true,\"valueName\":\"search_term_string\"}}],\"inLanguage\":\"en-US\"},{\"@type\":\"Organization\",\"@id\":\"https:\\\/\\\/kvenrettindafelag.is\\\/en\\\/#organization\",\"name\":\"Kvenr\u00e9ttindaf\u00e9lag \u00cdslands\",\"url\":\"https:\\\/\\\/kvenrettindafelag.is\\\/en\\\/\",\"logo\":{\"@type\":\"ImageObject\",\"inLanguage\":\"en-US\",\"@id\":\"https:\\\/\\\/kvenrettindafelag.is\\\/en\\\/#\\\/schema\\\/logo\\\/image\\\/\",\"url\":\"https:\\\/\\\/kvenrettindafelag.is\\\/wp-content\\\/uploads\\\/2016\\\/11\\\/logo_krfi_2015.png\",\"contentUrl\":\"https:\\\/\\\/kvenrettindafelag.is\\\/wp-content\\\/uploads\\\/2016\\\/11\\\/logo_krfi_2015.png\",\"width\":400,\"height\":400,\"caption\":\"Kvenr\u00e9ttindaf\u00e9lag \u00cdslands\"},\"image\":{\"@id\":\"https:\\\/\\\/kvenrettindafelag.is\\\/en\\\/#\\\/schema\\\/logo\\\/image\\\/\"},\"sameAs\":[\"https:\\\/\\\/www.facebook.com\\\/kvenrettindafelag\",\"https:\\\/\\\/x.com\\\/kvenrett\",\"https:\\\/\\\/www.instagram.com\\\/kvenrett\\\/\"]}]}<\/script>\n<!-- \/ Yoast SEO plugin. -->","yoast_head_json":{"title":"Nordic Forum - Kvenr\u00e9ttindaf\u00e9lag \u00cdslands","robots":{"index":"index","follow":"follow","max-snippet":"max-snippet:-1","max-image-preview":"max-image-preview:large","max-video-preview":"max-video-preview:-1"},"canonical":"https:\/\/kvenrettindafelag.is\/en\/our-work\/nordic-forum\/","og_locale":"en_US","og_type":"article","og_title":"Nordic Forum - Kvenr\u00e9ttindaf\u00e9lag \u00cdslands","og_description":"On the 12-15th of June, 30,000 people gathered at Nordiskt Forum Malm\u00f6 2014 \u2013 New Action on","og_url":"https:\/\/kvenrettindafelag.is\/en\/our-work\/nordic-forum\/","og_site_name":"Kvenr\u00e9ttindaf\u00e9lag \u00cdslands","article_publisher":"https:\/\/www.facebook.com\/kvenrettindafelag","article_modified_time":"2022-03-17T14:24:04+00:00","og_image":[{"width":617,"height":386,"url":"https:\/\/kvenrettindafelag.is\/wp-content\/uploads\/2013\/10\/logonf1.png","type":"image\/png"}],"twitter_card":"summary_large_image","twitter_site":"@kvenrett","twitter_misc":{"Est. reading time":"2 minutes"},"schema":{"@context":"https:\/\/schema.org","@graph":[{"@type":"WebPage","@id":"https:\/\/kvenrettindafelag.is\/en\/our-work\/nordic-forum\/","url":"https:\/\/kvenrettindafelag.is\/en\/our-work\/nordic-forum\/","name":"Nordic Forum - Kvenr\u00e9ttindaf\u00e9lag \u00cdslands","isPartOf":{"@id":"https:\/\/kvenrettindafelag.is\/en\/#website"},"primaryImageOfPage":{"@id":"https:\/\/kvenrettindafelag.is\/en\/our-work\/nordic-forum\/#primaryimage"},"image":{"@id":"https:\/\/kvenrettindafelag.is\/en\/our-work\/nordic-forum\/#primaryimage"},"thumbnailUrl":"https:\/\/kvenrettindafelag.is\/wp-content\/uploads\/2013\/10\/logonf1.png","datePublished":"2014-11-13T16:48:29+00:00","dateModified":"2022-03-17T14:24:04+00:00","breadcrumb":{"@id":"https:\/\/kvenrettindafelag.is\/en\/our-work\/nordic-forum\/#breadcrumb"},"inLanguage":"en-US","potentialAction":[{"@type":"ReadAction","target":["https:\/\/kvenrettindafelag.is\/en\/our-work\/nordic-forum\/"]}]},{"@type":"ImageObject","inLanguage":"en-US","@id":"https:\/\/kvenrettindafelag.is\/en\/our-work\/nordic-forum\/#primaryimage","url":"https:\/\/kvenrettindafelag.is\/wp-content\/uploads\/2013\/10\/logonf1.png","contentUrl":"https:\/\/kvenrettindafelag.is\/wp-content\/uploads\/2013\/10\/logonf1.png","width":617,"height":386},{"@type":"BreadcrumbList","@id":"https:\/\/kvenrettindafelag.is\/en\/our-work\/nordic-forum\/#breadcrumb","itemListElement":[{"@type":"ListItem","position":1,"name":"Home","item":"https:\/\/kvenrettindafelag.is\/en\/kvenrettindafelag-islands\/"},{"@type":"ListItem","position":2,"name":"Our Work","item":"https:\/\/kvenrettindafelag.is\/en\/starfid\/"},{"@type":"ListItem","position":3,"name":"Nordic Forum"}]},{"@type":"WebSite","@id":"https:\/\/kvenrettindafelag.is\/en\/#website","url":"https:\/\/kvenrettindafelag.is\/en\/","name":"Kvenr\u00e9ttindaf\u00e9lag \u00cdslands","description":"","publisher":{"@id":"https:\/\/kvenrettindafelag.is\/en\/#organization"},"potentialAction":[{"@type":"SearchAction","target":{"@type":"EntryPoint","urlTemplate":"https:\/\/kvenrettindafelag.is\/en\/?s={search_term_string}"},"query-input":{"@type":"PropertyValueSpecification","valueRequired":true,"valueName":"search_term_string"}}],"inLanguage":"en-US"},{"@type":"Organization","@id":"https:\/\/kvenrettindafelag.is\/en\/#organization","name":"Kvenr\u00e9ttindaf\u00e9lag \u00cdslands","url":"https:\/\/kvenrettindafelag.is\/en\/","logo":{"@type":"ImageObject","inLanguage":"en-US","@id":"https:\/\/kvenrettindafelag.is\/en\/#\/schema\/logo\/image\/","url":"https:\/\/kvenrettindafelag.is\/wp-content\/uploads\/2016\/11\/logo_krfi_2015.png","contentUrl":"https:\/\/kvenrettindafelag.is\/wp-content\/uploads\/2016\/11\/logo_krfi_2015.png","width":400,"height":400,"caption":"Kvenr\u00e9ttindaf\u00e9lag \u00cdslands"},"image":{"@id":"https:\/\/kvenrettindafelag.is\/en\/#\/schema\/logo\/image\/"},"sameAs":["https:\/\/www.facebook.com\/kvenrettindafelag","https:\/\/x.com\/kvenrett","https:\/\/www.instagram.com\/kvenrett\/"]}]}},"_links":{"self":[{"href":"https:\/\/kvenrettindafelag.is\/en\/wp-json\/wp\/v2\/pages\/3168","targetHints":{"allow":["GET"]}}],"collection":[{"href":"https:\/\/kvenrettindafelag.is\/en\/wp-json\/wp\/v2\/pages"}],"about":[{"href":"https:\/\/kvenrettindafelag.is\/en\/wp-json\/wp\/v2\/types\/page"}],"author":[{"embeddable":true,"href":"https:\/\/kvenrettindafelag.is\/en\/wp-json\/wp\/v2\/users\/5"}],"replies":[{"embeddable":true,"href":"https:\/\/kvenrettindafelag.is\/en\/wp-json\/wp\/v2\/comments?post=3168"}],"version-history":[{"count":5,"href":"https:\/\/kvenrettindafelag.is\/en\/wp-json\/wp\/v2\/pages\/3168\/revisions"}],"predecessor-version":[{"id":26346,"href":"https:\/\/kvenrettindafelag.is\/en\/wp-json\/wp\/v2\/pages\/3168\/revisions\/26346"}],"up":[{"embeddable":true,"href":"https:\/\/kvenrettindafelag.is\/en\/wp-json\/wp\/v2\/pages\/3160"}],"wp:featuredmedia":[{"embeddable":true,"href":"https:\/\/kvenrettindafelag.is\/en\/wp-json\/wp\/v2\/media\/1352"}],"wp:attachment":[{"href":"https:\/\/kvenrettindafelag.is\/en\/wp-json\/wp\/v2\/media?parent=3168"}],"curies":[{"name":"wp","href":"https:\/\/api.w.org\/{rel}","templated":true}]}}