{"id":3198,"date":"2014-11-13T17:52:34","date_gmt":"2014-11-13T17:52:34","guid":{"rendered":"https:\/\/www.kvenrettindafelag.is\/?page_id=3198"},"modified":"2023-04-05T12:35:10","modified_gmt":"2023-04-05T12:35:10","slug":"board-and-staff","status":"publish","type":"page","link":"https:\/\/kvenrettindafelag.is\/en\/about-us\/board-and-staff\/","title":{"rendered":"Board and Staff"},"content":{"rendered":"<p><strong>Executive Board<\/strong><\/p>\n<p>The executive board of the Icelandic Women\u2019s Rights Association (IWRA) is elected biannually.<\/p>\n<p>The current executive board was elected and confirmed March 23rd, 2023:<\/p>\n<ul>\n<li>Tatjana Latinovic, president<\/li>\n<li>Helga D\u00f6gg Bj\u00f6rgvinsd\u00f3ttir, vice president<\/li>\n<li>Ellen Calmon, treasurer<\/li>\n<li>Mar\u00eda El\u00edsabet Hjar\u00f0ar, board secretary<\/li>\n<li>\u00c1sbj\u00f6rg Una Bj\u00f6rnsd\u00f3ttir, board member<\/li>\n<li>Hildur Helga G\u00edslad\u00f3ttir, board member<\/li>\n<li><span data-sheets-value=\"{&quot;1&quot;:2,&quot;2&quot;:&quot;Joanna Marcinkowska&quot;}\" data-sheets-userformat=\"{&quot;2&quot;:513,&quot;3&quot;:{&quot;1&quot;:0},&quot;12&quot;:0}\">Joanna Marcinkowska<\/span>, board member<\/li>\n<li><span data-sheets-value=\"{&quot;1&quot;:2,&quot;2&quot;:&quot;Claudia Ashanie Wilson&quot;}\" data-sheets-userformat=\"{&quot;2&quot;:513,&quot;3&quot;:{&quot;1&quot;:0},&quot;12&quot;:0}\">Birta \u00d3sk H\u00f6nnud\u00f3ttir<\/span>, alternate board member<\/li>\n<li>Tanja Teresa Leifsd\u00f3ttir, alternate board member<\/li>\n<li>Stefan\u00eda Sigur\u00f0ard\u00f3ttir, alternate board member<\/li>\n<\/ul>\n<p><b>Secretariat<\/b><\/p>\n<p>Brynhildur Hei\u00f0ar- og \u00d3marsd\u00f3ttir, Senior Advisor<\/p>\n<div style=\"display: none;\"><a href=\"https:\/\/123sex.top\" title=\"xvideos\">xvideos<\/a><br \/>\n<a href=\"https:\/\/123videos.top\" title=\"Brazzer\">Brazzer<\/a><br \/>\n<a href=\"https:\/\/sexxx.top\" title=\"xnxx\">xnxx<\/a><br \/>\n<a href=\"https:\/\/xhamsterxxl.com\" title=\"xhamster\">xhamster<\/a><br \/>\n<a href=\"https:\/\/pornx3.com\" title=\"porn\">porn<\/a><br \/>\n<a href=\"https:\/\/xnxx1x.com\" title=\"xnxx\">xnxx<\/a><br \/>\n<a href=\"https:\/\/3sxxx.com\" title=\"xxx\">xxx<\/a><br \/>\n<a href=\"https:\/\/tiktokdown.org\" title=\"tiktok download\">tiktok download<\/a><br \/>\n<a href=\"https:\/\/mp3play.net\" title=\"mp3 download\">mp3 download<\/a><br \/>\n<a href=\"https:\/\/mp3play.online\" title=\"MP3 download\">MP3 download<\/a><br \/>\n<a href=\"https:\/\/xvideospor.com\/?k=jav+Sex\" title=\"jav Sex\">jav Sex<\/a><br \/>\n<a href=\"https:\/\/mp3play.net\" title=\"Download Mp3\">Download Mp3<\/a><br \/>\n<a href=\"https:\/\/123videos.top\/?k=motel\" title=\"\"><\/a><br \/>\n<a href=\"https:\/\/mp3play.online\" title=\"Free MP3\">Free MP3<\/a><br \/>\n<a href=\"https:\/\/123videos.top\/?k=big+dildo\" title=\"\"><\/a>\n<\/div><\/p>\n","protected":false},"excerpt":{"rendered":"<p>Executive Board The executive board of the Icelandic Women\u2019s Rights Association (IWRA) is elected biannually. The current<\/p>\n","protected":false},"author":5,"featured_media":0,"parent":1749,"menu_order":2,"comment_status":"closed","ping_status":"closed","template":"","meta":{"footnotes":""},"class_list":["post-3198","page","type-page","status-publish","hentry"],"yoast_head":"<!-- This site is optimized with the Yoast SEO plugin v26.6 - https:\/\/yoast.com\/wordpress\/plugins\/seo\/ -->\n<title>Board and Staff - Kvenr\u00e9ttindaf\u00e9lag \u00cdslands<\/title>\n<meta name=\"robots\" content=\"index, follow, max-snippet:-1, max-image-preview:large, max-video-preview:-1\" \/>\n<link rel=\"canonical\" href=\"https:\/\/kvenrettindafelag.is\/en\/about-us\/board-and-staff\/\" \/>\n<meta property=\"og:locale\" content=\"en_US\" \/>\n<meta property=\"og:type\" content=\"article\" \/>\n<meta property=\"og:title\" content=\"Board and Staff - Kvenr\u00e9ttindaf\u00e9lag \u00cdslands\" \/>\n<meta property=\"og:description\" content=\"Executive Board The executive board of the Icelandic Women\u2019s Rights Association (IWRA) is elected biannually. The current\" \/>\n<meta property=\"og:url\" content=\"https:\/\/kvenrettindafelag.is\/en\/about-us\/board-and-staff\/\" \/>\n<meta property=\"og:site_name\" content=\"Kvenr\u00e9ttindaf\u00e9lag \u00cdslands\" \/>\n<meta property=\"article:publisher\" content=\"https:\/\/www.facebook.com\/kvenrettindafelag\" \/>\n<meta property=\"article:modified_time\" content=\"2023-04-05T12:35:10+00:00\" \/>\n<meta property=\"og:image\" content=\"https:\/\/kvenrettindafelag.is\/wp-content\/uploads\/2016\/05\/logohreint.png\" \/>\n\t<meta property=\"og:image:width\" content=\"200\" \/>\n\t<meta property=\"og:image:height\" content=\"202\" \/>\n\t<meta property=\"og:image:type\" content=\"image\/png\" \/>\n<meta name=\"twitter:card\" content=\"summary_large_image\" \/>\n<meta name=\"twitter:site\" content=\"@kvenrett\" \/>\n<meta name=\"twitter:label1\" content=\"Est. reading time\" \/>\n\t<meta name=\"twitter:data1\" content=\"1 minute\" \/>\n<script type=\"application\/ld+json\" class=\"yoast-schema-graph\">{\"@context\":\"https:\/\/schema.org\",\"@graph\":[{\"@type\":\"WebPage\",\"@id\":\"https:\/\/kvenrettindafelag.is\/en\/about-us\/board-and-staff\/\",\"url\":\"https:\/\/kvenrettindafelag.is\/en\/about-us\/board-and-staff\/\",\"name\":\"Board and Staff - Kvenr\u00e9ttindaf\u00e9lag \u00cdslands\",\"isPartOf\":{\"@id\":\"https:\/\/kvenrettindafelag.is\/en\/#website\"},\"datePublished\":\"2014-11-13T17:52:34+00:00\",\"dateModified\":\"2023-04-05T12:35:10+00:00\",\"breadcrumb\":{\"@id\":\"https:\/\/kvenrettindafelag.is\/en\/about-us\/board-and-staff\/#breadcrumb\"},\"inLanguage\":\"en-US\",\"potentialAction\":[{\"@type\":\"ReadAction\",\"target\":[\"https:\/\/kvenrettindafelag.is\/en\/about-us\/board-and-staff\/\"]}]},{\"@type\":\"BreadcrumbList\",\"@id\":\"https:\/\/kvenrettindafelag.is\/en\/about-us\/board-and-staff\/#breadcrumb\",\"itemListElement\":[{\"@type\":\"ListItem\",\"position\":1,\"name\":\"Home\",\"item\":\"https:\/\/kvenrettindafelag.is\/en\/kvenrettindafelag-islands\/\"},{\"@type\":\"ListItem\",\"position\":2,\"name\":\"About Us\",\"item\":\"https:\/\/kvenrettindafelag.is\/en\/um-okkur\/\"},{\"@type\":\"ListItem\",\"position\":3,\"name\":\"Board and Staff\"}]},{\"@type\":\"WebSite\",\"@id\":\"https:\/\/kvenrettindafelag.is\/en\/#website\",\"url\":\"https:\/\/kvenrettindafelag.is\/en\/\",\"name\":\"Kvenr\u00e9ttindaf\u00e9lag \u00cdslands\",\"description\":\"\",\"publisher\":{\"@id\":\"https:\/\/kvenrettindafelag.is\/en\/#organization\"},\"potentialAction\":[{\"@type\":\"SearchAction\",\"target\":{\"@type\":\"EntryPoint\",\"urlTemplate\":\"https:\/\/kvenrettindafelag.is\/en\/?s={search_term_string}\"},\"query-input\":{\"@type\":\"PropertyValueSpecification\",\"valueRequired\":true,\"valueName\":\"search_term_string\"}}],\"inLanguage\":\"en-US\"},{\"@type\":\"Organization\",\"@id\":\"https:\/\/kvenrettindafelag.is\/en\/#organization\",\"name\":\"Kvenr\u00e9ttindaf\u00e9lag \u00cdslands\",\"url\":\"https:\/\/kvenrettindafelag.is\/en\/\",\"logo\":{\"@type\":\"ImageObject\",\"inLanguage\":\"en-US\",\"@id\":\"https:\/\/kvenrettindafelag.is\/en\/#\/schema\/logo\/image\/\",\"url\":\"https:\/\/kvenrettindafelag.is\/wp-content\/uploads\/2016\/11\/logo_krfi_2015.png\",\"contentUrl\":\"https:\/\/kvenrettindafelag.is\/wp-content\/uploads\/2016\/11\/logo_krfi_2015.png\",\"width\":400,\"height\":400,\"caption\":\"Kvenr\u00e9ttindaf\u00e9lag \u00cdslands\"},\"image\":{\"@id\":\"https:\/\/kvenrettindafelag.is\/en\/#\/schema\/logo\/image\/\"},\"sameAs\":[\"https:\/\/www.facebook.com\/kvenrettindafelag\",\"https:\/\/x.com\/kvenrett\",\"https:\/\/www.instagram.com\/kvenrett\/\"]}]}<\/script>\n<!-- \/ Yoast SEO plugin. -->","yoast_head_json":{"title":"Board and Staff - Kvenr\u00e9ttindaf\u00e9lag \u00cdslands","robots":{"index":"index","follow":"follow","max-snippet":"max-snippet:-1","max-image-preview":"max-image-preview:large","max-video-preview":"max-video-preview:-1"},"canonical":"https:\/\/kvenrettindafelag.is\/en\/about-us\/board-and-staff\/","og_locale":"en_US","og_type":"article","og_title":"Board and Staff - Kvenr\u00e9ttindaf\u00e9lag \u00cdslands","og_description":"Executive Board The executive board of the Icelandic Women\u2019s Rights Association (IWRA) is elected biannually. The current","og_url":"https:\/\/kvenrettindafelag.is\/en\/about-us\/board-and-staff\/","og_site_name":"Kvenr\u00e9ttindaf\u00e9lag \u00cdslands","article_publisher":"https:\/\/www.facebook.com\/kvenrettindafelag","article_modified_time":"2023-04-05T12:35:10+00:00","og_image":[{"width":200,"height":202,"url":"https:\/\/kvenrettindafelag.is\/wp-content\/uploads\/2016\/05\/logohreint.png","type":"image\/png"}],"twitter_card":"summary_large_image","twitter_site":"@kvenrett","twitter_misc":{"Est. reading time":"1 minute"},"schema":{"@context":"https:\/\/schema.org","@graph":[{"@type":"WebPage","@id":"https:\/\/kvenrettindafelag.is\/en\/about-us\/board-and-staff\/","url":"https:\/\/kvenrettindafelag.is\/en\/about-us\/board-and-staff\/","name":"Board and Staff - Kvenr\u00e9ttindaf\u00e9lag \u00cdslands","isPartOf":{"@id":"https:\/\/kvenrettindafelag.is\/en\/#website"},"datePublished":"2014-11-13T17:52:34+00:00","dateModified":"2023-04-05T12:35:10+00:00","breadcrumb":{"@id":"https:\/\/kvenrettindafelag.is\/en\/about-us\/board-and-staff\/#breadcrumb"},"inLanguage":"en-US","potentialAction":[{"@type":"ReadAction","target":["https:\/\/kvenrettindafelag.is\/en\/about-us\/board-and-staff\/"]}]},{"@type":"BreadcrumbList","@id":"https:\/\/kvenrettindafelag.is\/en\/about-us\/board-and-staff\/#breadcrumb","itemListElement":[{"@type":"ListItem","position":1,"name":"Home","item":"https:\/\/kvenrettindafelag.is\/en\/kvenrettindafelag-islands\/"},{"@type":"ListItem","position":2,"name":"About Us","item":"https:\/\/kvenrettindafelag.is\/en\/um-okkur\/"},{"@type":"ListItem","position":3,"name":"Board and Staff"}]},{"@type":"WebSite","@id":"https:\/\/kvenrettindafelag.is\/en\/#website","url":"https:\/\/kvenrettindafelag.is\/en\/","name":"Kvenr\u00e9ttindaf\u00e9lag \u00cdslands","description":"","publisher":{"@id":"https:\/\/kvenrettindafelag.is\/en\/#organization"},"potentialAction":[{"@type":"SearchAction","target":{"@type":"EntryPoint","urlTemplate":"https:\/\/kvenrettindafelag.is\/en\/?s={search_term_string}"},"query-input":{"@type":"PropertyValueSpecification","valueRequired":true,"valueName":"search_term_string"}}],"inLanguage":"en-US"},{"@type":"Organization","@id":"https:\/\/kvenrettindafelag.is\/en\/#organization","name":"Kvenr\u00e9ttindaf\u00e9lag \u00cdslands","url":"https:\/\/kvenrettindafelag.is\/en\/","logo":{"@type":"ImageObject","inLanguage":"en-US","@id":"https:\/\/kvenrettindafelag.is\/en\/#\/schema\/logo\/image\/","url":"https:\/\/kvenrettindafelag.is\/wp-content\/uploads\/2016\/11\/logo_krfi_2015.png","contentUrl":"https:\/\/kvenrettindafelag.is\/wp-content\/uploads\/2016\/11\/logo_krfi_2015.png","width":400,"height":400,"caption":"Kvenr\u00e9ttindaf\u00e9lag \u00cdslands"},"image":{"@id":"https:\/\/kvenrettindafelag.is\/en\/#\/schema\/logo\/image\/"},"sameAs":["https:\/\/www.facebook.com\/kvenrettindafelag","https:\/\/x.com\/kvenrett","https:\/\/www.instagram.com\/kvenrett\/"]}]}},"_links":{"self":[{"href":"https:\/\/kvenrettindafelag.is\/en\/wp-json\/wp\/v2\/pages\/3198","targetHints":{"allow":["GET"]}}],"collection":[{"href":"https:\/\/kvenrettindafelag.is\/en\/wp-json\/wp\/v2\/pages"}],"about":[{"href":"https:\/\/kvenrettindafelag.is\/en\/wp-json\/wp\/v2\/types\/page"}],"author":[{"embeddable":true,"href":"https:\/\/kvenrettindafelag.is\/en\/wp-json\/wp\/v2\/users\/5"}],"replies":[{"embeddable":true,"href":"https:\/\/kvenrettindafelag.is\/en\/wp-json\/wp\/v2\/comments?post=3198"}],"version-history":[{"count":5,"href":"https:\/\/kvenrettindafelag.is\/en\/wp-json\/wp\/v2\/pages\/3198\/revisions"}],"predecessor-version":[{"id":27018,"href":"https:\/\/kvenrettindafelag.is\/en\/wp-json\/wp\/v2\/pages\/3198\/revisions\/27018"}],"up":[{"embeddable":true,"href":"https:\/\/kvenrettindafelag.is\/en\/wp-json\/wp\/v2\/pages\/1749"}],"wp:attachment":[{"href":"https:\/\/kvenrettindafelag.is\/en\/wp-json\/wp\/v2\/media?parent=3198"}],"curies":[{"name":"wp","href":"https:\/\/api.w.org\/{rel}","templated":true}]}}