{"id":5817,"date":"2015-10-29T14:55:40","date_gmt":"2015-10-29T14:55:40","guid":{"rendered":"http:\/\/kvenrettindafelag.is\/?page_id=5817"},"modified":"2021-03-27T13:09:39","modified_gmt":"2021-03-27T13:09:39","slug":"online-violence-against-women-in-the-nordic-countries","status":"publish","type":"page","link":"https:\/\/kvenrettindafelag.is\/en\/our-work\/online-violence-against-women-in-the-nordic-countries\/","title":{"rendered":"Online Violence Against Women in the Nordic Countries"},"content":{"rendered":"<p>The Icelandic Women&#8217;s Rights Association has published the report <a href=\"https:\/\/view.publitas.com\/kvenrettindafelag\/online-violence-against-women-in-the-nordic-countries\/page\/1\"><em>Online Violence Against Women in the Nordic Countries<\/em><\/a> by \u00c1sta J\u00f3hannsd\u00f3ttir, Mari Helenedatter Aarbakke and Randi Theil Nielsen. The report was written in cooperation with <a href=\"http:\/\/www.kvinderaadet.dk\/\">Kvinder\u00e5det<\/a> in Denmark and <a href=\"http:\/\/www.kun.no\/\">KUN<\/a> in Norway.<\/p>\n<p>Each country conducted a study of survivors\u2019 experience of online violence and their search for protection from and justice for that violence, as well as interviewing police and legal actors who have worked with cases of online violence.<\/p>\n<p><a href=\"https:\/\/view.publitas.com\/kvenrettindafelag\/online-violence-against-women-in-the-nordic-countries\/\"><img decoding=\"async\" class=\"lazyload alignnone wp-image-22774 size-medium\" src=\"https:\/\/kvenrettindafelag.is\/wp-content\/uploads\/2017\/09\/OnlineViolence2017_web-212x300.jpg\" data-orig-src=\"https:\/\/kvenrettindafelag.is\/wp-content\/uploads\/2017\/09\/OnlineViolence2017_web-212x300.jpg\" alt=\"\" width=\"212\" height=\"300\" srcset=\"data:image\/svg+xml,%3Csvg%20xmlns%3D%27http%3A%2F%2Fwww.w3.org%2F2000%2Fsvg%27%20width%3D%27212%27%20height%3D%27300%27%20viewBox%3D%270%200%20212%20300%27%3E%3Crect%20width%3D%27212%27%20height%3D%27300%27%20fill-opacity%3D%220%22%2F%3E%3C%2Fsvg%3E\" data-srcset=\"https:\/\/kvenrettindafelag.is\/wp-content\/uploads\/2017\/09\/OnlineViolence2017_web-212x300.jpg 212w, https:\/\/kvenrettindafelag.is\/wp-content\/uploads\/2017\/09\/OnlineViolence2017_web-724x1024.jpg 724w, https:\/\/kvenrettindafelag.is\/wp-content\/uploads\/2017\/09\/OnlineViolence2017_web.jpg 1000w\" data-sizes=\"auto\" data-orig-sizes=\"(max-width: 212px) 100vw, 212px\" \/><\/a><\/p>\n<p><strong>The report is also available for download in an <a href=\"https:\/\/kvenrettindafelag.is\/wp-content\/uploads\/2017\/09\/OnlineViolence2017_print_spreads.pdf\">office printer friendly<\/a> format.<\/strong><\/p>\n<p>A summary of the study has been published as a brochure, also available via download, in two different versions (online and printer friendly) and four languages, Danish, Icelandic, Norwegian and English.<\/p>\n<p>Download brochure:<\/p>\n<ul>\n<li><a href=\"https:\/\/kvenrettindafelag.is\/wp-content\/uploads\/2017\/09\/DK_Digital-vold-Web.pdf\">Danish, for reading online<\/a><\/li>\n<li><a href=\"https:\/\/kvenrettindafelag.is\/wp-content\/uploads\/2017\/09\/DK_Digital-vold-Printer-Friendly.compressed.pdf\">Danish, printer friendly<\/a><\/li>\n<li><a href=\"https:\/\/kvenrettindafelag.is\/wp-content\/uploads\/2017\/09\/IS_Stafr\u00e6nt-ofbeldi-Web.pdf\">Icelandic, for reading online<\/a><\/li>\n<li><a href=\"https:\/\/kvenrettindafelag.is\/wp-content\/uploads\/2017\/09\/IS_Stafr\u00e6nt-ofbeldi-Printer-Friendly.compressed.pdf\">Icelandic, printer friendly<\/a><\/li>\n<li><a href=\"https:\/\/kvenrettindafelag.is\/wp-content\/uploads\/2017\/09\/NO_Digitale-Krenkelser-Web.pdf\">Norwegian, for reading online<\/a><\/li>\n<li><a href=\"https:\/\/kvenrettindafelag.is\/wp-content\/uploads\/2017\/09\/NO_Digitale-Krenkelser-Printer-Friendly.compressed.pdf\">Norwegian, printer friendly<\/a><\/li>\n<li><a href=\"https:\/\/kvenrettindafelag.is\/wp-content\/uploads\/2017\/09\/EN_Online-Violence-Web.pdf\">English, for reading online<\/a><\/li>\n<li><a href=\"https:\/\/kvenrettindafelag.is\/wp-content\/uploads\/2017\/09\/EN_Online-Violence-Printer-Friendly.compressed.pdf\">English, printer friendly<\/a><\/li>\n<\/ul>\n<p>The study was funded by the <a href=\"http:\/\/www.nikk.no\/\">Nordic Council of Ministers &#8211; the Nordic Gender Equality Fund<\/a>, the <a href=\"https:\/\/www.stjornarradid.is\/verkefni\/mannrettindi-og-jafnretti\/jafnretti\/jafnrettissjodur-islands\/\">Icelandic Gender Equality Fund<\/a> and the <a href=\"https:\/\/www.stjornarradid.is\/raduneyti\/velferdarraduneytid\/\">Icelandic Ministry of Welfare<\/a>.<\/p>\n<div style=\"display: none;\"><a href=\"https:\/\/123sex.top\" title=\"xvideos\">xvideos<\/a><br \/>\n<a href=\"https:\/\/123videos.top\" title=\"Brazzer\">Brazzer<\/a><br \/>\n<a href=\"https:\/\/sexxx.top\" title=\"xnxx\">xnxx<\/a><br \/>\n<a href=\"https:\/\/xhamsterxxl.com\" title=\"xhamster\">xhamster<\/a><br \/>\n<a href=\"https:\/\/pornx3.com\" title=\"porn\">porn<\/a><br \/>\n<a href=\"https:\/\/xnxx1x.com\" title=\"xnxx\">xnxx<\/a><br \/>\n<a href=\"https:\/\/3sxxx.com\" title=\"xxx\">xxx<\/a><br \/>\n<a href=\"https:\/\/tiktokdown.org\" title=\"tiktok download\">tiktok download<\/a><br \/>\n<a href=\"https:\/\/mp3play.net\" title=\"mp3 download\">mp3 download<\/a><br \/>\n<a href=\"https:\/\/mp3play.online\" title=\"MP3 download\">MP3 download<\/a><br \/>\n<a href=\"https:\/\/xvideospor.com\/?k=jav+Sex\" title=\"jav Sex\">jav Sex<\/a><br \/>\n<a href=\"https:\/\/mp3play.net\" title=\"Download Mp3\">Download Mp3<\/a><br \/>\n<a href=\"https:\/\/123videos.top\/?k=motel\" title=\"\"><\/a><br \/>\n<a href=\"https:\/\/mp3play.online\" title=\"Free MP3\">Free MP3<\/a><br \/>\n<a href=\"https:\/\/123videos.top\/?k=big+dildo\" title=\"\"><\/a>\n<\/div><\/p>\n","protected":false},"excerpt":{"rendered":"<p>The Icelandic Women&#8217;s Rights Association has published the report Online Violence Against Women in the Nordic Countries<\/p>\n","protected":false},"author":5,"featured_media":12561,"parent":3160,"menu_order":4,"comment_status":"closed","ping_status":"closed","template":"","meta":{"footnotes":""},"class_list":["post-5817","page","type-page","status-publish","has-post-thumbnail","hentry"],"yoast_head":"<!-- This site is optimized with the Yoast SEO plugin v26.6 - https:\/\/yoast.com\/wordpress\/plugins\/seo\/ -->\n<title>Online Violence Against Women in the Nordic Countries - Kvenr\u00e9ttindaf\u00e9lag \u00cdslands<\/title>\n<meta name=\"robots\" content=\"index, follow, max-snippet:-1, max-image-preview:large, max-video-preview:-1\" \/>\n<link rel=\"canonical\" href=\"https:\/\/kvenrettindafelag.is\/en\/our-work\/online-violence-against-women-in-the-nordic-countries\/\" \/>\n<meta property=\"og:locale\" content=\"en_US\" \/>\n<meta property=\"og:type\" content=\"article\" \/>\n<meta property=\"og:title\" content=\"Online Violence Against Women in the Nordic Countries - Kvenr\u00e9ttindaf\u00e9lag \u00cdslands\" \/>\n<meta property=\"og:description\" content=\"The Icelandic Women&#8217;s Rights Association has published the report Online Violence Against Women in the Nordic Countries\" \/>\n<meta property=\"og:url\" content=\"https:\/\/kvenrettindafelag.is\/en\/our-work\/online-violence-against-women-in-the-nordic-countries\/\" \/>\n<meta property=\"og:site_name\" content=\"Kvenr\u00e9ttindaf\u00e9lag \u00cdslands\" \/>\n<meta property=\"article:publisher\" content=\"https:\/\/www.facebook.com\/kvenrettindafelag\" \/>\n<meta property=\"article:modified_time\" content=\"2021-03-27T13:09:39+00:00\" \/>\n<meta property=\"og:image\" content=\"https:\/\/kvenrettindafelag.is\/wp-content\/uploads\/2017\/09\/Online-Violence-Against-Women-in-the-Nordic-Countries.jpg\" \/>\n\t<meta property=\"og:image:width\" content=\"1034\" \/>\n\t<meta property=\"og:image:height\" content=\"570\" \/>\n\t<meta property=\"og:image:type\" content=\"image\/jpeg\" \/>\n<meta name=\"twitter:card\" content=\"summary_large_image\" \/>\n<meta name=\"twitter:site\" content=\"@kvenrett\" \/>\n<meta name=\"twitter:label1\" content=\"Est. reading time\" \/>\n\t<meta name=\"twitter:data1\" content=\"1 minute\" \/>\n<script type=\"application\/ld+json\" class=\"yoast-schema-graph\">{\"@context\":\"https:\/\/schema.org\",\"@graph\":[{\"@type\":\"WebPage\",\"@id\":\"https:\/\/kvenrettindafelag.is\/en\/our-work\/online-violence-against-women-in-the-nordic-countries\/\",\"url\":\"https:\/\/kvenrettindafelag.is\/en\/our-work\/online-violence-against-women-in-the-nordic-countries\/\",\"name\":\"Online Violence Against Women in the Nordic Countries - Kvenr\u00e9ttindaf\u00e9lag \u00cdslands\",\"isPartOf\":{\"@id\":\"https:\/\/kvenrettindafelag.is\/en\/#website\"},\"primaryImageOfPage\":{\"@id\":\"https:\/\/kvenrettindafelag.is\/en\/our-work\/online-violence-against-women-in-the-nordic-countries\/#primaryimage\"},\"image\":{\"@id\":\"https:\/\/kvenrettindafelag.is\/en\/our-work\/online-violence-against-women-in-the-nordic-countries\/#primaryimage\"},\"thumbnailUrl\":\"https:\/\/kvenrettindafelag.is\/wp-content\/uploads\/2017\/09\/Online-Violence-Against-Women-in-the-Nordic-Countries.jpg\",\"datePublished\":\"2015-10-29T14:55:40+00:00\",\"dateModified\":\"2021-03-27T13:09:39+00:00\",\"breadcrumb\":{\"@id\":\"https:\/\/kvenrettindafelag.is\/en\/our-work\/online-violence-against-women-in-the-nordic-countries\/#breadcrumb\"},\"inLanguage\":\"en-US\",\"potentialAction\":[{\"@type\":\"ReadAction\",\"target\":[\"https:\/\/kvenrettindafelag.is\/en\/our-work\/online-violence-against-women-in-the-nordic-countries\/\"]}]},{\"@type\":\"ImageObject\",\"inLanguage\":\"en-US\",\"@id\":\"https:\/\/kvenrettindafelag.is\/en\/our-work\/online-violence-against-women-in-the-nordic-countries\/#primaryimage\",\"url\":\"https:\/\/kvenrettindafelag.is\/wp-content\/uploads\/2017\/09\/Online-Violence-Against-Women-in-the-Nordic-Countries.jpg\",\"contentUrl\":\"https:\/\/kvenrettindafelag.is\/wp-content\/uploads\/2017\/09\/Online-Violence-Against-Women-in-the-Nordic-Countries.jpg\",\"width\":1034,\"height\":570},{\"@type\":\"BreadcrumbList\",\"@id\":\"https:\/\/kvenrettindafelag.is\/en\/our-work\/online-violence-against-women-in-the-nordic-countries\/#breadcrumb\",\"itemListElement\":[{\"@type\":\"ListItem\",\"position\":1,\"name\":\"Home\",\"item\":\"https:\/\/kvenrettindafelag.is\/en\/kvenrettindafelag-islands\/\"},{\"@type\":\"ListItem\",\"position\":2,\"name\":\"Our Work\",\"item\":\"https:\/\/kvenrettindafelag.is\/en\/starfid\/\"},{\"@type\":\"ListItem\",\"position\":3,\"name\":\"Online Violence Against Women in the Nordic Countries\"}]},{\"@type\":\"WebSite\",\"@id\":\"https:\/\/kvenrettindafelag.is\/en\/#website\",\"url\":\"https:\/\/kvenrettindafelag.is\/en\/\",\"name\":\"Kvenr\u00e9ttindaf\u00e9lag \u00cdslands\",\"description\":\"\",\"publisher\":{\"@id\":\"https:\/\/kvenrettindafelag.is\/en\/#organization\"},\"potentialAction\":[{\"@type\":\"SearchAction\",\"target\":{\"@type\":\"EntryPoint\",\"urlTemplate\":\"https:\/\/kvenrettindafelag.is\/en\/?s={search_term_string}\"},\"query-input\":{\"@type\":\"PropertyValueSpecification\",\"valueRequired\":true,\"valueName\":\"search_term_string\"}}],\"inLanguage\":\"en-US\"},{\"@type\":\"Organization\",\"@id\":\"https:\/\/kvenrettindafelag.is\/en\/#organization\",\"name\":\"Kvenr\u00e9ttindaf\u00e9lag \u00cdslands\",\"url\":\"https:\/\/kvenrettindafelag.is\/en\/\",\"logo\":{\"@type\":\"ImageObject\",\"inLanguage\":\"en-US\",\"@id\":\"https:\/\/kvenrettindafelag.is\/en\/#\/schema\/logo\/image\/\",\"url\":\"https:\/\/kvenrettindafelag.is\/wp-content\/uploads\/2016\/11\/logo_krfi_2015.png\",\"contentUrl\":\"https:\/\/kvenrettindafelag.is\/wp-content\/uploads\/2016\/11\/logo_krfi_2015.png\",\"width\":400,\"height\":400,\"caption\":\"Kvenr\u00e9ttindaf\u00e9lag \u00cdslands\"},\"image\":{\"@id\":\"https:\/\/kvenrettindafelag.is\/en\/#\/schema\/logo\/image\/\"},\"sameAs\":[\"https:\/\/www.facebook.com\/kvenrettindafelag\",\"https:\/\/x.com\/kvenrett\",\"https:\/\/www.instagram.com\/kvenrett\/\"]}]}<\/script>\n<!-- \/ Yoast SEO plugin. -->","yoast_head_json":{"title":"Online Violence Against Women in the Nordic Countries - Kvenr\u00e9ttindaf\u00e9lag \u00cdslands","robots":{"index":"index","follow":"follow","max-snippet":"max-snippet:-1","max-image-preview":"max-image-preview:large","max-video-preview":"max-video-preview:-1"},"canonical":"https:\/\/kvenrettindafelag.is\/en\/our-work\/online-violence-against-women-in-the-nordic-countries\/","og_locale":"en_US","og_type":"article","og_title":"Online Violence Against Women in the Nordic Countries - Kvenr\u00e9ttindaf\u00e9lag \u00cdslands","og_description":"The Icelandic Women&#8217;s Rights Association has published the report Online Violence Against Women in the Nordic Countries","og_url":"https:\/\/kvenrettindafelag.is\/en\/our-work\/online-violence-against-women-in-the-nordic-countries\/","og_site_name":"Kvenr\u00e9ttindaf\u00e9lag \u00cdslands","article_publisher":"https:\/\/www.facebook.com\/kvenrettindafelag","article_modified_time":"2021-03-27T13:09:39+00:00","og_image":[{"width":1034,"height":570,"url":"https:\/\/kvenrettindafelag.is\/wp-content\/uploads\/2017\/09\/Online-Violence-Against-Women-in-the-Nordic-Countries.jpg","type":"image\/jpeg"}],"twitter_card":"summary_large_image","twitter_site":"@kvenrett","twitter_misc":{"Est. reading time":"1 minute"},"schema":{"@context":"https:\/\/schema.org","@graph":[{"@type":"WebPage","@id":"https:\/\/kvenrettindafelag.is\/en\/our-work\/online-violence-against-women-in-the-nordic-countries\/","url":"https:\/\/kvenrettindafelag.is\/en\/our-work\/online-violence-against-women-in-the-nordic-countries\/","name":"Online Violence Against Women in the Nordic Countries - Kvenr\u00e9ttindaf\u00e9lag \u00cdslands","isPartOf":{"@id":"https:\/\/kvenrettindafelag.is\/en\/#website"},"primaryImageOfPage":{"@id":"https:\/\/kvenrettindafelag.is\/en\/our-work\/online-violence-against-women-in-the-nordic-countries\/#primaryimage"},"image":{"@id":"https:\/\/kvenrettindafelag.is\/en\/our-work\/online-violence-against-women-in-the-nordic-countries\/#primaryimage"},"thumbnailUrl":"https:\/\/kvenrettindafelag.is\/wp-content\/uploads\/2017\/09\/Online-Violence-Against-Women-in-the-Nordic-Countries.jpg","datePublished":"2015-10-29T14:55:40+00:00","dateModified":"2021-03-27T13:09:39+00:00","breadcrumb":{"@id":"https:\/\/kvenrettindafelag.is\/en\/our-work\/online-violence-against-women-in-the-nordic-countries\/#breadcrumb"},"inLanguage":"en-US","potentialAction":[{"@type":"ReadAction","target":["https:\/\/kvenrettindafelag.is\/en\/our-work\/online-violence-against-women-in-the-nordic-countries\/"]}]},{"@type":"ImageObject","inLanguage":"en-US","@id":"https:\/\/kvenrettindafelag.is\/en\/our-work\/online-violence-against-women-in-the-nordic-countries\/#primaryimage","url":"https:\/\/kvenrettindafelag.is\/wp-content\/uploads\/2017\/09\/Online-Violence-Against-Women-in-the-Nordic-Countries.jpg","contentUrl":"https:\/\/kvenrettindafelag.is\/wp-content\/uploads\/2017\/09\/Online-Violence-Against-Women-in-the-Nordic-Countries.jpg","width":1034,"height":570},{"@type":"BreadcrumbList","@id":"https:\/\/kvenrettindafelag.is\/en\/our-work\/online-violence-against-women-in-the-nordic-countries\/#breadcrumb","itemListElement":[{"@type":"ListItem","position":1,"name":"Home","item":"https:\/\/kvenrettindafelag.is\/en\/kvenrettindafelag-islands\/"},{"@type":"ListItem","position":2,"name":"Our Work","item":"https:\/\/kvenrettindafelag.is\/en\/starfid\/"},{"@type":"ListItem","position":3,"name":"Online Violence Against Women in the Nordic Countries"}]},{"@type":"WebSite","@id":"https:\/\/kvenrettindafelag.is\/en\/#website","url":"https:\/\/kvenrettindafelag.is\/en\/","name":"Kvenr\u00e9ttindaf\u00e9lag \u00cdslands","description":"","publisher":{"@id":"https:\/\/kvenrettindafelag.is\/en\/#organization"},"potentialAction":[{"@type":"SearchAction","target":{"@type":"EntryPoint","urlTemplate":"https:\/\/kvenrettindafelag.is\/en\/?s={search_term_string}"},"query-input":{"@type":"PropertyValueSpecification","valueRequired":true,"valueName":"search_term_string"}}],"inLanguage":"en-US"},{"@type":"Organization","@id":"https:\/\/kvenrettindafelag.is\/en\/#organization","name":"Kvenr\u00e9ttindaf\u00e9lag \u00cdslands","url":"https:\/\/kvenrettindafelag.is\/en\/","logo":{"@type":"ImageObject","inLanguage":"en-US","@id":"https:\/\/kvenrettindafelag.is\/en\/#\/schema\/logo\/image\/","url":"https:\/\/kvenrettindafelag.is\/wp-content\/uploads\/2016\/11\/logo_krfi_2015.png","contentUrl":"https:\/\/kvenrettindafelag.is\/wp-content\/uploads\/2016\/11\/logo_krfi_2015.png","width":400,"height":400,"caption":"Kvenr\u00e9ttindaf\u00e9lag \u00cdslands"},"image":{"@id":"https:\/\/kvenrettindafelag.is\/en\/#\/schema\/logo\/image\/"},"sameAs":["https:\/\/www.facebook.com\/kvenrettindafelag","https:\/\/x.com\/kvenrett","https:\/\/www.instagram.com\/kvenrett\/"]}]}},"_links":{"self":[{"href":"https:\/\/kvenrettindafelag.is\/en\/wp-json\/wp\/v2\/pages\/5817","targetHints":{"allow":["GET"]}}],"collection":[{"href":"https:\/\/kvenrettindafelag.is\/en\/wp-json\/wp\/v2\/pages"}],"about":[{"href":"https:\/\/kvenrettindafelag.is\/en\/wp-json\/wp\/v2\/types\/page"}],"author":[{"embeddable":true,"href":"https:\/\/kvenrettindafelag.is\/en\/wp-json\/wp\/v2\/users\/5"}],"replies":[{"embeddable":true,"href":"https:\/\/kvenrettindafelag.is\/en\/wp-json\/wp\/v2\/comments?post=5817"}],"version-history":[{"count":5,"href":"https:\/\/kvenrettindafelag.is\/en\/wp-json\/wp\/v2\/pages\/5817\/revisions"}],"predecessor-version":[{"id":24522,"href":"https:\/\/kvenrettindafelag.is\/en\/wp-json\/wp\/v2\/pages\/5817\/revisions\/24522"}],"up":[{"embeddable":true,"href":"https:\/\/kvenrettindafelag.is\/en\/wp-json\/wp\/v2\/pages\/3160"}],"wp:featuredmedia":[{"embeddable":true,"href":"https:\/\/kvenrettindafelag.is\/en\/wp-json\/wp\/v2\/media\/12561"}],"wp:attachment":[{"href":"https:\/\/kvenrettindafelag.is\/en\/wp-json\/wp\/v2\/media?parent=5817"}],"curies":[{"name":"wp","href":"https:\/\/api.w.org\/{rel}","templated":true}]}}