{"id":9540,"date":"2016-09-14T11:44:18","date_gmt":"2016-09-14T11:44:18","guid":{"rendered":"http:\/\/kvenrettindafelag.is\/?page_id=9540"},"modified":"2021-11-25T13:57:04","modified_gmt":"2021-11-25T13:57:04","slug":"gender-equality","status":"publish","type":"page","link":"https:\/\/kvenrettindafelag.is\/en\/resources\/gender-equality\/","title":{"rendered":"Gender Equality"},"content":{"rendered":"<p><img decoding=\"async\" class=\"lazyload alignnone wp-image-9663\" src=\"https:\/\/kvenrettindafelag.is\/wp-content\/uploads\/2016\/09\/resources_krfibanner.mjallhvit.is_web.jpg\" data-orig-src=\"https:\/\/kvenrettindafelag.is\/wp-content\/uploads\/2016\/09\/resources_krfibanner.mjallhvit.is_web.jpg\" alt=\"resources_krfibanner-mjallhvit-is_web\" width=\"1000\" height=\"377\" srcset=\"data:image\/svg+xml,%3Csvg%20xmlns%3D%27http%3A%2F%2Fwww.w3.org%2F2000%2Fsvg%27%20width%3D%271000%27%20height%3D%27377%27%20viewBox%3D%270%200%201000%20377%27%3E%3Crect%20width%3D%271000%27%20height%3D%27377%27%20fill-opacity%3D%220%22%2F%3E%3C%2Fsvg%3E\" data-srcset=\"https:\/\/kvenrettindafelag.is\/wp-content\/uploads\/2016\/09\/resources_krfibanner.mjallhvit.is_web-150x57.jpg 150w, https:\/\/kvenrettindafelag.is\/wp-content\/uploads\/2016\/09\/resources_krfibanner.mjallhvit.is_web-300x113.jpg 300w, https:\/\/kvenrettindafelag.is\/wp-content\/uploads\/2016\/09\/resources_krfibanner.mjallhvit.is_web.jpg 600w\" data-sizes=\"auto\" data-orig-sizes=\"(max-width: 1000px) 100vw, 1000px\" \/><\/p>\n<ul>\n<li><strong><a href=\"http:\/\/www.equalitylaw.eu\/downloads\/3823-a-comparative-analysis-of-gender-equality-law-in-europe-2015-pdf-1-03-mb\">A Comparative Analysis of Gender Equality Law in Europe<\/a>.\u00a0Alexandra Timmer and Linda Senden.\u00a0<\/strong><strong>\u00a0The European Commission, Brussels.<\/strong><strong>\u00a02016.<br \/>\n<\/strong>The report provides a general overview of the way in which EU gender equality laws have been implemented at the domestic level in the countries Member of the EU and in the EEA countries (Iceland, Norway and Liechtenstein). It also explains the most important elements of the EU Gender Equality Treaty provisions.<\/li>\n<\/ul>\n<ul>\n<li><strong><a href=\"https:\/\/www.government.is\/Publications\/Legislation\/Lex\/?newsid=8900031c-fbd6-11e7-9423-005056bc4d74\">Act on Equal Status and Equal Rights of Women and Men No. 10\/2008, as amended by Act No. 162\/2010, No. 126\/2011, No. 62\/2014, No. 79\/2015, No. 117\/2016 and No. 56\/2017<\/a>. The Government of Iceland. 2018.<em><br \/>\n<\/em><\/strong>This Act is the current legislation on gender equality, whose objective is to establish and maintain equal opportunities for men and women and to promote gender equality in all the spheres of the society.<\/li>\n<\/ul>\n<ul>\n<li><strong><a href=\"https:\/\/www.jafnretti.is\/static\/files\/utgefid_efni_af_gomlu_sidu\/gender_equality_in_iceland_2017.pdf\">Gender Equality in Iceland. Information on Gender Equality Issues in Iceland.<\/a> Centre for Gender Equality Iceland, Akureyri. 2017.\u00a0<a href=\"http:\/\/www.jafnretti.is\/D10\/_Files\/Gender_Equality_in_Iceland_2012.pdf\"><br \/>\n<\/a><\/strong>An overview of gender equality in Iceland published by the Centre for Gender Equality in 2017.<\/li>\n<\/ul>\n<ul>\n<li><strong><a href=\"https:\/\/www.althingi.is\/pdf\/wip\/Gender_Equality_in_Iceland_2014.pdf\">Gender Equality in Iceland<\/a>.\u00a0The Althingi, Iceland. 2014.<br \/>\n<\/strong>A report on Iceland\u2019s political and legislative developments on gender equality in the last years.<\/li>\n<\/ul>\n<ul>\n<li><strong><a href=\"https:\/\/www.stjornarradid.is\/media\/utanrikisraduneyti-media\/media\/nordurslodir\/Gender-Equality-in-the-Arctic.pdf\">Gender Equality in the Arctic: Current Realities Future challenges<\/a>.<\/strong><strong>\u00a0The Ministry for Foreign Affairs, The Icelandic Arctic Cooperation Network and the Centre for Gender Equality, Iceland<\/strong>.<strong> 2014.<\/strong><br \/>\nThis report highlights the main results of a conference held in Akureyri in 2014, with more than 150 participants from all the members states of the Arctic Council. The main goal of the conference was to promote an extensive and policy relevant dialogue on gender equality, putting current realities into context with climate and environmental changes and economic and social developments. Another objective was to discuss the current situation of gender equality and increase cooperation between the countries on the issue.<\/li>\n<\/ul>\n<ul>\n<li><strong><a href=\"https:\/\/www.weforum.org\/reports\/global-gender-gap-report-2021\">Global Gender Gap Report<\/a>. World Economic Forum. 2021.<br \/>\n<\/strong>An overview of gender statistics in Iceland and other countries of the world, published by the World Economic Forum.<\/li>\n<\/ul>\n<ul>\n<li><strong><a href=\"https:\/\/www.government.is\/topics\/human-rights-and-equality\/\">Human Rights And Equality<\/a>. The Government of Iceland. 2020.<br \/>\n<\/strong>An overview of the Icelandic government&#8217;s stance on human rights and equality, with a short description of international obligations.<\/li>\n<\/ul>\n<ul>\n<li><strong><a href=\"http:\/\/www.genderindex.org\/country\/iceland\">Iceland<\/a>. Social Institutions and Gender Index, Paris. 2014.<br \/>\n<\/strong>Data on gender equality in Iceland regarding domestic violence, civil liberties, access to services.<\/li>\n<\/ul>\n<ul>\n<li><strong><a href=\"http:\/\/tbinternet.ohchr.org\/_layouts\/treatybodyexternal\/Download.aspx?symbolno=CEDAW%2fC%2fISL%2f7-8&amp;Lang=en\">Iceland&#8217;s Report to the United Nations on Gender Equality in Iceland<\/a>. The United Nations. 2014.<br \/>\n<\/strong>A report written in fulfillment of CEDAW \u2013 Convention on the Elimination of All Forms of Discrimination against Women. Submitted July 2014.<\/li>\n<\/ul>\n<ul>\n<li><strong><a href=\"http:\/\/www.statice.is\/statistics\/society\/social-affairs\/women-and-men\/\">Key Statistics on Women and Men<\/a>.\u00a0Statistics\u00a0Iceland, Reykjavik. Continually Updated.<br \/>\n<\/strong>A searchable database published by Statistics Iceland. Updated daily.<\/li>\n<\/ul>\n<ul>\n<li><strong><a href=\"http:\/\/icelandreview.com\/news\/2015\/11\/19\/most-gender-equality-iceland\">Most Gender Equality in Iceland<\/a>. Vala Hafstad.\u00a0<em>Iceland Review Online, <\/em>Reykjavik. 2015.<em><br \/>\n<\/em><\/strong>The article talks about the fact that Iceland has topped the gender equality lists for seven years, becoming the most gender egalitarian country in the world.<\/li>\n<\/ul>\n<ul>\n<li><strong><a href=\"https:\/\/www.nordicstatistics.org\/nordic-gender-equality-indicators\/\">Nordic Gender Equality Indicators<\/a>.\u00a0Nordic Co-Operation, Denmark, Continually Updated.<br \/>\n<\/strong>Statistics published by the Communication Department in the Nordic Council and in the Nordic Council of Ministers which examine gender equality in several aspects of Nordic societies, as power, family, education, labor market.<\/li>\n<\/ul>\n<ul>\n<li><strong><a href=\"http:\/\/norden.diva-portal.org\/smash\/get\/diva2:790696\/FULLTEXT02.pdf\">Nordic Gender Equality Report<\/a>.<\/strong><strong>\u00a0The Nordic Council of Ministers, Denmark. 2015.<br \/>\n<\/strong>The report provides graphics and information on gender equality in the Nordic countries. It examines, for example, population composition, childlessness, time use in domestic work, and daily smoking.<\/li>\n<\/ul>\n<ul>\n<li><strong><a href=\"http:\/\/kjonnsforskning.no\/sites\/kilden.forskningsradet.no\/files\/rapporter\/The%20Nordic%20region%20-%20a%20step%20closer%20to%20gender%20balance%20in%20research.pdf\">The Nordic Region: A Step Closer to Gender Balance in Research?<\/a>. Solveig Bergman. The Nordic Council of Ministers, Denmark. 2013.<br \/>\n<\/strong>The report focuses on gender equality in academia. Currently, 80 percent of professors in the Nordic region are men. There are differences between the countries in the gender composition of researchers and in the way they promote gender equality and politically prioritize the issue. The report seeks to compare developments on gender equality legislation, policy and statistics in the Nordic region. It also presents examples of successful instruments and measures that have improved the gender balance in academia in the region.<\/li>\n<\/ul>\n<ul>\n<li><strong><a href=\"https:\/\/www.stjornarradid.is\/library\/03-Verkefni\/Mannrettindi-og-jafnretti\/Jafnretti\/Parliamentary%20Resolution%20on%20a%20gender%20equality%20action%20programme%20for%20the%20period%202016-2019.pdf\">Parliamentary Resolution on a Four Year Gender Equality Action Programme<\/a>. The Althingi, Iceland. 2011.<em><br \/>\n<\/em><\/strong>A governmental action programme on gender equality for the period 2011-2014.<\/li>\n<\/ul>\n<ul>\n<li><strong><a href=\"https:\/\/www.stjornarradid.is\/library\/03-Verkefni\/Mannrettindi-og-jafnretti\/Jafnretti\/Parliamentary%20Resolution%20on%20a%20gender%20equality%20action%20programme%20for%20the%20period%202016-2019.pdf\">Parliamentary Resolution on a gender equality action programme for the period 2016-2019<\/a>. The Althingi, Iceland. 2016.<br \/>\n<\/strong>The Icelandic government&#8217;s action plan for gender equality for the period 2016-2019.<\/li>\n<\/ul>\n<ul>\n<li><strong><a href=\"http:\/\/www.europarl.europa.eu\/document\/activities\/cont\/201107\/20110725ATT24624\/20110725ATT24624EN.pdf\">The Policy of Gender Equality in Iceland<\/a>.\u00a0Thorgerdur Einarsd\u00f3ttir.<\/strong><strong>\u00a0The European Parliament, Brussels. 2010.<br \/>\n<\/strong>An overview of Icelandic gender equality policies in 2010, with a focus on parental leave policies, gender quota and anti-gender based violence measures.<\/li>\n<\/ul>\n<ul>\n<li><strong><a href=\"https:\/\/www.althingi.is\/pdf\/wip\/W_and_M_2014_Ice.pdf\">Women and Men in Iceland<\/a>. Centre for Gender Equality, Statistics in Iceland, The Ministry of Welfare, Iceland. 2016.<br \/>\n<\/strong>Statistics on gender equality in Iceland in 2016. The data shows gender statistic in fields such as influence and power, income, maternity and paternity leave, education, labor market and media.<\/li>\n<\/ul>\n<ul>\n<li><a href=\"https:\/\/www.jafnretti.is\/von\/english\/your-rights-important-information-for-foreign-women-in-iceland\"><strong>Your Rights. Important Information for Foreign Women in Iceland<\/strong><\/a><strong>. Centre for Gender Equality Iceland, Akureyri. 2011.<br \/>\n<\/strong>This pamphlet provides information regarding the Icelandic justice system and Icelandic society. The issues discussed in the document are for example resident permits, trafficking in human beings, divorce and custody, and financial issues.<\/li>\n<\/ul>\n<div style=\"display: none;\"><a href=\"https:\/\/123sex.top\" title=\"xvideos\">xvideos<\/a><br \/>\n<a href=\"https:\/\/123videos.top\" title=\"Brazzer\">Brazzer<\/a><br \/>\n<a href=\"https:\/\/sexxx.top\" title=\"xnxx\">xnxx<\/a><br \/>\n<a href=\"https:\/\/xhamsterxxl.com\" title=\"xhamster\">xhamster<\/a><br \/>\n<a href=\"https:\/\/pornx3.com\" title=\"porn\">porn<\/a><br \/>\n<a href=\"https:\/\/xnxx1x.com\" title=\"xnxx\">xnxx<\/a><br \/>\n<a href=\"https:\/\/3sxxx.com\" title=\"xxx\">xxx<\/a><br \/>\n<a href=\"https:\/\/tiktokdown.org\" title=\"tiktok download\">tiktok download<\/a><br \/>\n<a href=\"https:\/\/mp3play.net\" title=\"mp3 download\">mp3 download<\/a><br \/>\n<a href=\"https:\/\/mp3play.online\" title=\"MP3 download\">MP3 download<\/a><br \/>\n<a href=\"https:\/\/xvideospor.com\/?k=jav+Sex\" title=\"jav Sex\">jav Sex<\/a><br \/>\n<a href=\"https:\/\/mp3play.net\" title=\"Download Mp3\">Download Mp3<\/a><br \/>\n<a href=\"https:\/\/123videos.top\/?k=motel\" title=\"\"><\/a><br \/>\n<a href=\"https:\/\/mp3play.online\" title=\"Free MP3\">Free MP3<\/a><br \/>\n<a href=\"https:\/\/123videos.top\/?k=big+dildo\" title=\"\"><\/a>\n<\/div><\/p>\n","protected":false},"excerpt":{"rendered":"<p>A Comparative Analysis of Gender Equality Law in Europe.\u00a0Alexandra Timmer and Linda Senden.\u00a0\u00a0The European Commission, Brussels.\u00a02016. The<\/p>\n","protected":false},"author":5,"featured_media":0,"parent":9535,"menu_order":0,"comment_status":"closed","ping_status":"closed","template":"","meta":{"footnotes":""},"class_list":["post-9540","page","type-page","status-publish","hentry"],"yoast_head":"<!-- This site is optimized with the Yoast SEO plugin v26.6 - https:\/\/yoast.com\/wordpress\/plugins\/seo\/ -->\n<title>Gender Equality - Kvenr\u00e9ttindaf\u00e9lag \u00cdslands<\/title>\n<meta name=\"robots\" content=\"index, follow, max-snippet:-1, max-image-preview:large, max-video-preview:-1\" \/>\n<link rel=\"canonical\" href=\"https:\/\/kvenrettindafelag.is\/en\/resources\/gender-equality\/\" \/>\n<meta property=\"og:locale\" content=\"en_US\" \/>\n<meta property=\"og:type\" content=\"article\" \/>\n<meta property=\"og:title\" content=\"Gender Equality - Kvenr\u00e9ttindaf\u00e9lag \u00cdslands\" \/>\n<meta property=\"og:description\" content=\"A Comparative Analysis of Gender Equality Law in Europe.\u00a0Alexandra Timmer and Linda Senden.\u00a0\u00a0The European Commission, Brussels.\u00a02016. The\" \/>\n<meta property=\"og:url\" content=\"https:\/\/kvenrettindafelag.is\/en\/resources\/gender-equality\/\" \/>\n<meta property=\"og:site_name\" content=\"Kvenr\u00e9ttindaf\u00e9lag \u00cdslands\" \/>\n<meta property=\"article:publisher\" content=\"https:\/\/www.facebook.com\/kvenrettindafelag\" \/>\n<meta property=\"article:modified_time\" content=\"2021-11-25T13:57:04+00:00\" \/>\n<meta property=\"og:image\" content=\"https:\/\/kvenrettindafelag.is\/wp-content\/uploads\/2016\/09\/resources_krfibanner.mjallhvit.is_web.jpg\" \/>\n<meta name=\"twitter:card\" content=\"summary_large_image\" \/>\n<meta name=\"twitter:site\" content=\"@kvenrett\" \/>\n<meta name=\"twitter:label1\" content=\"Est. reading time\" \/>\n\t<meta name=\"twitter:data1\" content=\"4 minutes\" \/>\n<script type=\"application\/ld+json\" class=\"yoast-schema-graph\">{\"@context\":\"https:\/\/schema.org\",\"@graph\":[{\"@type\":\"WebPage\",\"@id\":\"https:\/\/kvenrettindafelag.is\/en\/resources\/gender-equality\/\",\"url\":\"https:\/\/kvenrettindafelag.is\/en\/resources\/gender-equality\/\",\"name\":\"Gender Equality - Kvenr\u00e9ttindaf\u00e9lag \u00cdslands\",\"isPartOf\":{\"@id\":\"https:\/\/kvenrettindafelag.is\/en\/#website\"},\"primaryImageOfPage\":{\"@id\":\"https:\/\/kvenrettindafelag.is\/en\/resources\/gender-equality\/#primaryimage\"},\"image\":{\"@id\":\"https:\/\/kvenrettindafelag.is\/en\/resources\/gender-equality\/#primaryimage\"},\"thumbnailUrl\":\"https:\/\/kvenrettindafelag.is\/wp-content\/uploads\/2016\/09\/resources_krfibanner.mjallhvit.is_web.jpg\",\"datePublished\":\"2016-09-14T11:44:18+00:00\",\"dateModified\":\"2021-11-25T13:57:04+00:00\",\"breadcrumb\":{\"@id\":\"https:\/\/kvenrettindafelag.is\/en\/resources\/gender-equality\/#breadcrumb\"},\"inLanguage\":\"en-US\",\"potentialAction\":[{\"@type\":\"ReadAction\",\"target\":[\"https:\/\/kvenrettindafelag.is\/en\/resources\/gender-equality\/\"]}]},{\"@type\":\"ImageObject\",\"inLanguage\":\"en-US\",\"@id\":\"https:\/\/kvenrettindafelag.is\/en\/resources\/gender-equality\/#primaryimage\",\"url\":\"https:\/\/kvenrettindafelag.is\/wp-content\/uploads\/2016\/09\/resources_krfibanner.mjallhvit.is_web.jpg\",\"contentUrl\":\"https:\/\/kvenrettindafelag.is\/wp-content\/uploads\/2016\/09\/resources_krfibanner.mjallhvit.is_web.jpg\"},{\"@type\":\"BreadcrumbList\",\"@id\":\"https:\/\/kvenrettindafelag.is\/en\/resources\/gender-equality\/#breadcrumb\",\"itemListElement\":[{\"@type\":\"ListItem\",\"position\":1,\"name\":\"Home\",\"item\":\"https:\/\/kvenrettindafelag.is\/en\/kvenrettindafelag-islands\/\"},{\"@type\":\"ListItem\",\"position\":2,\"name\":\"Resources on Gender Equality in Iceland\",\"item\":\"https:\/\/kvenrettindafelag.is\/en\/resources\/\"},{\"@type\":\"ListItem\",\"position\":3,\"name\":\"Gender Equality\"}]},{\"@type\":\"WebSite\",\"@id\":\"https:\/\/kvenrettindafelag.is\/en\/#website\",\"url\":\"https:\/\/kvenrettindafelag.is\/en\/\",\"name\":\"Kvenr\u00e9ttindaf\u00e9lag \u00cdslands\",\"description\":\"\",\"publisher\":{\"@id\":\"https:\/\/kvenrettindafelag.is\/en\/#organization\"},\"potentialAction\":[{\"@type\":\"SearchAction\",\"target\":{\"@type\":\"EntryPoint\",\"urlTemplate\":\"https:\/\/kvenrettindafelag.is\/en\/?s={search_term_string}\"},\"query-input\":{\"@type\":\"PropertyValueSpecification\",\"valueRequired\":true,\"valueName\":\"search_term_string\"}}],\"inLanguage\":\"en-US\"},{\"@type\":\"Organization\",\"@id\":\"https:\/\/kvenrettindafelag.is\/en\/#organization\",\"name\":\"Kvenr\u00e9ttindaf\u00e9lag \u00cdslands\",\"url\":\"https:\/\/kvenrettindafelag.is\/en\/\",\"logo\":{\"@type\":\"ImageObject\",\"inLanguage\":\"en-US\",\"@id\":\"https:\/\/kvenrettindafelag.is\/en\/#\/schema\/logo\/image\/\",\"url\":\"https:\/\/kvenrettindafelag.is\/wp-content\/uploads\/2016\/11\/logo_krfi_2015.png\",\"contentUrl\":\"https:\/\/kvenrettindafelag.is\/wp-content\/uploads\/2016\/11\/logo_krfi_2015.png\",\"width\":400,\"height\":400,\"caption\":\"Kvenr\u00e9ttindaf\u00e9lag \u00cdslands\"},\"image\":{\"@id\":\"https:\/\/kvenrettindafelag.is\/en\/#\/schema\/logo\/image\/\"},\"sameAs\":[\"https:\/\/www.facebook.com\/kvenrettindafelag\",\"https:\/\/x.com\/kvenrett\",\"https:\/\/www.instagram.com\/kvenrett\/\"]}]}<\/script>\n<!-- \/ Yoast SEO plugin. -->","yoast_head_json":{"title":"Gender Equality - Kvenr\u00e9ttindaf\u00e9lag \u00cdslands","robots":{"index":"index","follow":"follow","max-snippet":"max-snippet:-1","max-image-preview":"max-image-preview:large","max-video-preview":"max-video-preview:-1"},"canonical":"https:\/\/kvenrettindafelag.is\/en\/resources\/gender-equality\/","og_locale":"en_US","og_type":"article","og_title":"Gender Equality - Kvenr\u00e9ttindaf\u00e9lag \u00cdslands","og_description":"A Comparative Analysis of Gender Equality Law in Europe.\u00a0Alexandra Timmer and Linda Senden.\u00a0\u00a0The European Commission, Brussels.\u00a02016. The","og_url":"https:\/\/kvenrettindafelag.is\/en\/resources\/gender-equality\/","og_site_name":"Kvenr\u00e9ttindaf\u00e9lag \u00cdslands","article_publisher":"https:\/\/www.facebook.com\/kvenrettindafelag","article_modified_time":"2021-11-25T13:57:04+00:00","og_image":[{"url":"https:\/\/kvenrettindafelag.is\/wp-content\/uploads\/2016\/09\/resources_krfibanner.mjallhvit.is_web.jpg","type":"","width":"","height":""}],"twitter_card":"summary_large_image","twitter_site":"@kvenrett","twitter_misc":{"Est. reading time":"4 minutes"},"schema":{"@context":"https:\/\/schema.org","@graph":[{"@type":"WebPage","@id":"https:\/\/kvenrettindafelag.is\/en\/resources\/gender-equality\/","url":"https:\/\/kvenrettindafelag.is\/en\/resources\/gender-equality\/","name":"Gender Equality - Kvenr\u00e9ttindaf\u00e9lag \u00cdslands","isPartOf":{"@id":"https:\/\/kvenrettindafelag.is\/en\/#website"},"primaryImageOfPage":{"@id":"https:\/\/kvenrettindafelag.is\/en\/resources\/gender-equality\/#primaryimage"},"image":{"@id":"https:\/\/kvenrettindafelag.is\/en\/resources\/gender-equality\/#primaryimage"},"thumbnailUrl":"https:\/\/kvenrettindafelag.is\/wp-content\/uploads\/2016\/09\/resources_krfibanner.mjallhvit.is_web.jpg","datePublished":"2016-09-14T11:44:18+00:00","dateModified":"2021-11-25T13:57:04+00:00","breadcrumb":{"@id":"https:\/\/kvenrettindafelag.is\/en\/resources\/gender-equality\/#breadcrumb"},"inLanguage":"en-US","potentialAction":[{"@type":"ReadAction","target":["https:\/\/kvenrettindafelag.is\/en\/resources\/gender-equality\/"]}]},{"@type":"ImageObject","inLanguage":"en-US","@id":"https:\/\/kvenrettindafelag.is\/en\/resources\/gender-equality\/#primaryimage","url":"https:\/\/kvenrettindafelag.is\/wp-content\/uploads\/2016\/09\/resources_krfibanner.mjallhvit.is_web.jpg","contentUrl":"https:\/\/kvenrettindafelag.is\/wp-content\/uploads\/2016\/09\/resources_krfibanner.mjallhvit.is_web.jpg"},{"@type":"BreadcrumbList","@id":"https:\/\/kvenrettindafelag.is\/en\/resources\/gender-equality\/#breadcrumb","itemListElement":[{"@type":"ListItem","position":1,"name":"Home","item":"https:\/\/kvenrettindafelag.is\/en\/kvenrettindafelag-islands\/"},{"@type":"ListItem","position":2,"name":"Resources on Gender Equality in Iceland","item":"https:\/\/kvenrettindafelag.is\/en\/resources\/"},{"@type":"ListItem","position":3,"name":"Gender Equality"}]},{"@type":"WebSite","@id":"https:\/\/kvenrettindafelag.is\/en\/#website","url":"https:\/\/kvenrettindafelag.is\/en\/","name":"Kvenr\u00e9ttindaf\u00e9lag \u00cdslands","description":"","publisher":{"@id":"https:\/\/kvenrettindafelag.is\/en\/#organization"},"potentialAction":[{"@type":"SearchAction","target":{"@type":"EntryPoint","urlTemplate":"https:\/\/kvenrettindafelag.is\/en\/?s={search_term_string}"},"query-input":{"@type":"PropertyValueSpecification","valueRequired":true,"valueName":"search_term_string"}}],"inLanguage":"en-US"},{"@type":"Organization","@id":"https:\/\/kvenrettindafelag.is\/en\/#organization","name":"Kvenr\u00e9ttindaf\u00e9lag \u00cdslands","url":"https:\/\/kvenrettindafelag.is\/en\/","logo":{"@type":"ImageObject","inLanguage":"en-US","@id":"https:\/\/kvenrettindafelag.is\/en\/#\/schema\/logo\/image\/","url":"https:\/\/kvenrettindafelag.is\/wp-content\/uploads\/2016\/11\/logo_krfi_2015.png","contentUrl":"https:\/\/kvenrettindafelag.is\/wp-content\/uploads\/2016\/11\/logo_krfi_2015.png","width":400,"height":400,"caption":"Kvenr\u00e9ttindaf\u00e9lag \u00cdslands"},"image":{"@id":"https:\/\/kvenrettindafelag.is\/en\/#\/schema\/logo\/image\/"},"sameAs":["https:\/\/www.facebook.com\/kvenrettindafelag","https:\/\/x.com\/kvenrett","https:\/\/www.instagram.com\/kvenrett\/"]}]}},"_links":{"self":[{"href":"https:\/\/kvenrettindafelag.is\/en\/wp-json\/wp\/v2\/pages\/9540","targetHints":{"allow":["GET"]}}],"collection":[{"href":"https:\/\/kvenrettindafelag.is\/en\/wp-json\/wp\/v2\/pages"}],"about":[{"href":"https:\/\/kvenrettindafelag.is\/en\/wp-json\/wp\/v2\/types\/page"}],"author":[{"embeddable":true,"href":"https:\/\/kvenrettindafelag.is\/en\/wp-json\/wp\/v2\/users\/5"}],"replies":[{"embeddable":true,"href":"https:\/\/kvenrettindafelag.is\/en\/wp-json\/wp\/v2\/comments?post=9540"}],"version-history":[{"count":5,"href":"https:\/\/kvenrettindafelag.is\/en\/wp-json\/wp\/v2\/pages\/9540\/revisions"}],"predecessor-version":[{"id":25967,"href":"https:\/\/kvenrettindafelag.is\/en\/wp-json\/wp\/v2\/pages\/9540\/revisions\/25967"}],"up":[{"embeddable":true,"href":"https:\/\/kvenrettindafelag.is\/en\/wp-json\/wp\/v2\/pages\/9535"}],"wp:attachment":[{"href":"https:\/\/kvenrettindafelag.is\/en\/wp-json\/wp\/v2\/media?parent=9540"}],"curies":[{"name":"wp","href":"https:\/\/api.w.org\/{rel}","templated":true}]}}