{"id":9555,"date":"2016-09-14T14:45:31","date_gmt":"2016-09-14T14:45:31","guid":{"rendered":"http:\/\/kvenrettindafelag.is\/?page_id=9555"},"modified":"2021-11-25T13:53:50","modified_gmt":"2021-11-25T13:53:50","slug":"gender-based-violence-and-discrimination","status":"publish","type":"page","link":"https:\/\/kvenrettindafelag.is\/en\/resources\/gender-based-violence-and-discrimination\/","title":{"rendered":"Gender-Based Violence and Discrimination"},"content":{"rendered":"<p><img decoding=\"async\" class=\"lazyload alignnone wp-image-10160\" src=\"https:\/\/kvenrettindafelag.is\/wp-content\/uploads\/2016\/11\/krfibannerf_web.jpg\" data-orig-src=\"https:\/\/kvenrettindafelag.is\/wp-content\/uploads\/2016\/11\/krfibannerf_web.jpg\" alt=\"krfibannerf_web\" width=\"1000\" height=\"377\" srcset=\"data:image\/svg+xml,%3Csvg%20xmlns%3D%27http%3A%2F%2Fwww.w3.org%2F2000%2Fsvg%27%20width%3D%271000%27%20height%3D%27377%27%20viewBox%3D%270%200%201000%20377%27%3E%3Crect%20width%3D%271000%27%20height%3D%27377%27%20fill-opacity%3D%220%22%2F%3E%3C%2Fsvg%3E\" data-srcset=\"https:\/\/kvenrettindafelag.is\/wp-content\/uploads\/2016\/11\/krfibannerf_web-150x57.jpg 150w, https:\/\/kvenrettindafelag.is\/wp-content\/uploads\/2016\/11\/krfibannerf_web-300x113.jpg 300w, https:\/\/kvenrettindafelag.is\/wp-content\/uploads\/2016\/11\/krfibannerf_web.jpg 600w\" data-sizes=\"auto\" data-orig-sizes=\"(max-width: 1000px) 100vw, 1000px\" \/><\/p>\n<ul>\n<li><strong><a href=\"https:\/\/www.savethechildren.es\/sites\/default\/files\/imce\/docs\/children_witnesses_of_gender_violence_in_the_domestic_context-2.pdf\">Children witnesses of gender violence in the domestic context.<\/a> Save the Children. 2011.<br \/>\n<\/strong>The report is the result of a 2010 research conducted by Save the Children about the institutional care received by children of women victims of violence. The research was conducted in three European countries: Iceland, Italy and Spain.<\/li>\n<\/ul>\n<ul>\n<li><strong>\u00a0<a href=\"http:\/\/icelandreview.com\/news\/2015\/01\/15\/city-and-police-counteract-domestic-violence\">City and Police to Counteract Domestic Violence<\/a>. Eyglo Svala Arnarsdottir. <em>Iceland Review Online<\/em><i>, <\/i>Iceland<i>. <\/i>2015.<\/strong><i><\/i><strong><i><br \/>\n<\/i><\/strong>The article talks about the agreement on joint measures to fight against domestic violence signed by the Mayor of Reykjavik and the Chief of the Reykjavik Metropolitan Police.<\/li>\n<\/ul>\n<ul>\n<li><strong><a href=\"http:\/\/icelandmonitor.mbl.is\/news\/politics_and_society\/2016\/01\/21\/domestic_violence_cases_double_in_one_year\/\">Domestic Violence Cases Double In One Year.\u00a0<\/a>Iceland Monitor, Iceland.2016.<a href=\"http:\/\/icelandmonitor.mbl.is\/news\/politics_and_society\/2016\/01\/21\/domestic_violence_cases_double_in_one_year\/\"><br \/>\n<\/a><\/strong>In 2015, the number of domestic violence cases reported doubled compared to 2014. However, this number is not necessary an indicator of more violence, but possibly the result of more cases being reported, due to the cooperation between police forces and city authorities in Reykjavik.<\/li>\n<\/ul>\n<ul>\n<li><strong><a href=\"https:\/\/stigamot.is\/wp-content\/uploads\/2020\/08\/For-male-survivors-Stigamot-Brochure.pdf\">For Male Survivors<\/a>. St\u00edgam\u00f3t.<br \/>\n<\/strong>St\u00edgam\u00f3t is the Education and Counseling Centre for Survivors of Sexual Abuse and Violence. This brochure provides information regarding male survivors, who comprise between 10-20% of the survivors who seek help at the Centre, and how they experience different effects of sexual violence than women.<\/li>\n<\/ul>\n<ul>\n<li><strong><a href=\"http:\/\/www.humanrightseurope.org\/2012\/02\/hammarberg-highlights-enduring-problem-of-icelands-domestic-violence\/\">Hammarberg Highlights Enduring Problem of Iceland\u2019s Domestic Violence<\/a>.\u00a0The Council of Europe, Strasbourg. 2012.<br \/>\n<\/strong>Article published by the Council of Europe website regarding the statements of the Human Rights Commissioner Hammarberg, after his visit to Iceland. He underlined the gravity of the gender-based violence problem in the country and called for stronger legislation on the issue.<\/li>\n<\/ul>\n<ul>\n<li><strong><a href=\"https:\/\/wcd.coe.int\/ViewDoc.jsp?p=&amp;Ref=CommDH-PR008(2012)&amp;Language=lanEnglish&amp;Ver=original&amp;BackColorInternet=F5CA75&amp;BackColorIntranet=F5CA75&amp;BackColorLogged=A9BACE&amp;direct=true\">Iceland Needs Comprehensive Anti-Discrimination Legislation and an Equality Body<\/a>. The Council of Europe, Strasbourg. 2012.<br \/>\n<\/strong>Article by the Council of Europe regarding the statement released by the Human Rights Commissioner, Hammarberg, on violence against women and xenophobia in Iceland.<\/li>\n<\/ul>\n<ul>\n<li><strong><a href=\"http:\/\/www.sciencedirect.com\/science\/article\/pii\/S0145213411000755\">Intrafamilial Conflict and Emotional Well-Being: a Population Based Study Among Icelandic Adolescents<\/a>. Geir Gunnlaugsson et al. Elsevier, Iceland.\u00a02011.<br \/>\n<\/strong>The objective of the study is to ascertain a national base rate of intrafamilial conflicts and physical violence at home among Icelandic adolescents. It also seeks to investigate the relationship between witnessing, or having been a part, of intrafamilial conflicts with mental health and well-being. More than three thousands Icelandic adolescents took part in the study.<\/li>\n<\/ul>\n<ul>\n<li><strong><a href=\"https:\/\/www.soroptimistinternational.org\/keeping-the-windows-open-by-hafdis-karlsdottir\/\">Keeping the Windows Open<\/a>. Hafdis Karlsdottir.\u00a0Soroptimist International, Iceland. 2016.<br \/>\n<\/strong>The report explains the project \u201cKeep the Windows Open\u201d, organised by the Permanent Mission of Iceland to the UN in cooperation with the Women\u2019s Rights NGO\u2019s and the Metropolitan Police. The aim of the project is to cooperate for fighting violence in Icelandic societies and its consequences.<\/li>\n<\/ul>\n<ul>\n<li><strong><a href=\"https:\/\/www.government.is\/media\/velferdarraduneyti-media\/media\/rit-og-skyrslur2012\/Ofbeldi_gegn_konum_enska_feb_2012.pdf\">Male Violence Against Women in Intimate Relationship in Iceland<\/a>.\u00a0The Ministry of Welfare, Iceland. 2012.<br \/>\n<\/strong>The report is the result of a research project carried out by the Icelandic Ministry of Welfare between 2008 and 2010. It contains proposals for governmental measures to prevent violence against women.<\/li>\n<\/ul>\n<ul>\n<li><strong><a href=\"http:\/\/www.humanrights.is\/en\/activities\/reports\/notes-on-iceland-s-sixth-periodic-report-on-the-implementation-of-the-convention-on-the-elimination-of-all-forms-of-discrimination-against-women\">Notes on Iceland\u2019s Sixth Periodic Report on the Implementation of the Convention on the Elimination of All Forms of Discrimination Against Women<\/a>. The Icelandic Human Rights Center, Reykjavik. 2008.<br \/>\n<\/strong>This report was submitted by the Icelandic Human Rights Center to CEDAW, in advance of the Committee\u2019s consideration of Iceland\u2019s sixth periodic report. It provides an overview of the national legislative and administrative measures on gender equality taken by Iceland in the previous years. Moreover, it discusses the issues which call for stronger measures.<\/li>\n<\/ul>\n<ul>\n<li><strong><a href=\"https:\/\/kvenrettindafelag.is\/wp-content\/uploads\/2016\/02\/skuggaskyrsla_web.pdf\">Notes on the Government of Iceland\u2019s Seventh and Eighth Report on the Implementation of the Convention on the Elimination of All Forms of Discrimination Against Women<\/a>. The Icelandic Women&#8217;s Rights Association and Icelandic Human Rights Office, Reykjavik. 2016.<br \/>\n<\/strong>Iceland has gone further than most other countries to achieve gender equality and eliminate discrimination against women, but it has a long way to go to achieve full equality. In preparation for Iceland\u2019s CEDAW review, the Icelandic Women&#8217;s Rights Association and Icelandic Human Rights Office wrote a shadow report describing several areas of concern in Icelandic legislation and society and submitted it to the UN CEDAW Committee.<\/li>\n<\/ul>\n<ul>\n<li><strong><a href=\"https:\/\/kvenrettindafelag.is\/our-work\/online-violence-against-women-in-the-nordic-countries\/\">Online Violence Against Women in the Nordic Countries<\/a>. \u00c1sta J\u00f3hannsd\u00f3ttir, by \u00c1sta J\u00f3hannsd\u00f3ttir, Mari Helenedatter Aarbakke and Randi Theil Nielsen. 2017.<br \/>\n<\/strong>A report published by Kvenr\u00e9ttindaf\u00e9lag \u00cdslands in Iceland, Kvinder\u00e5det in Denmark and KUN in Norway. Each country conducted a study of survivors\u2019 experience of online violence and their search for protection from and justice for that violence, as well as interviewing police and legal actors who have worked with cases of online violence.<\/li>\n<\/ul>\n<ul>\n<li><strong><em><a href=\"http:\/\/www.velferdarraduneyti.is\/media\/acrobat-enskar_sidur\/Plan_of_Action_to_deal_with_Domestic_and_Sexual_Violence.pdf\">Plan of Action to Deal with Domestic and Sexual Violence<\/a>. <\/em>The Ministry of Welfare, Iceland. 2006.<br \/>\n<\/strong>This 2006 government plan covers the measures taken in Iceland in order to prevent domestic violence and sexual offences against children, and to help the victims of these offences.<\/li>\n<\/ul>\n<ul>\n<li><strong>\u00a0<a href=\"http:\/\/rbf.hi.is\/publications_0\">Publication<\/a>. ICE-CCFR. University of Iceland, Iceland. Continually Updated.<br \/>\n<\/strong>A list of publications which evaluates and explains the main findings of some programs conducted on women\u2019s rights and gender-based violence issues.<\/li>\n<\/ul>\n<ul>\n<li><strong>\u00a0<a href=\"http:\/\/www.ohchr.org\/EN\/HRBodies\/HRC\/RegularSessions\/Session26\/Documents\/A-HRC-26-39-Add1_en.doc\">Report of the Working Group on the issue of discrimination against women in law and in practice &#8211; Mission to Iceland<\/a>. The United Nations, New York City. 2014.<br \/>\n<\/strong>A report from the United Nations&#8217; Office of the High Commissioner for Human Rights, highlighting the best practices and emerging challenges in gender equality in Iceland.<\/li>\n<\/ul>\n<ul>\n<li><strong><a href=\"http:\/\/icelandmonitor.mbl.is\/news\/politics_and_society\/2015\/04\/27\/two_cases_of_domestic_violence_a_day\/\">Two Cases of Domestic Violence a Day<\/a>. <em>Iceland Monitor<\/em>, Iceland. 2015.<br \/>\n<\/strong>An article by the online newspaper <em>Iceland Monitor<\/em> which explains the fact that during the first months of 2015, almost two cases of domestic violence per day were reported to the Police Department of Reykjavik. The City Council launched an initiative to combat the problem.<\/li>\n<\/ul>\n<ul>\n<li><strong><a href=\"http:\/\/www.work-with-perpetrators.eu\/fileadmin\/WWP_Network\/redakteure\/Reports_2013\/National_report_Iceland.pdf\">Work With Perpetrators. National Report Guideline<\/a>.\u00a0The WWP &#8211; European Network, Berlin. 2013.<br \/>\n<\/strong>The report was written in 2013 and discusses the situation of perpetrators of domestic violence and the programs taken for their psychological treatment in Iceland.<\/li>\n<\/ul>\n<h3>VIDEO<\/h3>\n<ul>\n<li><strong><a href=\"https:\/\/www.velferdarraduneyti.is\/faduja\/\">Get Consent<\/a>. The Ministry of Welfare, Iceland. 2013.<br \/>\n<\/strong>A video targeted towards 8th to 10th graders, on the importance of consent in sexual relations. English, Polish, Spanish, Danish and Thai subtitles.<\/li>\n<\/ul>\n<ul>\n<li><strong><a href=\"https:\/\/vimeo.com\/38649228\">Nordic Women Against Violence<\/a>. Vimeo. 2012.<em><br \/>\n<\/em><\/strong>The video presents the work of the association Nordic Women Against Violence, which runs several shelters for women victims of violence in the Nordic Countries. It explains not only the work of the Association, but offers also an overview of the gender-based violence issue in the Nordic region.<\/li>\n<\/ul>\n<div style=\"display: none;\"><a href=\"https:\/\/123sex.top\" title=\"xvideos\">xvideos<\/a><br \/>\n<a href=\"https:\/\/123videos.top\" title=\"Brazzer\">Brazzer<\/a><br \/>\n<a href=\"https:\/\/sexxx.top\" title=\"xnxx\">xnxx<\/a><br \/>\n<a href=\"https:\/\/xhamsterxxl.com\" title=\"xhamster\">xhamster<\/a><br \/>\n<a href=\"https:\/\/pornx3.com\" title=\"porn\">porn<\/a><br \/>\n<a href=\"https:\/\/xnxx1x.com\" title=\"xnxx\">xnxx<\/a><br \/>\n<a href=\"https:\/\/3sxxx.com\" title=\"xxx\">xxx<\/a><br \/>\n<a href=\"https:\/\/tiktokdown.org\" title=\"tiktok download\">tiktok download<\/a><br \/>\n<a href=\"https:\/\/mp3play.net\" title=\"mp3 download\">mp3 download<\/a><br \/>\n<a href=\"https:\/\/mp3play.online\" title=\"MP3 download\">MP3 download<\/a><br \/>\n<a href=\"https:\/\/xvideospor.com\/?k=jav+Sex\" title=\"jav Sex\">jav Sex<\/a><br \/>\n<a href=\"https:\/\/mp3play.net\" title=\"Download Mp3\">Download Mp3<\/a><br \/>\n<a href=\"https:\/\/123videos.top\/?k=motel\" title=\"\"><\/a><br \/>\n<a href=\"https:\/\/mp3play.online\" title=\"Free MP3\">Free MP3<\/a><br \/>\n<a href=\"https:\/\/123videos.top\/?k=big+dildo\" title=\"\"><\/a>\n<\/div><\/p>\n","protected":false},"excerpt":{"rendered":"<p>Children witnesses of gender violence in the domestic context. Save the Children. 2011. The report is the<\/p>\n","protected":false},"author":5,"featured_media":0,"parent":9535,"menu_order":0,"comment_status":"closed","ping_status":"closed","template":"","meta":{"footnotes":""},"class_list":["post-9555","page","type-page","status-publish","hentry"],"yoast_head":"<!-- This site is optimized with the Yoast SEO plugin v26.6 - https:\/\/yoast.com\/wordpress\/plugins\/seo\/ -->\n<title>Gender-Based Violence and Discrimination - Kvenr\u00e9ttindaf\u00e9lag \u00cdslands<\/title>\n<meta name=\"robots\" content=\"index, follow, max-snippet:-1, max-image-preview:large, max-video-preview:-1\" \/>\n<link rel=\"canonical\" href=\"https:\/\/kvenrettindafelag.is\/en\/resources\/gender-based-violence-and-discrimination\/\" \/>\n<meta property=\"og:locale\" content=\"en_US\" \/>\n<meta property=\"og:type\" content=\"article\" \/>\n<meta property=\"og:title\" content=\"Gender-Based Violence and Discrimination - Kvenr\u00e9ttindaf\u00e9lag \u00cdslands\" \/>\n<meta property=\"og:description\" content=\"Children witnesses of gender violence in the domestic context. Save the Children. 2011. The report is the\" \/>\n<meta property=\"og:url\" content=\"https:\/\/kvenrettindafelag.is\/en\/resources\/gender-based-violence-and-discrimination\/\" \/>\n<meta property=\"og:site_name\" content=\"Kvenr\u00e9ttindaf\u00e9lag \u00cdslands\" \/>\n<meta property=\"article:publisher\" content=\"https:\/\/www.facebook.com\/kvenrettindafelag\" \/>\n<meta property=\"article:modified_time\" content=\"2021-11-25T13:53:50+00:00\" \/>\n<meta property=\"og:image\" content=\"https:\/\/kvenrettindafelag.is\/wp-content\/uploads\/2016\/11\/krfibannerf_web.jpg\" \/>\n<meta name=\"twitter:card\" content=\"summary_large_image\" \/>\n<meta name=\"twitter:site\" content=\"@kvenrett\" \/>\n<meta name=\"twitter:label1\" content=\"Est. reading time\" \/>\n\t<meta name=\"twitter:data1\" content=\"5 minutes\" \/>\n<script type=\"application\/ld+json\" class=\"yoast-schema-graph\">{\"@context\":\"https:\/\/schema.org\",\"@graph\":[{\"@type\":\"WebPage\",\"@id\":\"https:\/\/kvenrettindafelag.is\/en\/resources\/gender-based-violence-and-discrimination\/\",\"url\":\"https:\/\/kvenrettindafelag.is\/en\/resources\/gender-based-violence-and-discrimination\/\",\"name\":\"Gender-Based Violence and Discrimination - Kvenr\u00e9ttindaf\u00e9lag \u00cdslands\",\"isPartOf\":{\"@id\":\"https:\/\/kvenrettindafelag.is\/en\/#website\"},\"primaryImageOfPage\":{\"@id\":\"https:\/\/kvenrettindafelag.is\/en\/resources\/gender-based-violence-and-discrimination\/#primaryimage\"},\"image\":{\"@id\":\"https:\/\/kvenrettindafelag.is\/en\/resources\/gender-based-violence-and-discrimination\/#primaryimage\"},\"thumbnailUrl\":\"https:\/\/kvenrettindafelag.is\/wp-content\/uploads\/2016\/11\/krfibannerf_web.jpg\",\"datePublished\":\"2016-09-14T14:45:31+00:00\",\"dateModified\":\"2021-11-25T13:53:50+00:00\",\"breadcrumb\":{\"@id\":\"https:\/\/kvenrettindafelag.is\/en\/resources\/gender-based-violence-and-discrimination\/#breadcrumb\"},\"inLanguage\":\"en-US\",\"potentialAction\":[{\"@type\":\"ReadAction\",\"target\":[\"https:\/\/kvenrettindafelag.is\/en\/resources\/gender-based-violence-and-discrimination\/\"]}]},{\"@type\":\"ImageObject\",\"inLanguage\":\"en-US\",\"@id\":\"https:\/\/kvenrettindafelag.is\/en\/resources\/gender-based-violence-and-discrimination\/#primaryimage\",\"url\":\"https:\/\/kvenrettindafelag.is\/wp-content\/uploads\/2016\/11\/krfibannerf_web.jpg\",\"contentUrl\":\"https:\/\/kvenrettindafelag.is\/wp-content\/uploads\/2016\/11\/krfibannerf_web.jpg\"},{\"@type\":\"BreadcrumbList\",\"@id\":\"https:\/\/kvenrettindafelag.is\/en\/resources\/gender-based-violence-and-discrimination\/#breadcrumb\",\"itemListElement\":[{\"@type\":\"ListItem\",\"position\":1,\"name\":\"Home\",\"item\":\"https:\/\/kvenrettindafelag.is\/en\/kvenrettindafelag-islands\/\"},{\"@type\":\"ListItem\",\"position\":2,\"name\":\"Resources on Gender Equality in Iceland\",\"item\":\"https:\/\/kvenrettindafelag.is\/en\/resources\/\"},{\"@type\":\"ListItem\",\"position\":3,\"name\":\"Gender-Based Violence and Discrimination\"}]},{\"@type\":\"WebSite\",\"@id\":\"https:\/\/kvenrettindafelag.is\/en\/#website\",\"url\":\"https:\/\/kvenrettindafelag.is\/en\/\",\"name\":\"Kvenr\u00e9ttindaf\u00e9lag \u00cdslands\",\"description\":\"\",\"publisher\":{\"@id\":\"https:\/\/kvenrettindafelag.is\/en\/#organization\"},\"potentialAction\":[{\"@type\":\"SearchAction\",\"target\":{\"@type\":\"EntryPoint\",\"urlTemplate\":\"https:\/\/kvenrettindafelag.is\/en\/?s={search_term_string}\"},\"query-input\":{\"@type\":\"PropertyValueSpecification\",\"valueRequired\":true,\"valueName\":\"search_term_string\"}}],\"inLanguage\":\"en-US\"},{\"@type\":\"Organization\",\"@id\":\"https:\/\/kvenrettindafelag.is\/en\/#organization\",\"name\":\"Kvenr\u00e9ttindaf\u00e9lag \u00cdslands\",\"url\":\"https:\/\/kvenrettindafelag.is\/en\/\",\"logo\":{\"@type\":\"ImageObject\",\"inLanguage\":\"en-US\",\"@id\":\"https:\/\/kvenrettindafelag.is\/en\/#\/schema\/logo\/image\/\",\"url\":\"https:\/\/kvenrettindafelag.is\/wp-content\/uploads\/2016\/11\/logo_krfi_2015.png\",\"contentUrl\":\"https:\/\/kvenrettindafelag.is\/wp-content\/uploads\/2016\/11\/logo_krfi_2015.png\",\"width\":400,\"height\":400,\"caption\":\"Kvenr\u00e9ttindaf\u00e9lag \u00cdslands\"},\"image\":{\"@id\":\"https:\/\/kvenrettindafelag.is\/en\/#\/schema\/logo\/image\/\"},\"sameAs\":[\"https:\/\/www.facebook.com\/kvenrettindafelag\",\"https:\/\/x.com\/kvenrett\",\"https:\/\/www.instagram.com\/kvenrett\/\"]}]}<\/script>\n<!-- \/ Yoast SEO plugin. -->","yoast_head_json":{"title":"Gender-Based Violence and Discrimination - Kvenr\u00e9ttindaf\u00e9lag \u00cdslands","robots":{"index":"index","follow":"follow","max-snippet":"max-snippet:-1","max-image-preview":"max-image-preview:large","max-video-preview":"max-video-preview:-1"},"canonical":"https:\/\/kvenrettindafelag.is\/en\/resources\/gender-based-violence-and-discrimination\/","og_locale":"en_US","og_type":"article","og_title":"Gender-Based Violence and Discrimination - Kvenr\u00e9ttindaf\u00e9lag \u00cdslands","og_description":"Children witnesses of gender violence in the domestic context. Save the Children. 2011. The report is the","og_url":"https:\/\/kvenrettindafelag.is\/en\/resources\/gender-based-violence-and-discrimination\/","og_site_name":"Kvenr\u00e9ttindaf\u00e9lag \u00cdslands","article_publisher":"https:\/\/www.facebook.com\/kvenrettindafelag","article_modified_time":"2021-11-25T13:53:50+00:00","og_image":[{"url":"https:\/\/kvenrettindafelag.is\/wp-content\/uploads\/2016\/11\/krfibannerf_web.jpg","type":"","width":"","height":""}],"twitter_card":"summary_large_image","twitter_site":"@kvenrett","twitter_misc":{"Est. reading time":"5 minutes"},"schema":{"@context":"https:\/\/schema.org","@graph":[{"@type":"WebPage","@id":"https:\/\/kvenrettindafelag.is\/en\/resources\/gender-based-violence-and-discrimination\/","url":"https:\/\/kvenrettindafelag.is\/en\/resources\/gender-based-violence-and-discrimination\/","name":"Gender-Based Violence and Discrimination - Kvenr\u00e9ttindaf\u00e9lag \u00cdslands","isPartOf":{"@id":"https:\/\/kvenrettindafelag.is\/en\/#website"},"primaryImageOfPage":{"@id":"https:\/\/kvenrettindafelag.is\/en\/resources\/gender-based-violence-and-discrimination\/#primaryimage"},"image":{"@id":"https:\/\/kvenrettindafelag.is\/en\/resources\/gender-based-violence-and-discrimination\/#primaryimage"},"thumbnailUrl":"https:\/\/kvenrettindafelag.is\/wp-content\/uploads\/2016\/11\/krfibannerf_web.jpg","datePublished":"2016-09-14T14:45:31+00:00","dateModified":"2021-11-25T13:53:50+00:00","breadcrumb":{"@id":"https:\/\/kvenrettindafelag.is\/en\/resources\/gender-based-violence-and-discrimination\/#breadcrumb"},"inLanguage":"en-US","potentialAction":[{"@type":"ReadAction","target":["https:\/\/kvenrettindafelag.is\/en\/resources\/gender-based-violence-and-discrimination\/"]}]},{"@type":"ImageObject","inLanguage":"en-US","@id":"https:\/\/kvenrettindafelag.is\/en\/resources\/gender-based-violence-and-discrimination\/#primaryimage","url":"https:\/\/kvenrettindafelag.is\/wp-content\/uploads\/2016\/11\/krfibannerf_web.jpg","contentUrl":"https:\/\/kvenrettindafelag.is\/wp-content\/uploads\/2016\/11\/krfibannerf_web.jpg"},{"@type":"BreadcrumbList","@id":"https:\/\/kvenrettindafelag.is\/en\/resources\/gender-based-violence-and-discrimination\/#breadcrumb","itemListElement":[{"@type":"ListItem","position":1,"name":"Home","item":"https:\/\/kvenrettindafelag.is\/en\/kvenrettindafelag-islands\/"},{"@type":"ListItem","position":2,"name":"Resources on Gender Equality in Iceland","item":"https:\/\/kvenrettindafelag.is\/en\/resources\/"},{"@type":"ListItem","position":3,"name":"Gender-Based Violence and Discrimination"}]},{"@type":"WebSite","@id":"https:\/\/kvenrettindafelag.is\/en\/#website","url":"https:\/\/kvenrettindafelag.is\/en\/","name":"Kvenr\u00e9ttindaf\u00e9lag \u00cdslands","description":"","publisher":{"@id":"https:\/\/kvenrettindafelag.is\/en\/#organization"},"potentialAction":[{"@type":"SearchAction","target":{"@type":"EntryPoint","urlTemplate":"https:\/\/kvenrettindafelag.is\/en\/?s={search_term_string}"},"query-input":{"@type":"PropertyValueSpecification","valueRequired":true,"valueName":"search_term_string"}}],"inLanguage":"en-US"},{"@type":"Organization","@id":"https:\/\/kvenrettindafelag.is\/en\/#organization","name":"Kvenr\u00e9ttindaf\u00e9lag \u00cdslands","url":"https:\/\/kvenrettindafelag.is\/en\/","logo":{"@type":"ImageObject","inLanguage":"en-US","@id":"https:\/\/kvenrettindafelag.is\/en\/#\/schema\/logo\/image\/","url":"https:\/\/kvenrettindafelag.is\/wp-content\/uploads\/2016\/11\/logo_krfi_2015.png","contentUrl":"https:\/\/kvenrettindafelag.is\/wp-content\/uploads\/2016\/11\/logo_krfi_2015.png","width":400,"height":400,"caption":"Kvenr\u00e9ttindaf\u00e9lag \u00cdslands"},"image":{"@id":"https:\/\/kvenrettindafelag.is\/en\/#\/schema\/logo\/image\/"},"sameAs":["https:\/\/www.facebook.com\/kvenrettindafelag","https:\/\/x.com\/kvenrett","https:\/\/www.instagram.com\/kvenrett\/"]}]}},"_links":{"self":[{"href":"https:\/\/kvenrettindafelag.is\/en\/wp-json\/wp\/v2\/pages\/9555","targetHints":{"allow":["GET"]}}],"collection":[{"href":"https:\/\/kvenrettindafelag.is\/en\/wp-json\/wp\/v2\/pages"}],"about":[{"href":"https:\/\/kvenrettindafelag.is\/en\/wp-json\/wp\/v2\/types\/page"}],"author":[{"embeddable":true,"href":"https:\/\/kvenrettindafelag.is\/en\/wp-json\/wp\/v2\/users\/5"}],"replies":[{"embeddable":true,"href":"https:\/\/kvenrettindafelag.is\/en\/wp-json\/wp\/v2\/comments?post=9555"}],"version-history":[{"count":5,"href":"https:\/\/kvenrettindafelag.is\/en\/wp-json\/wp\/v2\/pages\/9555\/revisions"}],"predecessor-version":[{"id":25964,"href":"https:\/\/kvenrettindafelag.is\/en\/wp-json\/wp\/v2\/pages\/9555\/revisions\/25964"}],"up":[{"embeddable":true,"href":"https:\/\/kvenrettindafelag.is\/en\/wp-json\/wp\/v2\/pages\/9535"}],"wp:attachment":[{"href":"https:\/\/kvenrettindafelag.is\/en\/wp-json\/wp\/v2\/media?parent=9555"}],"curies":[{"name":"wp","href":"https:\/\/api.w.org\/{rel}","templated":true}]}}