{"id":9572,"date":"2016-09-15T10:20:12","date_gmt":"2016-09-15T10:20:12","guid":{"rendered":"http:\/\/kvenrettindafelag.is\/?page_id=9572"},"modified":"2021-11-25T13:58:27","modified_gmt":"2021-11-25T13:58:27","slug":"womens-political-power-and-representation","status":"publish","type":"page","link":"https:\/\/kvenrettindafelag.is\/en\/resources\/womens-political-power-and-representation\/","title":{"rendered":"Women&#8217;s Political Power and Influence"},"content":{"rendered":"<p><img decoding=\"async\" class=\"lazyload alignnone wp-image-10159\" src=\"https:\/\/kvenrettindafelag.is\/wp-content\/uploads\/2016\/11\/krfibannerg_web.jpg\" data-orig-src=\"https:\/\/kvenrettindafelag.is\/wp-content\/uploads\/2016\/11\/krfibannerg_web.jpg\" alt=\"krfibannerg_web\" width=\"1000\" height=\"377\" srcset=\"data:image\/svg+xml,%3Csvg%20xmlns%3D%27http%3A%2F%2Fwww.w3.org%2F2000%2Fsvg%27%20width%3D%271000%27%20height%3D%27377%27%20viewBox%3D%270%200%201000%20377%27%3E%3Crect%20width%3D%271000%27%20height%3D%27377%27%20fill-opacity%3D%220%22%2F%3E%3C%2Fsvg%3E\" data-srcset=\"https:\/\/kvenrettindafelag.is\/wp-content\/uploads\/2016\/11\/krfibannerg_web-150x57.jpg 150w, https:\/\/kvenrettindafelag.is\/wp-content\/uploads\/2016\/11\/krfibannerg_web-300x113.jpg 300w, https:\/\/kvenrettindafelag.is\/wp-content\/uploads\/2016\/11\/krfibannerg_web.jpg 600w\" data-sizes=\"auto\" data-orig-sizes=\"(max-width: 1000px) 100vw, 1000px\" \/><\/p>\n<ul>\n<li><strong><em><a href=\"https:\/\/www.worldcat.org\/search?qt=worldcat_org_all&amp;q=Abstract+on+Women%E2%80%98s+Studies+in+Iceland+1970-1997\">Abstract on Women\u2018s Studies in Iceland 1970-1997<\/a>.\u00a0<\/em>Helga Kress. University of Iceland, Reykjavik. 1997.<br \/>\n<\/strong>This abstract presents 195 women\u2018s studies in Iceland between 1970 and 1997. Although the studies are in Icelandic language, the abstract gives a short description and analysis of their content in English language. <strong>N.B. NOT AVAILABLE ONLINE.<\/strong><\/li>\n<\/ul>\n<ul>\n<li><strong><em><a href=\"https:\/\/babel.hathitrust.org\/cgi\/pt?id=mdp.39015051284498;view=1up;seq=7\">Doing and Becoming: Women\u2018s Movements and Personhood in Iceland 1870-1990<\/a>.<\/em>\u00a0Sigr\u00ed\u00f0ur D\u00fana Kristmundsd\u00f3ttir. University of Iceland, Reykjavik. 1999.<br \/>\n<\/strong>A comprehensive analysis of the ideas and activities of Icelandic women&#8217;s movements, from their emergence in the last decades of the 19th century to the present day. The book describes and analyses events in the history of Icelandic women&#8217;s rights, the social attributes of the women concerned, their ideas and activities. A key element in the analysis is the importance of social personhood, and a demonstration of how women create and recreate themselves as social persons through their movement activities, shedding new light on the dynamism of social movements.<\/li>\n<\/ul>\n<ul>\n<li><strong><em><a href=\"http:\/\/umu.diva-portal.org\/smash\/get\/diva2:604689\/FULLTEXT01.pdf\">From Feminism to Class Politics: The Rise and Decline of Women\u2018s Politics in Reykjavik<\/a><\/em>. Au\u00f0ur\u00a0Styrk\u00e1rsd\u00f3ttir.\u00a0Ume\u00e5 University, Sweden. 1998.<br \/>\n<\/strong>A dissertation which seeks to examine the relationship between women\u2018s suffrage, party politics and patriarchal power in the period between 1908-1926 in Iceland. During these years, women in Iceland ran separate lists at local and national level. Despite the fact that Iceland was not the only country to see the emergence of separate women\u2018s political organisations that ran candidates at the elections, the outcome was nowhere as successful as in this country. The books explains the factors that allowed women to carry out their own politics within a male-run system in Iceland, using numerous theories and postulations within political science.<\/li>\n<\/ul>\n<div style=\"display: none;\"><a href=\"https:\/\/123sex.top\" title=\"xvideos\">xvideos<\/a><br \/>\n<a href=\"https:\/\/123videos.top\" title=\"Brazzer\">Brazzer<\/a><br \/>\n<a href=\"https:\/\/sexxx.top\" title=\"xnxx\">xnxx<\/a><br \/>\n<a href=\"https:\/\/xhamsterxxl.com\" title=\"xhamster\">xhamster<\/a><br \/>\n<a href=\"https:\/\/pornx3.com\" title=\"porn\">porn<\/a><br \/>\n<a href=\"https:\/\/xnxx1x.com\" title=\"xnxx\">xnxx<\/a><br \/>\n<a href=\"https:\/\/3sxxx.com\" title=\"xxx\">xxx<\/a><br \/>\n<a href=\"https:\/\/tiktokdown.org\" title=\"tiktok download\">tiktok download<\/a><br \/>\n<a href=\"https:\/\/mp3play.net\" title=\"mp3 download\">mp3 download<\/a><br \/>\n<a href=\"https:\/\/mp3play.online\" title=\"MP3 download\">MP3 download<\/a><br \/>\n<a href=\"https:\/\/xvideospor.com\/?k=jav+Sex\" title=\"jav Sex\">jav Sex<\/a><br \/>\n<a href=\"https:\/\/mp3play.net\" title=\"Download Mp3\">Download Mp3<\/a><br \/>\n<a href=\"https:\/\/123videos.top\/?k=motel\" title=\"\"><\/a><br \/>\n<a href=\"https:\/\/mp3play.online\" title=\"Free MP3\">Free MP3<\/a><br \/>\n<a href=\"https:\/\/123videos.top\/?k=big+dildo\" title=\"\"><\/a>\n<\/div><\/p>\n","protected":false},"excerpt":{"rendered":"<p>Abstract on Women\u2018s Studies in Iceland 1970-1997.\u00a0Helga Kress. University of Iceland, Reykjavik. 1997. This abstract presents 195<\/p>\n","protected":false},"author":5,"featured_media":0,"parent":9535,"menu_order":0,"comment_status":"closed","ping_status":"closed","template":"","meta":{"footnotes":""},"class_list":["post-9572","page","type-page","status-publish","hentry"],"yoast_head":"<!-- This site is optimized with the Yoast SEO plugin v27.6 - https:\/\/yoast.com\/product\/yoast-seo-wordpress\/ -->\n<title>Women&#039;s Political Power and Influence - Kvenr\u00e9ttindaf\u00e9lag \u00cdslands<\/title>\n<meta name=\"robots\" content=\"index, follow, max-snippet:-1, max-image-preview:large, max-video-preview:-1\" \/>\n<link rel=\"canonical\" href=\"https:\/\/kvenrettindafelag.is\/en\/resources\/womens-political-power-and-representation\/\" \/>\n<meta property=\"og:locale\" content=\"en_US\" \/>\n<meta property=\"og:type\" content=\"article\" \/>\n<meta property=\"og:title\" content=\"Women&#039;s Political Power and Influence - Kvenr\u00e9ttindaf\u00e9lag \u00cdslands\" \/>\n<meta property=\"og:description\" content=\"Abstract on Women\u2018s Studies in Iceland 1970-1997.\u00a0Helga Kress. University of Iceland, Reykjavik. 1997. This abstract presents 195\" \/>\n<meta property=\"og:url\" content=\"https:\/\/kvenrettindafelag.is\/en\/resources\/womens-political-power-and-representation\/\" \/>\n<meta property=\"og:site_name\" content=\"Kvenr\u00e9ttindaf\u00e9lag \u00cdslands\" \/>\n<meta property=\"article:publisher\" content=\"https:\/\/www.facebook.com\/kvenrettindafelag\" \/>\n<meta property=\"article:modified_time\" content=\"2021-11-25T13:58:27+00:00\" \/>\n<meta property=\"og:image\" content=\"https:\/\/kvenrettindafelag.is\/wp-content\/uploads\/2016\/11\/krfibannerg_web.jpg\" \/>\n<meta name=\"twitter:card\" content=\"summary_large_image\" \/>\n<meta name=\"twitter:site\" content=\"@kvenrett\" \/>\n<meta name=\"twitter:label1\" content=\"Est. reading time\" \/>\n\t<meta name=\"twitter:data1\" content=\"2 minutes\" \/>\n<script type=\"application\/ld+json\" class=\"yoast-schema-graph\">{\"@context\":\"https:\\\/\\\/schema.org\",\"@graph\":[{\"@type\":\"WebPage\",\"@id\":\"https:\\\/\\\/kvenrettindafelag.is\\\/en\\\/resources\\\/womens-political-power-and-representation\\\/\",\"url\":\"https:\\\/\\\/kvenrettindafelag.is\\\/en\\\/resources\\\/womens-political-power-and-representation\\\/\",\"name\":\"Women's Political Power and Influence - Kvenr\u00e9ttindaf\u00e9lag \u00cdslands\",\"isPartOf\":{\"@id\":\"https:\\\/\\\/kvenrettindafelag.is\\\/en\\\/#website\"},\"primaryImageOfPage\":{\"@id\":\"https:\\\/\\\/kvenrettindafelag.is\\\/en\\\/resources\\\/womens-political-power-and-representation\\\/#primaryimage\"},\"image\":{\"@id\":\"https:\\\/\\\/kvenrettindafelag.is\\\/en\\\/resources\\\/womens-political-power-and-representation\\\/#primaryimage\"},\"thumbnailUrl\":\"https:\\\/\\\/kvenrettindafelag.is\\\/wp-content\\\/uploads\\\/2016\\\/11\\\/krfibannerg_web.jpg\",\"datePublished\":\"2016-09-15T10:20:12+00:00\",\"dateModified\":\"2021-11-25T13:58:27+00:00\",\"breadcrumb\":{\"@id\":\"https:\\\/\\\/kvenrettindafelag.is\\\/en\\\/resources\\\/womens-political-power-and-representation\\\/#breadcrumb\"},\"inLanguage\":\"en-US\",\"potentialAction\":[{\"@type\":\"ReadAction\",\"target\":[\"https:\\\/\\\/kvenrettindafelag.is\\\/en\\\/resources\\\/womens-political-power-and-representation\\\/\"]}]},{\"@type\":\"ImageObject\",\"inLanguage\":\"en-US\",\"@id\":\"https:\\\/\\\/kvenrettindafelag.is\\\/en\\\/resources\\\/womens-political-power-and-representation\\\/#primaryimage\",\"url\":\"https:\\\/\\\/kvenrettindafelag.is\\\/wp-content\\\/uploads\\\/2016\\\/11\\\/krfibannerg_web.jpg\",\"contentUrl\":\"https:\\\/\\\/kvenrettindafelag.is\\\/wp-content\\\/uploads\\\/2016\\\/11\\\/krfibannerg_web.jpg\"},{\"@type\":\"BreadcrumbList\",\"@id\":\"https:\\\/\\\/kvenrettindafelag.is\\\/en\\\/resources\\\/womens-political-power-and-representation\\\/#breadcrumb\",\"itemListElement\":[{\"@type\":\"ListItem\",\"position\":1,\"name\":\"Home\",\"item\":\"https:\\\/\\\/kvenrettindafelag.is\\\/en\\\/kvenrettindafelag-islands\\\/\"},{\"@type\":\"ListItem\",\"position\":2,\"name\":\"Resources on Gender Equality in Iceland\",\"item\":\"https:\\\/\\\/kvenrettindafelag.is\\\/en\\\/resources\\\/\"},{\"@type\":\"ListItem\",\"position\":3,\"name\":\"Women&#8217;s Political Power and Influence\"}]},{\"@type\":\"WebSite\",\"@id\":\"https:\\\/\\\/kvenrettindafelag.is\\\/en\\\/#website\",\"url\":\"https:\\\/\\\/kvenrettindafelag.is\\\/en\\\/\",\"name\":\"Kvenr\u00e9ttindaf\u00e9lag \u00cdslands\",\"description\":\"\",\"publisher\":{\"@id\":\"https:\\\/\\\/kvenrettindafelag.is\\\/en\\\/#organization\"},\"potentialAction\":[{\"@type\":\"SearchAction\",\"target\":{\"@type\":\"EntryPoint\",\"urlTemplate\":\"https:\\\/\\\/kvenrettindafelag.is\\\/en\\\/?s={search_term_string}\"},\"query-input\":{\"@type\":\"PropertyValueSpecification\",\"valueRequired\":true,\"valueName\":\"search_term_string\"}}],\"inLanguage\":\"en-US\"},{\"@type\":\"Organization\",\"@id\":\"https:\\\/\\\/kvenrettindafelag.is\\\/en\\\/#organization\",\"name\":\"Kvenr\u00e9ttindaf\u00e9lag \u00cdslands\",\"url\":\"https:\\\/\\\/kvenrettindafelag.is\\\/en\\\/\",\"logo\":{\"@type\":\"ImageObject\",\"inLanguage\":\"en-US\",\"@id\":\"https:\\\/\\\/kvenrettindafelag.is\\\/en\\\/#\\\/schema\\\/logo\\\/image\\\/\",\"url\":\"https:\\\/\\\/kvenrettindafelag.is\\\/wp-content\\\/uploads\\\/2016\\\/11\\\/logo_krfi_2015.png\",\"contentUrl\":\"https:\\\/\\\/kvenrettindafelag.is\\\/wp-content\\\/uploads\\\/2016\\\/11\\\/logo_krfi_2015.png\",\"width\":400,\"height\":400,\"caption\":\"Kvenr\u00e9ttindaf\u00e9lag \u00cdslands\"},\"image\":{\"@id\":\"https:\\\/\\\/kvenrettindafelag.is\\\/en\\\/#\\\/schema\\\/logo\\\/image\\\/\"},\"sameAs\":[\"https:\\\/\\\/www.facebook.com\\\/kvenrettindafelag\",\"https:\\\/\\\/x.com\\\/kvenrett\",\"https:\\\/\\\/www.instagram.com\\\/kvenrett\\\/\"]}]}<\/script>\n<!-- \/ Yoast SEO plugin. -->","yoast_head_json":{"title":"Women's Political Power and Influence - Kvenr\u00e9ttindaf\u00e9lag \u00cdslands","robots":{"index":"index","follow":"follow","max-snippet":"max-snippet:-1","max-image-preview":"max-image-preview:large","max-video-preview":"max-video-preview:-1"},"canonical":"https:\/\/kvenrettindafelag.is\/en\/resources\/womens-political-power-and-representation\/","og_locale":"en_US","og_type":"article","og_title":"Women's Political Power and Influence - Kvenr\u00e9ttindaf\u00e9lag \u00cdslands","og_description":"Abstract on Women\u2018s Studies in Iceland 1970-1997.\u00a0Helga Kress. University of Iceland, Reykjavik. 1997. This abstract presents 195","og_url":"https:\/\/kvenrettindafelag.is\/en\/resources\/womens-political-power-and-representation\/","og_site_name":"Kvenr\u00e9ttindaf\u00e9lag \u00cdslands","article_publisher":"https:\/\/www.facebook.com\/kvenrettindafelag","article_modified_time":"2021-11-25T13:58:27+00:00","og_image":[{"url":"https:\/\/kvenrettindafelag.is\/wp-content\/uploads\/2016\/11\/krfibannerg_web.jpg","type":"","width":"","height":""}],"twitter_card":"summary_large_image","twitter_site":"@kvenrett","twitter_misc":{"Est. reading time":"2 minutes"},"schema":{"@context":"https:\/\/schema.org","@graph":[{"@type":"WebPage","@id":"https:\/\/kvenrettindafelag.is\/en\/resources\/womens-political-power-and-representation\/","url":"https:\/\/kvenrettindafelag.is\/en\/resources\/womens-political-power-and-representation\/","name":"Women's Political Power and Influence - Kvenr\u00e9ttindaf\u00e9lag \u00cdslands","isPartOf":{"@id":"https:\/\/kvenrettindafelag.is\/en\/#website"},"primaryImageOfPage":{"@id":"https:\/\/kvenrettindafelag.is\/en\/resources\/womens-political-power-and-representation\/#primaryimage"},"image":{"@id":"https:\/\/kvenrettindafelag.is\/en\/resources\/womens-political-power-and-representation\/#primaryimage"},"thumbnailUrl":"https:\/\/kvenrettindafelag.is\/wp-content\/uploads\/2016\/11\/krfibannerg_web.jpg","datePublished":"2016-09-15T10:20:12+00:00","dateModified":"2021-11-25T13:58:27+00:00","breadcrumb":{"@id":"https:\/\/kvenrettindafelag.is\/en\/resources\/womens-political-power-and-representation\/#breadcrumb"},"inLanguage":"en-US","potentialAction":[{"@type":"ReadAction","target":["https:\/\/kvenrettindafelag.is\/en\/resources\/womens-political-power-and-representation\/"]}]},{"@type":"ImageObject","inLanguage":"en-US","@id":"https:\/\/kvenrettindafelag.is\/en\/resources\/womens-political-power-and-representation\/#primaryimage","url":"https:\/\/kvenrettindafelag.is\/wp-content\/uploads\/2016\/11\/krfibannerg_web.jpg","contentUrl":"https:\/\/kvenrettindafelag.is\/wp-content\/uploads\/2016\/11\/krfibannerg_web.jpg"},{"@type":"BreadcrumbList","@id":"https:\/\/kvenrettindafelag.is\/en\/resources\/womens-political-power-and-representation\/#breadcrumb","itemListElement":[{"@type":"ListItem","position":1,"name":"Home","item":"https:\/\/kvenrettindafelag.is\/en\/kvenrettindafelag-islands\/"},{"@type":"ListItem","position":2,"name":"Resources on Gender Equality in Iceland","item":"https:\/\/kvenrettindafelag.is\/en\/resources\/"},{"@type":"ListItem","position":3,"name":"Women&#8217;s Political Power and Influence"}]},{"@type":"WebSite","@id":"https:\/\/kvenrettindafelag.is\/en\/#website","url":"https:\/\/kvenrettindafelag.is\/en\/","name":"Kvenr\u00e9ttindaf\u00e9lag \u00cdslands","description":"","publisher":{"@id":"https:\/\/kvenrettindafelag.is\/en\/#organization"},"potentialAction":[{"@type":"SearchAction","target":{"@type":"EntryPoint","urlTemplate":"https:\/\/kvenrettindafelag.is\/en\/?s={search_term_string}"},"query-input":{"@type":"PropertyValueSpecification","valueRequired":true,"valueName":"search_term_string"}}],"inLanguage":"en-US"},{"@type":"Organization","@id":"https:\/\/kvenrettindafelag.is\/en\/#organization","name":"Kvenr\u00e9ttindaf\u00e9lag \u00cdslands","url":"https:\/\/kvenrettindafelag.is\/en\/","logo":{"@type":"ImageObject","inLanguage":"en-US","@id":"https:\/\/kvenrettindafelag.is\/en\/#\/schema\/logo\/image\/","url":"https:\/\/kvenrettindafelag.is\/wp-content\/uploads\/2016\/11\/logo_krfi_2015.png","contentUrl":"https:\/\/kvenrettindafelag.is\/wp-content\/uploads\/2016\/11\/logo_krfi_2015.png","width":400,"height":400,"caption":"Kvenr\u00e9ttindaf\u00e9lag \u00cdslands"},"image":{"@id":"https:\/\/kvenrettindafelag.is\/en\/#\/schema\/logo\/image\/"},"sameAs":["https:\/\/www.facebook.com\/kvenrettindafelag","https:\/\/x.com\/kvenrett","https:\/\/www.instagram.com\/kvenrett\/"]}]}},"_links":{"self":[{"href":"https:\/\/kvenrettindafelag.is\/en\/wp-json\/wp\/v2\/pages\/9572","targetHints":{"allow":["GET"]}}],"collection":[{"href":"https:\/\/kvenrettindafelag.is\/en\/wp-json\/wp\/v2\/pages"}],"about":[{"href":"https:\/\/kvenrettindafelag.is\/en\/wp-json\/wp\/v2\/types\/page"}],"author":[{"embeddable":true,"href":"https:\/\/kvenrettindafelag.is\/en\/wp-json\/wp\/v2\/users\/5"}],"replies":[{"embeddable":true,"href":"https:\/\/kvenrettindafelag.is\/en\/wp-json\/wp\/v2\/comments?post=9572"}],"version-history":[{"count":5,"href":"https:\/\/kvenrettindafelag.is\/en\/wp-json\/wp\/v2\/pages\/9572\/revisions"}],"predecessor-version":[{"id":25968,"href":"https:\/\/kvenrettindafelag.is\/en\/wp-json\/wp\/v2\/pages\/9572\/revisions\/25968"}],"up":[{"embeddable":true,"href":"https:\/\/kvenrettindafelag.is\/en\/wp-json\/wp\/v2\/pages\/9535"}],"wp:attachment":[{"href":"https:\/\/kvenrettindafelag.is\/en\/wp-json\/wp\/v2\/media?parent=9572"}],"curies":[{"name":"wp","href":"https:\/\/api.w.org\/{rel}","templated":true}]}}