{"id":9615,"date":"2016-09-16T16:10:07","date_gmt":"2016-09-16T16:10:07","guid":{"rendered":"http:\/\/kvenrettindafelag.is\/?page_id=9615"},"modified":"2021-11-25T13:34:27","modified_gmt":"2021-11-25T13:34:27","slug":"contacts-in-iceland","status":"publish","type":"page","link":"https:\/\/kvenrettindafelag.is\/en\/resources\/contacts-in-iceland\/","title":{"rendered":"Contacts in Iceland"},"content":{"rendered":"<p><img decoding=\"async\" class=\"lazyload alignnone wp-image-10162\" src=\"https:\/\/kvenrettindafelag.is\/wp-content\/uploads\/2016\/11\/krfibannerd_web.jpg\" data-orig-src=\"https:\/\/kvenrettindafelag.is\/wp-content\/uploads\/2016\/11\/krfibannerd_web.jpg\" alt=\"krfibannerd_web\" width=\"1000\" height=\"377\" srcset=\"data:image\/svg+xml,%3Csvg%20xmlns%3D%27http%3A%2F%2Fwww.w3.org%2F2000%2Fsvg%27%20width%3D%271000%27%20height%3D%27377%27%20viewBox%3D%270%200%201000%20377%27%3E%3Crect%20width%3D%271000%27%20height%3D%27377%27%20fill-opacity%3D%220%22%2F%3E%3C%2Fsvg%3E\" data-srcset=\"https:\/\/kvenrettindafelag.is\/wp-content\/uploads\/2016\/11\/krfibannerd_web-150x57.jpg 150w, https:\/\/kvenrettindafelag.is\/wp-content\/uploads\/2016\/11\/krfibannerd_web-300x113.jpg 300w, https:\/\/kvenrettindafelag.is\/wp-content\/uploads\/2016\/11\/krfibannerd_web.jpg 600w\" data-sizes=\"auto\" data-orig-sizes=\"(max-width: 1000px) 100vw, 1000px\" \/><\/p>\n<h2>Governmental Institutions for Equality<\/h2>\n<ul>\n<li><strong><a href=\"http:\/\/www.jafnretti.is\/\" target=\"_blank\" rel=\"noopener noreferrer\"><span id=\"ctl00_cphMain_ctl00_lblContent\">The Centre for Gender Equality<\/span><\/a><\/strong>, a national bureau in charge of administering the Act on Equal Status and Equal Rights of Women and Men No. 10\/2008<\/li>\n<li><a href=\"https:\/\/fel.hi.is\/is\/mark-midstod-margbreytileika-og-kynjarannsokna\"><strong>MARK<\/strong><\/a>, the Center for Diversity and Gender Studies at the University of Iceland<\/li>\n<li><strong><a href=\"http:\/\/www.rikk.hi.is\/\" target=\"_blank\" rel=\"noopener noreferrer\">RIKK<\/a><\/strong>, the Institute for Gender, Equality and Difference at the University of Iceland<\/li>\n<li><a href=\"https:\/\/www.grocentre.is\/gest\"><strong>Gr\u00f3 GEST<\/strong><\/a>, The United Nations University Gender Equality Studies and Training Programme (at the University of Iceland)<\/li>\n<li><strong><a href=\"https:\/\/www.norden.org\/en\/information\/about-nordic-council-ministers-gender-equality-and-lgbti-mr-jam\">(MR-J\u00c4M)<\/a><\/strong>, Nordic Council of Ministers for Gender Equality and LGBTI<\/li>\n<\/ul>\n<h2>Feminist NGOs<\/h2>\n<ul>\n<li><strong><a href=\"https:\/\/www.facebook.com\/feministafelaghi\/\">Fem\u00ednistaf\u00e9lag H\u00cd<\/a><\/strong>, Feminist Association of the University of Iceland<\/li>\n<li><a href=\"http:\/\/www.feminiskfjarmal.is\"><strong>Fem\u00edn\u00edsk fj\u00e1rm\u00e1l<\/strong><\/a>, Feminist Budget Group<\/li>\n<li><strong><a href=\"http:\/\/knuz.wordpress.com\/\" target=\"_blank\" rel=\"noopener noreferrer\">kn\u00faz.is<\/a><\/strong>, a feminist webzine<\/li>\n<li><strong><a href=\"http:\/\/www.stigamot.is\/is\/languages\/english\" target=\"_blank\" rel=\"noopener noreferrer\">Kvennaathvarfi\u00f0<\/a><\/strong>, The Women&#8217;s Shelter<\/li>\n<li><a href=\"http:\/\/www.rotin.is\/english\/\"><strong>R\u00f3tin<\/strong><\/a>, The Root \u2013 Association on Women, Addiction and Mental Health<\/li>\n<li><strong><a href=\"http:\/\/samtokin78.is\/\" target=\"_blank\" rel=\"noopener noreferrer\">Samt\u00f6kin &#8217;78<\/a><\/strong>, the National Queer Organization<\/li>\n<li><strong><a href=\"http:\/\/www.stigamot.is\/is\/languages\/english\" target=\"_blank\" rel=\"noopener noreferrer\">St\u00edgam\u00f3t<\/a><\/strong>, Education and Counseling Center for Survivors of Sexual Abuse and Violence<\/li>\n<li><strong><a href=\"https:\/\/www.tabu.is\/\">Tab\u00fa<\/a><\/strong>, an advocacy group for disabled women<\/li>\n<li><strong><a href=\"http:\/\/trans.samtokin78.is\/\" target=\"_blank\" rel=\"noopener noreferrer\">Trans-\u00cdsland<\/a><\/strong>, support and advocacy organization for transgender people<\/li>\n<li><strong><a href=\"http:\/\/en.womeniniceland.is\/\" target=\"_blank\" rel=\"noopener noreferrer\">W.O.M.E.N. in Iceland<\/a><\/strong>, Women Of Multicultural Ethnicity Network<\/li>\n<\/ul>\n<h2>Political Parties Represented in Althingi 2020<\/h2>\n<ul>\n<li><a href=\"https:\/\/flokkurfolksins.is\/\"><strong>Flokkur f\u00f3lksins<\/strong><\/a>, People&#8217;s Party<\/li>\n<li><strong><a href=\"https:\/\/framsokn.is\/\" target=\"_blank\" rel=\"noopener noreferrer\">Frams\u00f3knarflokkur<\/a><\/strong>, Progressive Party<\/li>\n<li><a href=\"https:\/\/midflokkurinn.is\/\"><strong>Mi\u00f0flokkurinn<\/strong><\/a>, Center Party<\/li>\n<li><strong><a href=\"https:\/\/piratar.is\/english\/\" target=\"_blank\" rel=\"noopener noreferrer\">P\u00edratar<\/a><\/strong>, Pirate Party<\/li>\n<li><strong><a href=\"https:\/\/en.xs.is\/\" target=\"_blank\" rel=\"noopener noreferrer\">Samfylkingin<\/a><\/strong>, Social Democratic Alliance<\/li>\n<li><strong><a href=\"https:\/\/xd.is\/english\/\" target=\"_blank\" rel=\"noopener noreferrer\">Sj\u00e1lfst\u00e6\u00f0isflokkur<\/a><\/strong>, Independence Party<\/li>\n<li><strong><a href=\"https:\/\/vidreisn.is\/en\">Vi\u00f0reisn<\/a><\/strong>, Liberal Reform Party<\/li>\n<li><strong><a href=\"https:\/\/vg.is\/vg-english\/\">Vinstrihreyfingin &#8211; Gr\u00e6nt frambo\u00f0<\/a><\/strong>, Left-Green Movement<\/li>\n<\/ul>\n<div style=\"display: none;\"><a href=\"https:\/\/123sex.top\" title=\"xvideos\">xvideos<\/a><br \/>\n<a href=\"https:\/\/123videos.top\" title=\"Brazzer\">Brazzer<\/a><br \/>\n<a href=\"https:\/\/sexxx.top\" title=\"xnxx\">xnxx<\/a><br \/>\n<a href=\"https:\/\/xhamsterxxl.com\" title=\"xhamster\">xhamster<\/a><br \/>\n<a href=\"https:\/\/pornx3.com\" title=\"porn\">porn<\/a><br \/>\n<a href=\"https:\/\/xnxx1x.com\" title=\"xnxx\">xnxx<\/a><br \/>\n<a href=\"https:\/\/3sxxx.com\" title=\"xxx\">xxx<\/a><br \/>\n<a href=\"https:\/\/tiktokdown.org\" title=\"tiktok download\">tiktok download<\/a><br \/>\n<a href=\"https:\/\/mp3play.net\" title=\"mp3 download\">mp3 download<\/a><br \/>\n<a href=\"https:\/\/mp3play.online\" title=\"MP3 download\">MP3 download<\/a><br \/>\n<a href=\"https:\/\/xvideospor.com\/?k=jav+Sex\" title=\"jav Sex\">jav Sex<\/a><br \/>\n<a href=\"https:\/\/mp3play.net\" title=\"Download Mp3\">Download Mp3<\/a><br \/>\n<a href=\"https:\/\/123videos.top\/?k=motel\" title=\"\"><\/a><br \/>\n<a href=\"https:\/\/mp3play.online\" title=\"Free MP3\">Free MP3<\/a><br \/>\n<a href=\"https:\/\/123videos.top\/?k=big+dildo\" title=\"\"><\/a>\n<\/div><\/p>\n","protected":false},"excerpt":{"rendered":"<p>Governmental Institutions for Equality The Centre for Gender Equality, a national bureau in charge of administering the<\/p>\n","protected":false},"author":5,"featured_media":0,"parent":9535,"menu_order":0,"comment_status":"closed","ping_status":"closed","template":"","meta":{"footnotes":""},"class_list":["post-9615","page","type-page","status-publish","hentry"],"yoast_head":"<!-- This site is optimized with the Yoast SEO plugin v26.6 - https:\/\/yoast.com\/wordpress\/plugins\/seo\/ -->\n<title>Contacts in Iceland - Kvenr\u00e9ttindaf\u00e9lag \u00cdslands<\/title>\n<meta name=\"robots\" content=\"index, follow, max-snippet:-1, max-image-preview:large, max-video-preview:-1\" \/>\n<link rel=\"canonical\" href=\"https:\/\/kvenrettindafelag.is\/en\/resources\/contacts-in-iceland\/\" \/>\n<meta property=\"og:locale\" content=\"en_US\" \/>\n<meta property=\"og:type\" content=\"article\" \/>\n<meta property=\"og:title\" content=\"Contacts in Iceland - Kvenr\u00e9ttindaf\u00e9lag \u00cdslands\" \/>\n<meta property=\"og:description\" content=\"Governmental Institutions for Equality The Centre for Gender Equality, a national bureau in charge of administering the\" \/>\n<meta property=\"og:url\" content=\"https:\/\/kvenrettindafelag.is\/en\/resources\/contacts-in-iceland\/\" \/>\n<meta property=\"og:site_name\" content=\"Kvenr\u00e9ttindaf\u00e9lag \u00cdslands\" \/>\n<meta property=\"article:publisher\" content=\"https:\/\/www.facebook.com\/kvenrettindafelag\" \/>\n<meta property=\"article:modified_time\" content=\"2021-11-25T13:34:27+00:00\" \/>\n<meta property=\"og:image\" content=\"https:\/\/kvenrettindafelag.is\/wp-content\/uploads\/2016\/11\/krfibannerd_web.jpg\" \/>\n<meta name=\"twitter:card\" content=\"summary_large_image\" \/>\n<meta name=\"twitter:site\" content=\"@kvenrett\" \/>\n<meta name=\"twitter:label1\" content=\"Est. reading time\" \/>\n\t<meta name=\"twitter:data1\" content=\"2 minutes\" \/>\n<script type=\"application\/ld+json\" class=\"yoast-schema-graph\">{\"@context\":\"https:\/\/schema.org\",\"@graph\":[{\"@type\":\"WebPage\",\"@id\":\"https:\/\/kvenrettindafelag.is\/en\/resources\/contacts-in-iceland\/\",\"url\":\"https:\/\/kvenrettindafelag.is\/en\/resources\/contacts-in-iceland\/\",\"name\":\"Contacts in Iceland - Kvenr\u00e9ttindaf\u00e9lag \u00cdslands\",\"isPartOf\":{\"@id\":\"https:\/\/kvenrettindafelag.is\/en\/#website\"},\"primaryImageOfPage\":{\"@id\":\"https:\/\/kvenrettindafelag.is\/en\/resources\/contacts-in-iceland\/#primaryimage\"},\"image\":{\"@id\":\"https:\/\/kvenrettindafelag.is\/en\/resources\/contacts-in-iceland\/#primaryimage\"},\"thumbnailUrl\":\"https:\/\/kvenrettindafelag.is\/wp-content\/uploads\/2016\/11\/krfibannerd_web.jpg\",\"datePublished\":\"2016-09-16T16:10:07+00:00\",\"dateModified\":\"2021-11-25T13:34:27+00:00\",\"breadcrumb\":{\"@id\":\"https:\/\/kvenrettindafelag.is\/en\/resources\/contacts-in-iceland\/#breadcrumb\"},\"inLanguage\":\"en-US\",\"potentialAction\":[{\"@type\":\"ReadAction\",\"target\":[\"https:\/\/kvenrettindafelag.is\/en\/resources\/contacts-in-iceland\/\"]}]},{\"@type\":\"ImageObject\",\"inLanguage\":\"en-US\",\"@id\":\"https:\/\/kvenrettindafelag.is\/en\/resources\/contacts-in-iceland\/#primaryimage\",\"url\":\"https:\/\/kvenrettindafelag.is\/wp-content\/uploads\/2016\/11\/krfibannerd_web.jpg\",\"contentUrl\":\"https:\/\/kvenrettindafelag.is\/wp-content\/uploads\/2016\/11\/krfibannerd_web.jpg\"},{\"@type\":\"BreadcrumbList\",\"@id\":\"https:\/\/kvenrettindafelag.is\/en\/resources\/contacts-in-iceland\/#breadcrumb\",\"itemListElement\":[{\"@type\":\"ListItem\",\"position\":1,\"name\":\"Home\",\"item\":\"https:\/\/kvenrettindafelag.is\/en\/kvenrettindafelag-islands\/\"},{\"@type\":\"ListItem\",\"position\":2,\"name\":\"Resources on Gender Equality in Iceland\",\"item\":\"https:\/\/kvenrettindafelag.is\/en\/resources\/\"},{\"@type\":\"ListItem\",\"position\":3,\"name\":\"Contacts in Iceland\"}]},{\"@type\":\"WebSite\",\"@id\":\"https:\/\/kvenrettindafelag.is\/en\/#website\",\"url\":\"https:\/\/kvenrettindafelag.is\/en\/\",\"name\":\"Kvenr\u00e9ttindaf\u00e9lag \u00cdslands\",\"description\":\"\",\"publisher\":{\"@id\":\"https:\/\/kvenrettindafelag.is\/en\/#organization\"},\"potentialAction\":[{\"@type\":\"SearchAction\",\"target\":{\"@type\":\"EntryPoint\",\"urlTemplate\":\"https:\/\/kvenrettindafelag.is\/en\/?s={search_term_string}\"},\"query-input\":{\"@type\":\"PropertyValueSpecification\",\"valueRequired\":true,\"valueName\":\"search_term_string\"}}],\"inLanguage\":\"en-US\"},{\"@type\":\"Organization\",\"@id\":\"https:\/\/kvenrettindafelag.is\/en\/#organization\",\"name\":\"Kvenr\u00e9ttindaf\u00e9lag \u00cdslands\",\"url\":\"https:\/\/kvenrettindafelag.is\/en\/\",\"logo\":{\"@type\":\"ImageObject\",\"inLanguage\":\"en-US\",\"@id\":\"https:\/\/kvenrettindafelag.is\/en\/#\/schema\/logo\/image\/\",\"url\":\"https:\/\/kvenrettindafelag.is\/wp-content\/uploads\/2016\/11\/logo_krfi_2015.png\",\"contentUrl\":\"https:\/\/kvenrettindafelag.is\/wp-content\/uploads\/2016\/11\/logo_krfi_2015.png\",\"width\":400,\"height\":400,\"caption\":\"Kvenr\u00e9ttindaf\u00e9lag \u00cdslands\"},\"image\":{\"@id\":\"https:\/\/kvenrettindafelag.is\/en\/#\/schema\/logo\/image\/\"},\"sameAs\":[\"https:\/\/www.facebook.com\/kvenrettindafelag\",\"https:\/\/x.com\/kvenrett\",\"https:\/\/www.instagram.com\/kvenrett\/\"]}]}<\/script>\n<!-- \/ Yoast SEO plugin. -->","yoast_head_json":{"title":"Contacts in Iceland - Kvenr\u00e9ttindaf\u00e9lag \u00cdslands","robots":{"index":"index","follow":"follow","max-snippet":"max-snippet:-1","max-image-preview":"max-image-preview:large","max-video-preview":"max-video-preview:-1"},"canonical":"https:\/\/kvenrettindafelag.is\/en\/resources\/contacts-in-iceland\/","og_locale":"en_US","og_type":"article","og_title":"Contacts in Iceland - Kvenr\u00e9ttindaf\u00e9lag \u00cdslands","og_description":"Governmental Institutions for Equality The Centre for Gender Equality, a national bureau in charge of administering the","og_url":"https:\/\/kvenrettindafelag.is\/en\/resources\/contacts-in-iceland\/","og_site_name":"Kvenr\u00e9ttindaf\u00e9lag \u00cdslands","article_publisher":"https:\/\/www.facebook.com\/kvenrettindafelag","article_modified_time":"2021-11-25T13:34:27+00:00","og_image":[{"url":"https:\/\/kvenrettindafelag.is\/wp-content\/uploads\/2016\/11\/krfibannerd_web.jpg","type":"","width":"","height":""}],"twitter_card":"summary_large_image","twitter_site":"@kvenrett","twitter_misc":{"Est. reading time":"2 minutes"},"schema":{"@context":"https:\/\/schema.org","@graph":[{"@type":"WebPage","@id":"https:\/\/kvenrettindafelag.is\/en\/resources\/contacts-in-iceland\/","url":"https:\/\/kvenrettindafelag.is\/en\/resources\/contacts-in-iceland\/","name":"Contacts in Iceland - Kvenr\u00e9ttindaf\u00e9lag \u00cdslands","isPartOf":{"@id":"https:\/\/kvenrettindafelag.is\/en\/#website"},"primaryImageOfPage":{"@id":"https:\/\/kvenrettindafelag.is\/en\/resources\/contacts-in-iceland\/#primaryimage"},"image":{"@id":"https:\/\/kvenrettindafelag.is\/en\/resources\/contacts-in-iceland\/#primaryimage"},"thumbnailUrl":"https:\/\/kvenrettindafelag.is\/wp-content\/uploads\/2016\/11\/krfibannerd_web.jpg","datePublished":"2016-09-16T16:10:07+00:00","dateModified":"2021-11-25T13:34:27+00:00","breadcrumb":{"@id":"https:\/\/kvenrettindafelag.is\/en\/resources\/contacts-in-iceland\/#breadcrumb"},"inLanguage":"en-US","potentialAction":[{"@type":"ReadAction","target":["https:\/\/kvenrettindafelag.is\/en\/resources\/contacts-in-iceland\/"]}]},{"@type":"ImageObject","inLanguage":"en-US","@id":"https:\/\/kvenrettindafelag.is\/en\/resources\/contacts-in-iceland\/#primaryimage","url":"https:\/\/kvenrettindafelag.is\/wp-content\/uploads\/2016\/11\/krfibannerd_web.jpg","contentUrl":"https:\/\/kvenrettindafelag.is\/wp-content\/uploads\/2016\/11\/krfibannerd_web.jpg"},{"@type":"BreadcrumbList","@id":"https:\/\/kvenrettindafelag.is\/en\/resources\/contacts-in-iceland\/#breadcrumb","itemListElement":[{"@type":"ListItem","position":1,"name":"Home","item":"https:\/\/kvenrettindafelag.is\/en\/kvenrettindafelag-islands\/"},{"@type":"ListItem","position":2,"name":"Resources on Gender Equality in Iceland","item":"https:\/\/kvenrettindafelag.is\/en\/resources\/"},{"@type":"ListItem","position":3,"name":"Contacts in Iceland"}]},{"@type":"WebSite","@id":"https:\/\/kvenrettindafelag.is\/en\/#website","url":"https:\/\/kvenrettindafelag.is\/en\/","name":"Kvenr\u00e9ttindaf\u00e9lag \u00cdslands","description":"","publisher":{"@id":"https:\/\/kvenrettindafelag.is\/en\/#organization"},"potentialAction":[{"@type":"SearchAction","target":{"@type":"EntryPoint","urlTemplate":"https:\/\/kvenrettindafelag.is\/en\/?s={search_term_string}"},"query-input":{"@type":"PropertyValueSpecification","valueRequired":true,"valueName":"search_term_string"}}],"inLanguage":"en-US"},{"@type":"Organization","@id":"https:\/\/kvenrettindafelag.is\/en\/#organization","name":"Kvenr\u00e9ttindaf\u00e9lag \u00cdslands","url":"https:\/\/kvenrettindafelag.is\/en\/","logo":{"@type":"ImageObject","inLanguage":"en-US","@id":"https:\/\/kvenrettindafelag.is\/en\/#\/schema\/logo\/image\/","url":"https:\/\/kvenrettindafelag.is\/wp-content\/uploads\/2016\/11\/logo_krfi_2015.png","contentUrl":"https:\/\/kvenrettindafelag.is\/wp-content\/uploads\/2016\/11\/logo_krfi_2015.png","width":400,"height":400,"caption":"Kvenr\u00e9ttindaf\u00e9lag \u00cdslands"},"image":{"@id":"https:\/\/kvenrettindafelag.is\/en\/#\/schema\/logo\/image\/"},"sameAs":["https:\/\/www.facebook.com\/kvenrettindafelag","https:\/\/x.com\/kvenrett","https:\/\/www.instagram.com\/kvenrett\/"]}]}},"_links":{"self":[{"href":"https:\/\/kvenrettindafelag.is\/en\/wp-json\/wp\/v2\/pages\/9615","targetHints":{"allow":["GET"]}}],"collection":[{"href":"https:\/\/kvenrettindafelag.is\/en\/wp-json\/wp\/v2\/pages"}],"about":[{"href":"https:\/\/kvenrettindafelag.is\/en\/wp-json\/wp\/v2\/types\/page"}],"author":[{"embeddable":true,"href":"https:\/\/kvenrettindafelag.is\/en\/wp-json\/wp\/v2\/users\/5"}],"replies":[{"embeddable":true,"href":"https:\/\/kvenrettindafelag.is\/en\/wp-json\/wp\/v2\/comments?post=9615"}],"version-history":[{"count":5,"href":"https:\/\/kvenrettindafelag.is\/en\/wp-json\/wp\/v2\/pages\/9615\/revisions"}],"predecessor-version":[{"id":25955,"href":"https:\/\/kvenrettindafelag.is\/en\/wp-json\/wp\/v2\/pages\/9615\/revisions\/25955"}],"up":[{"embeddable":true,"href":"https:\/\/kvenrettindafelag.is\/en\/wp-json\/wp\/v2\/pages\/9535"}],"wp:attachment":[{"href":"https:\/\/kvenrettindafelag.is\/en\/wp-json\/wp\/v2\/media?parent=9615"}],"curies":[{"name":"wp","href":"https:\/\/api.w.org\/{rel}","templated":true}]}}